{"id":605,"date":"2022-05-17T14:20:30","date_gmt":"2022-05-17T11:20:30","guid":{"rendered":"http:\/\/bilsonhealthservices.co.uk\/?page_id=605"},"modified":"2023-12-05T11:03:31","modified_gmt":"2023-12-05T08:03:31","slug":"meme-estetigi","status":"publish","type":"page","link":"https:\/\/bilsonhealth.co.uk\/tr\/estetik-uygulamalari\/vucut-estetigi\/meme-estetigi\/","title":{"rendered":"Meme Esteti\u011fi"},"content":{"rendered":"\t\t<div data-elementor-type=\"wp-page\" data-elementor-id=\"605\" class=\"elementor elementor-605\" data-elementor-post-type=\"page\">\n\t\t\t\t\t\t<section class=\"elementor-section elementor-top-section elementor-element elementor-element-a1bb66b elementor-section-boxed elementor-section-height-default elementor-section-height-default\" data-id=\"a1bb66b\" data-element_type=\"section\" data-settings=\"{&quot;background_background&quot;:&quot;classic&quot;}\">\n\t\t\t\t\t\t\t<div class=\"elementor-background-overlay\"><\/div>\n\t\t\t\t\t\t\t<div class=\"elementor-container elementor-column-gap-default\">\n\t\t\t\t\t<div class=\"elementor-column elementor-col-100 elementor-top-column elementor-element elementor-element-524f482\" data-id=\"524f482\" data-element_type=\"column\" data-settings=\"{&quot;background_background&quot;:&quot;classic&quot;}\">\n\t\t\t<div class=\"elementor-widget-wrap elementor-element-populated\">\n\t\t\t\t\t\t<div class=\"elementor-element elementor-element-6f11013 elementor-widget elementor-widget-text-editor\" data-id=\"6f11013\" data-element_type=\"widget\" data-widget_type=\"text-editor.default\">\n\t\t\t\t<div class=\"elementor-widget-container\">\n\t\t\t\t\t\t\t\t\t<h3>Meme Esteti\u011fi<\/h3>\t\t\t\t\t\t\t\t<\/div>\n\t\t\t\t<\/div>\n\t\t\t\t\t<\/div>\n\t\t<\/div>\n\t\t\t\t\t<\/div>\n\t\t<\/section>\n\t\t\t\t<section class=\"elementor-section elementor-top-section elementor-element elementor-element-1c6a746a elementor-section-boxed elementor-section-height-default elementor-section-height-default\" data-id=\"1c6a746a\" data-element_type=\"section\">\n\t\t\t\t\t\t\t<div class=\"elementor-background-overlay\"><\/div>\n\t\t\t\t\t\t\t<div class=\"elementor-container elementor-column-gap-default\">\n\t\t\t\t\t<div class=\"elementor-column elementor-col-100 elementor-top-column elementor-element elementor-element-416f94d0\" data-id=\"416f94d0\" data-element_type=\"column\">\n\t\t\t<div class=\"elementor-widget-wrap elementor-element-populated\">\n\t\t\t\t\t\t<section class=\"elementor-section elementor-inner-section elementor-element elementor-element-72498fdb elementor-section-boxed elementor-section-height-default elementor-section-height-default\" data-id=\"72498fdb\" data-element_type=\"section\">\n\t\t\t\t\t\t<div class=\"elementor-container elementor-column-gap-default\">\n\t\t\t\t\t<div class=\"elementor-column elementor-col-100 elementor-inner-column elementor-element elementor-element-4e0a1f3b animated-slow elementor-invisible\" data-id=\"4e0a1f3b\" data-element_type=\"column\" data-settings=\"{&quot;animation&quot;:&quot;fadeIn&quot;,&quot;animation_delay&quot;:200}\">\n\t\t\t<div class=\"elementor-widget-wrap elementor-element-populated\">\n\t\t\t\t\t\t<div class=\"elementor-element elementor-element-5fd0e21f elementor-widget elementor-widget-text-editor\" data-id=\"5fd0e21f\" data-element_type=\"widget\" data-widget_type=\"text-editor.default\">\n\t\t\t\t<div class=\"elementor-widget-container\">\n\t\t\t\t\t\t\t\t\t<p>Meme esteti\u011fi, meme, meme ba\u015f\u0131 \u00fczerinde yap\u0131lan bir meme ameliyat\u0131 \u015feklidir. Meme hastal\u0131\u011f\u0131 nedeniyle de yap\u0131l\u0131r. \u0130ki yayg\u0131n t\u00fcr\u00fc- meme b\u00fcy\u00fctme ve meme k\u00fc\u00e7\u00fcltme t\u00fcrleri bulunur. K\u00fc\u00e7\u00fcltme durumunda deri ve alt\u0131nda bulunan bez dokusu \u00e7\u0131kar\u0131l\u0131r, kalan dokular normal pozisyonda sabitlenir.<\/p><p><strong>\u00a0<\/strong><strong>Meme B\u00fcy\u00fctme <\/strong><\/p><p>Meme b\u00fcy\u00fctme operasyonlar\u0131n\u0131 genellikle k\u00fc\u00e7\u00fck g\u00f6\u011f\u00fcsl\u00fc kad\u0131nlar tercih etmektedir. G\u00f6\u011f\u00fcslere enjekte edilen ila\u00e7lar ile g\u00f6\u011f\u00fcsteki hacmi art\u0131r\u0131r, g\u00f6\u011f\u00fcsler aras\u0131nda asimetri sorunu varsa onu d\u00fczeltir.<\/p><p><strong>Meme B\u00fcy\u00fctme \u0130\u015flemini Kimler Yapt\u0131rabilir? <\/strong><\/p><ul><li>K\u00fc\u00e7\u00fck g\u00f6\u011f\u00fcsl\u00fc ve g\u00f6\u011f\u00fcslerin b\u00fcy\u00fckl\u00fc\u011f\u00fcnden memnun olmayanlar.<\/li><li>G\u00f6\u011f\u00fcslerinde simetri bozuklu\u011fu olanlar.<\/li><li>Farkl\u0131 hastal\u0131klar sonucu g\u00f6\u011fs\u00fcn\u00fc kaybetmi\u015f olanlar<\/li><li>Dolgun g\u00f6\u011f\u00fcsler ile \u00f6zg\u00fcvenini art\u0131rmak isteyenler<\/li><\/ul><p><strong>Meme K\u00fc\u00e7\u00fcltme <\/strong><\/p><p>Meme k\u00fc\u00e7\u00fcltme ameliyatlar\u0131 genelde b\u00fcy\u00fck g\u00f6\u011f\u00fcsl\u00fc kad\u0131nlar\u0131n tercih etti\u011fi bir y\u00f6ntemdir. Omurgay\u0131 ve duru\u015fu da negatif y\u00f6nde etkileyen b\u00fcy\u00fck g\u00f6\u011f\u00fcslere yap\u0131lan cerrahi i\u015flemlerle k\u00fc\u00e7\u00fcltmek olduk\u00e7a kolayd\u0131r.<\/p><p><strong>Meme K\u00fc\u00e7\u00fcltme Ameliyat\u0131 Kimlere Uygulan\u0131r? <\/strong><\/p><ul><li>G\u00f6\u011f\u00fcslerinin b\u00fcy\u00fckl\u00fc\u011f\u00fcnden \u015fik\u00e2yet\u00e7i olanlar.<\/li><li>B\u00fcy\u00fck g\u00f6\u011f\u00fcslerinden dolay\u0131 duru\u015f bozuklu\u011funa sahip olanlar.<\/li><li>\u0130ri g\u00f6\u011f\u00fcslerinin sark\u0131kl\u0131\u011f\u0131ndan \u015fikayet\u00e7i olanlar.<\/li><li>G\u00f6\u011f\u00fcslerinin b\u00fcy\u00fckl\u00fc\u011f\u00fcnden dolay\u0131 k\u0131yafet bulmakta zorlananlar.<\/li><li>B\u00fcy\u00fck g\u00f6\u011f\u00fcslerinden dolay\u0131 \u00f6zg\u00fcven kayb\u0131 ya\u015fayanlar.<\/li><\/ul><p><strong>Meme Dikle\u015ftirme <\/strong><\/p><p>Sark\u0131k g\u00f6\u011f\u00fcslerinden memnun olmayan her kad\u0131n\u0131n uygulatt\u0131\u011f\u0131 bir operasyon t\u00fcr\u00fcd\u00fcr. Zaman i\u00e7inde yer \u00e7ekiminin etkisiyle veya emzirme sonras\u0131 deformasyon \u00e7o\u011fu kad\u0131n\u0131 meme dikle\u015ftirme operasyonuna g\u00f6t\u00fcrmektedir. Bilson Health Services arac\u0131l\u0131\u011f\u0131 ile T\u00fcrkiye\u2019nin en kaliteli sa\u011fl\u0131k kurulu\u015flar\u0131ndan istedi\u011finiz uzman doktorlara meme dikle\u015ftirme operasyonu yapt\u0131rabilirsiniz.<\/p><p><strong>Meme Dikle\u015ftirme Operasyonunu Kimler Yapt\u0131rabilir?<\/strong><\/p><ul><li>Emzirmeden sonra g\u00f6\u011f\u00fcslerinde deformasyon ya\u015fayanlar.<\/li><li>S\u0131k kilo al\u0131p vermeye ba\u011fl\u0131 g\u00f6\u011f\u00fcsleri sarkan ki\u015filer.<\/li><li>Ya\u015fa ba\u011fl\u0131 olarak g\u00f6\u011f\u00fcsleri sarkanlar.<\/li><li>Sark\u0131k g\u00f6\u011f\u00fcslerinden dolay\u0131 \u00f6zg\u00fcven problemi ya\u015fayanlar.<\/li><\/ul>\t\t\t\t\t\t\t\t<\/div>\n\t\t\t\t<\/div>\n\t\t\t\t\t<\/div>\n\t\t<\/div>\n\t\t\t\t\t<\/div>\n\t\t<\/section>\n\t\t\t\t\t<\/div>\n\t\t<\/div>\n\t\t\t\t\t<\/div>\n\t\t<\/section>\n\t\t\t\t<section class=\"elementor-section elementor-top-section elementor-element elementor-element-26c82b22 elementor-section-full_width elementor-section-height-default elementor-section-height-default\" data-id=\"26c82b22\" data-element_type=\"section\">\n\t\t\t\t\t\t<div class=\"elementor-container elementor-column-gap-no\">\n\t\t\t\t\t<div class=\"elementor-column elementor-col-100 elementor-top-column elementor-element elementor-element-15dec321\" data-id=\"15dec321\" data-element_type=\"column\">\n\t\t\t<div class=\"elementor-widget-wrap\">\n\t\t\t\t\t\t\t<\/div>\n\t\t<\/div>\n\t\t\t\t\t<\/div>\n\t\t<\/section>\n\t\t\t\t<\/div>\n\t\t","protected":false},"excerpt":{"rendered":"<p>Meme Esteti\u011fi Meme esteti\u011fi, meme, meme ba\u015f\u0131 \u00fczerinde yap\u0131lan bir meme ameliyat\u0131 \u015feklidir. Meme hastal\u0131\u011f\u0131 nedeniyle de yap\u0131l\u0131r. \u0130ki yayg\u0131n t\u00fcr\u00fc- meme b\u00fcy\u00fctme ve meme k\u00fc\u00e7\u00fcltme t\u00fcrleri bulunur. K\u00fc\u00e7\u00fcltme durumunda deri ve alt\u0131nda bulunan bez dokusu \u00e7\u0131kar\u0131l\u0131r, kalan dokular normal pozisyonda sabitlenir. \u00a0Meme B\u00fcy\u00fctme Meme b\u00fcy\u00fctme operasyonlar\u0131n\u0131 genellikle k\u00fc\u00e7\u00fck g\u00f6\u011f\u00fcsl\u00fc kad\u0131nlar tercih etmektedir. G\u00f6\u011f\u00fcslere enjekte [&hellip;]<\/p>\n","protected":false},"author":1,"featured_media":0,"parent":272,"menu_order":0,"comment_status":"closed","ping_status":"closed","template":"elementor_header_footer","meta":{"footnotes":""},"class_list":["post-605","page","type-page","status-publish","hentry"],"_links":{"self":[{"href":"https:\/\/bilsonhealth.co.uk\/tr\/wp-json\/wp\/v2\/pages\/605","targetHints":{"allow":["GET"]}}],"collection":[{"href":"https:\/\/bilsonhealth.co.uk\/tr\/wp-json\/wp\/v2\/pages"}],"about":[{"href":"https:\/\/bilsonhealth.co.uk\/tr\/wp-json\/wp\/v2\/types\/page"}],"author":[{"embeddable":true,"href":"https:\/\/bilsonhealth.co.uk\/tr\/wp-json\/wp\/v2\/users\/1"}],"replies":[{"embeddable":true,"href":"https:\/\/bilsonhealth.co.uk\/tr\/wp-json\/wp\/v2\/comments?post=605"}],"version-history":[{"count":25,"href":"https:\/\/bilsonhealth.co.uk\/tr\/wp-json\/wp\/v2\/pages\/605\/revisions"}],"predecessor-version":[{"id":2488,"href":"https:\/\/bilsonhealth.co.uk\/tr\/wp-json\/wp\/v2\/pages\/605\/revisions\/2488"}],"up":[{"embeddable":true,"href":"https:\/\/bilsonhealth.co.uk\/tr\/wp-json\/wp\/v2\/pages\/272"}],"wp:attachment":[{"href":"https:\/\/bilsonhealth.co.uk\/tr\/wp-json\/wp\/v2\/media?parent=605"}],"curies":[{"name":"wp","href":"https:\/\/api.w.org\/{rel}","templated":true}]}}