{"id":592,"date":"2022-05-17T14:19:16","date_gmt":"2022-05-17T11:19:16","guid":{"rendered":"http:\/\/bilsonhealthservices.co.uk\/?page_id=592"},"modified":"2023-12-05T11:02:41","modified_gmt":"2023-12-05T08:02:41","slug":"el-estetigi","status":"publish","type":"page","link":"https:\/\/bilsonhealth.co.uk\/tr\/estetik-uygulamalari\/vucut-estetigi\/el-estetigi\/","title":{"rendered":"El Esteti\u011fi"},"content":{"rendered":"\t\t<div data-elementor-type=\"wp-page\" data-elementor-id=\"592\" class=\"elementor elementor-592\" data-elementor-post-type=\"page\">\n\t\t\t\t\t\t<section class=\"elementor-section elementor-top-section elementor-element elementor-element-3fb1890 elementor-section-boxed elementor-section-height-default elementor-section-height-default\" data-id=\"3fb1890\" data-element_type=\"section\" data-settings=\"{&quot;background_background&quot;:&quot;classic&quot;}\">\n\t\t\t\t\t\t\t<div class=\"elementor-background-overlay\"><\/div>\n\t\t\t\t\t\t\t<div class=\"elementor-container elementor-column-gap-default\">\n\t\t\t\t\t<div class=\"elementor-column elementor-col-100 elementor-top-column elementor-element elementor-element-f9c4572\" data-id=\"f9c4572\" data-element_type=\"column\" data-settings=\"{&quot;background_background&quot;:&quot;classic&quot;}\">\n\t\t\t<div class=\"elementor-widget-wrap elementor-element-populated\">\n\t\t\t\t\t\t<div class=\"elementor-element elementor-element-bbe926f elementor-widget elementor-widget-text-editor\" data-id=\"bbe926f\" data-element_type=\"widget\" data-widget_type=\"text-editor.default\">\n\t\t\t\t<div class=\"elementor-widget-container\">\n\t\t\t\t\t\t\t\t\t<h3>El Esteti\u011fi<\/h3>\t\t\t\t\t\t\t\t<\/div>\n\t\t\t\t<\/div>\n\t\t\t\t\t<\/div>\n\t\t<\/div>\n\t\t\t\t\t<\/div>\n\t\t<\/section>\n\t\t\t\t<section class=\"elementor-section elementor-top-section elementor-element elementor-element-557a657a elementor-section-boxed elementor-section-height-default elementor-section-height-default\" data-id=\"557a657a\" data-element_type=\"section\">\n\t\t\t\t\t\t\t<div class=\"elementor-background-overlay\"><\/div>\n\t\t\t\t\t\t\t<div class=\"elementor-container elementor-column-gap-default\">\n\t\t\t\t\t<div class=\"elementor-column elementor-col-100 elementor-top-column elementor-element elementor-element-30c382b1\" data-id=\"30c382b1\" data-element_type=\"column\">\n\t\t\t<div class=\"elementor-widget-wrap elementor-element-populated\">\n\t\t\t\t\t\t<section class=\"elementor-section elementor-inner-section elementor-element elementor-element-6c9e9e1d elementor-section-boxed elementor-section-height-default elementor-section-height-default\" data-id=\"6c9e9e1d\" data-element_type=\"section\">\n\t\t\t\t\t\t<div class=\"elementor-container elementor-column-gap-default\">\n\t\t\t\t\t<div class=\"elementor-column elementor-col-100 elementor-inner-column elementor-element elementor-element-1bde658 animated-slow elementor-invisible\" data-id=\"1bde658\" data-element_type=\"column\" data-settings=\"{&quot;animation&quot;:&quot;fadeIn&quot;,&quot;animation_delay&quot;:200}\">\n\t\t\t<div class=\"elementor-widget-wrap elementor-element-populated\">\n\t\t\t\t\t\t<div class=\"elementor-element elementor-element-2ed23390 elementor-widget elementor-widget-text-editor\" data-id=\"2ed23390\" data-element_type=\"widget\" data-widget_type=\"text-editor.default\">\n\t\t\t\t<div class=\"elementor-widget-container\">\n\t\t\t\t\t\t\t\t\t<p>Ellerimiz v\u00fccudumuzda en fazla y\u0131pranan ve ya\u015fl\u0131l\u0131\u011f\u0131 en \u00e7ok belli eden uzvumuzdur. Kimyasallar, beslenme \u015feklimiz, fazla kilolar veya g\u00fcne\u015fin zararl\u0131 \u0131\u015f\u0131nlar\u0131 elimizde ciddi hasarlar a\u00e7abilmektedir. Bu ve bunun gibi s\u0131k\u0131nt\u0131lar\u0131 olan hastalar\u0131m\u0131z i\u00e7in el esteti\u011fini Bilson Health Services fark\u0131yla uygun fiyatlarla alan\u0131n\u0131n en \u00fcnl\u00fc estetik cerrahlar\u0131na yapt\u0131r\u0131yoruz.\u00a0<\/p><p><strong>\u00a0<\/strong><strong>El Esteti\u011finin Avantajlar\u0131 <\/strong><\/p><ul><li>Kal\u0131c\u0131 uygulama olarak bilinmektedir.<\/li><li>Ellerinde ya\u015flanma olanlar i\u00e7in vazge\u00e7ilmez bir tercihtir.<\/li><li>K\u0131sa bir operasyon ile yap\u0131l\u0131r, yakla\u015f\u0131k yar\u0131m saat.<\/li><li>Parmak ucundan el bile\u011fine kadar t\u00fcm el s\u0131rt\u0131na uygulanabilir.<\/li><li>Operasyondan sonra eller hemen kullan\u0131labilir.<\/li><li>Ac\u0131s\u0131zd\u0131r.<\/li><li>Tek uygulamayla bile olduk\u00e7a ba\u015far\u0131l\u0131 sonu\u00e7lar elde edilir.<\/li><li>Ele nem vererek dokular\u0131n kalitesini art\u0131r\u0131r.<\/li><\/ul>\t\t\t\t\t\t\t\t<\/div>\n\t\t\t\t<\/div>\n\t\t\t\t\t<\/div>\n\t\t<\/div>\n\t\t\t\t\t<\/div>\n\t\t<\/section>\n\t\t\t\t\t<\/div>\n\t\t<\/div>\n\t\t\t\t\t<\/div>\n\t\t<\/section>\n\t\t\t\t<section class=\"elementor-section elementor-top-section elementor-element elementor-element-54939501 elementor-section-full_width elementor-section-height-default elementor-section-height-default\" data-id=\"54939501\" data-element_type=\"section\">\n\t\t\t\t\t\t<div class=\"elementor-container elementor-column-gap-no\">\n\t\t\t\t\t<div class=\"elementor-column elementor-col-100 elementor-top-column elementor-element elementor-element-3509c40f\" data-id=\"3509c40f\" data-element_type=\"column\">\n\t\t\t<div class=\"elementor-widget-wrap\">\n\t\t\t\t\t\t\t<\/div>\n\t\t<\/div>\n\t\t\t\t\t<\/div>\n\t\t<\/section>\n\t\t\t\t<\/div>\n\t\t","protected":false},"excerpt":{"rendered":"<p>El Esteti\u011fi Ellerimiz v\u00fccudumuzda en fazla y\u0131pranan ve ya\u015fl\u0131l\u0131\u011f\u0131 en \u00e7ok belli eden uzvumuzdur. Kimyasallar, beslenme \u015feklimiz, fazla kilolar veya g\u00fcne\u015fin zararl\u0131 \u0131\u015f\u0131nlar\u0131 elimizde ciddi hasarlar a\u00e7abilmektedir. Bu ve bunun gibi s\u0131k\u0131nt\u0131lar\u0131 olan hastalar\u0131m\u0131z i\u00e7in el esteti\u011fini Bilson Health Services fark\u0131yla uygun fiyatlarla alan\u0131n\u0131n en \u00fcnl\u00fc estetik cerrahlar\u0131na yapt\u0131r\u0131yoruz.\u00a0 \u00a0El Esteti\u011finin Avantajlar\u0131 Kal\u0131c\u0131 uygulama olarak [&hellip;]<\/p>\n","protected":false},"author":1,"featured_media":0,"parent":272,"menu_order":0,"comment_status":"closed","ping_status":"closed","template":"elementor_header_footer","meta":{"footnotes":""},"class_list":["post-592","page","type-page","status-publish","hentry"],"_links":{"self":[{"href":"https:\/\/bilsonhealth.co.uk\/tr\/wp-json\/wp\/v2\/pages\/592","targetHints":{"allow":["GET"]}}],"collection":[{"href":"https:\/\/bilsonhealth.co.uk\/tr\/wp-json\/wp\/v2\/pages"}],"about":[{"href":"https:\/\/bilsonhealth.co.uk\/tr\/wp-json\/wp\/v2\/types\/page"}],"author":[{"embeddable":true,"href":"https:\/\/bilsonhealth.co.uk\/tr\/wp-json\/wp\/v2\/users\/1"}],"replies":[{"embeddable":true,"href":"https:\/\/bilsonhealth.co.uk\/tr\/wp-json\/wp\/v2\/comments?post=592"}],"version-history":[{"count":28,"href":"https:\/\/bilsonhealth.co.uk\/tr\/wp-json\/wp\/v2\/pages\/592\/revisions"}],"predecessor-version":[{"id":2482,"href":"https:\/\/bilsonhealth.co.uk\/tr\/wp-json\/wp\/v2\/pages\/592\/revisions\/2482"}],"up":[{"embeddable":true,"href":"https:\/\/bilsonhealth.co.uk\/tr\/wp-json\/wp\/v2\/pages\/272"}],"wp:attachment":[{"href":"https:\/\/bilsonhealth.co.uk\/tr\/wp-json\/wp\/v2\/media?parent=592"}],"curies":[{"name":"wp","href":"https:\/\/api.w.org\/{rel}","templated":true}]}}