{"id":586,"date":"2022-05-17T14:18:08","date_gmt":"2022-05-17T11:18:08","guid":{"rendered":"http:\/\/bilsonhealthservices.co.uk\/?page_id=586"},"modified":"2023-12-05T11:03:11","modified_gmt":"2023-12-05T08:03:11","slug":"liposuction","status":"publish","type":"page","link":"https:\/\/bilsonhealth.co.uk\/tr\/estetik-uygulamalari\/vucut-estetigi\/liposuction\/","title":{"rendered":"Liposuction"},"content":{"rendered":"\t\t<div data-elementor-type=\"wp-page\" data-elementor-id=\"586\" class=\"elementor elementor-586\" data-elementor-post-type=\"page\">\n\t\t\t\t\t\t<section class=\"elementor-section elementor-top-section elementor-element elementor-element-bfd8663 elementor-section-boxed elementor-section-height-default elementor-section-height-default\" data-id=\"bfd8663\" data-element_type=\"section\" data-settings=\"{&quot;background_background&quot;:&quot;classic&quot;}\">\n\t\t\t\t\t\t\t<div class=\"elementor-background-overlay\"><\/div>\n\t\t\t\t\t\t\t<div class=\"elementor-container elementor-column-gap-default\">\n\t\t\t\t\t<div class=\"elementor-column elementor-col-100 elementor-top-column elementor-element elementor-element-e8c1ff3\" data-id=\"e8c1ff3\" data-element_type=\"column\" data-settings=\"{&quot;background_background&quot;:&quot;classic&quot;}\">\n\t\t\t<div class=\"elementor-widget-wrap elementor-element-populated\">\n\t\t\t\t\t\t<div class=\"elementor-element elementor-element-d5b6d30 elementor-widget elementor-widget-text-editor\" data-id=\"d5b6d30\" data-element_type=\"widget\" data-widget_type=\"text-editor.default\">\n\t\t\t\t<div class=\"elementor-widget-container\">\n\t\t\t\t\t\t\t\t\t<h3>Liposuction<\/h3>\t\t\t\t\t\t\t\t<\/div>\n\t\t\t\t<\/div>\n\t\t\t\t\t<\/div>\n\t\t<\/div>\n\t\t\t\t\t<\/div>\n\t\t<\/section>\n\t\t\t\t<section class=\"elementor-section elementor-top-section elementor-element elementor-element-779f4864 elementor-section-boxed elementor-section-height-default elementor-section-height-default\" data-id=\"779f4864\" data-element_type=\"section\">\n\t\t\t\t\t\t\t<div class=\"elementor-background-overlay\"><\/div>\n\t\t\t\t\t\t\t<div class=\"elementor-container elementor-column-gap-default\">\n\t\t\t\t\t<div class=\"elementor-column elementor-col-100 elementor-top-column elementor-element elementor-element-47a90118\" data-id=\"47a90118\" data-element_type=\"column\">\n\t\t\t<div class=\"elementor-widget-wrap elementor-element-populated\">\n\t\t\t\t\t\t<section class=\"elementor-section elementor-inner-section elementor-element elementor-element-30e8b0a3 elementor-section-boxed elementor-section-height-default elementor-section-height-default\" data-id=\"30e8b0a3\" data-element_type=\"section\">\n\t\t\t\t\t\t<div class=\"elementor-container elementor-column-gap-default\">\n\t\t\t\t\t<div class=\"elementor-column elementor-col-100 elementor-inner-column elementor-element elementor-element-1e31615e animated-slow elementor-invisible\" data-id=\"1e31615e\" data-element_type=\"column\" data-settings=\"{&quot;animation&quot;:&quot;fadeIn&quot;,&quot;animation_delay&quot;:200}\">\n\t\t\t<div class=\"elementor-widget-wrap elementor-element-populated\">\n\t\t\t\t\t\t<div class=\"elementor-element elementor-element-51cf034e elementor-widget elementor-widget-text-editor\" data-id=\"51cf034e\" data-element_type=\"widget\" data-widget_type=\"text-editor.default\">\n\t\t\t\t<div class=\"elementor-widget-container\">\n\t\t\t\t\t\t\t\t\t<p>Estetik bir g\u00f6r\u00fcn\u00fcm, proporsiyonun dengeli olmas\u0131, orant\u0131l\u0131 ya\u011f da\u011f\u0131l\u0131m\u0131, sa\u011fl\u0131kl\u0131 ve \u00e7ekici bir d\u0131\u015f g\u00f6r\u00fcn\u00fcm i\u00e7in olduk\u00e7a \u00f6nemlidir. Liposuction uygulamas\u0131yla mevcut hatlar\u0131n\u0131z d\u00fczenlenebilir ve \u015fekilli bir form sokulabilir. Bilson Health Services arac\u0131l\u0131\u011f\u0131 ile T\u00fcrkiye\u2019deki g\u00fcvenilir hastanelerde kolayca yapt\u0131rabilir, fiziki g\u00f6r\u00fcnt\u00fcn\u00fcze estetik de\u011fer katabilirsiniz.<\/p>\t\t\t\t\t\t\t\t<\/div>\n\t\t\t\t<\/div>\n\t\t\t\t\t<\/div>\n\t\t<\/div>\n\t\t\t\t\t<\/div>\n\t\t<\/section>\n\t\t\t\t\t<\/div>\n\t\t<\/div>\n\t\t\t\t\t<\/div>\n\t\t<\/section>\n\t\t\t\t<section class=\"elementor-section elementor-top-section elementor-element elementor-element-7f4c7e28 elementor-section-full_width elementor-section-height-default elementor-section-height-default\" data-id=\"7f4c7e28\" data-element_type=\"section\">\n\t\t\t\t\t\t<div class=\"elementor-container elementor-column-gap-no\">\n\t\t\t\t\t<div class=\"elementor-column elementor-col-100 elementor-top-column elementor-element elementor-element-2091e0db\" data-id=\"2091e0db\" data-element_type=\"column\">\n\t\t\t<div class=\"elementor-widget-wrap\">\n\t\t\t\t\t\t\t<\/div>\n\t\t<\/div>\n\t\t\t\t\t<\/div>\n\t\t<\/section>\n\t\t\t\t<\/div>\n\t\t","protected":false},"excerpt":{"rendered":"<p>Liposuction Estetik bir g\u00f6r\u00fcn\u00fcm, proporsiyonun dengeli olmas\u0131, orant\u0131l\u0131 ya\u011f da\u011f\u0131l\u0131m\u0131, sa\u011fl\u0131kl\u0131 ve \u00e7ekici bir d\u0131\u015f g\u00f6r\u00fcn\u00fcm i\u00e7in olduk\u00e7a \u00f6nemlidir. Liposuction uygulamas\u0131yla mevcut hatlar\u0131n\u0131z d\u00fczenlenebilir ve \u015fekilli bir form sokulabilir. Bilson Health Services arac\u0131l\u0131\u011f\u0131 ile T\u00fcrkiye\u2019deki g\u00fcvenilir hastanelerde kolayca yapt\u0131rabilir, fiziki g\u00f6r\u00fcnt\u00fcn\u00fcze estetik de\u011fer katabilirsiniz.<\/p>\n","protected":false},"author":1,"featured_media":0,"parent":272,"menu_order":0,"comment_status":"closed","ping_status":"closed","template":"elementor_header_footer","meta":{"footnotes":""},"class_list":["post-586","page","type-page","status-publish","hentry"],"_links":{"self":[{"href":"https:\/\/bilsonhealth.co.uk\/tr\/wp-json\/wp\/v2\/pages\/586","targetHints":{"allow":["GET"]}}],"collection":[{"href":"https:\/\/bilsonhealth.co.uk\/tr\/wp-json\/wp\/v2\/pages"}],"about":[{"href":"https:\/\/bilsonhealth.co.uk\/tr\/wp-json\/wp\/v2\/types\/page"}],"author":[{"embeddable":true,"href":"https:\/\/bilsonhealth.co.uk\/tr\/wp-json\/wp\/v2\/users\/1"}],"replies":[{"embeddable":true,"href":"https:\/\/bilsonhealth.co.uk\/tr\/wp-json\/wp\/v2\/comments?post=586"}],"version-history":[{"count":19,"href":"https:\/\/bilsonhealth.co.uk\/tr\/wp-json\/wp\/v2\/pages\/586\/revisions"}],"predecessor-version":[{"id":2485,"href":"https:\/\/bilsonhealth.co.uk\/tr\/wp-json\/wp\/v2\/pages\/586\/revisions\/2485"}],"up":[{"embeddable":true,"href":"https:\/\/bilsonhealth.co.uk\/tr\/wp-json\/wp\/v2\/pages\/272"}],"wp:attachment":[{"href":"https:\/\/bilsonhealth.co.uk\/tr\/wp-json\/wp\/v2\/media?parent=586"}],"curies":[{"name":"wp","href":"https:\/\/api.w.org\/{rel}","templated":true}]}}