{"id":581,"date":"2022-05-17T14:17:06","date_gmt":"2022-05-17T11:17:06","guid":{"rendered":"http:\/\/bilsonhealthservices.co.uk\/?page_id=581"},"modified":"2023-12-05T11:00:49","modified_gmt":"2023-12-05T08:00:49","slug":"kol-germe","status":"publish","type":"page","link":"https:\/\/bilsonhealth.co.uk\/tr\/estetik-uygulamalari\/vucut-estetigi\/kol-germe\/","title":{"rendered":"Kol Germe"},"content":{"rendered":"\t\t<div data-elementor-type=\"wp-page\" data-elementor-id=\"581\" class=\"elementor elementor-581\" data-elementor-post-type=\"page\">\n\t\t\t\t\t\t<section class=\"elementor-section elementor-top-section elementor-element elementor-element-81560e8 elementor-section-boxed elementor-section-height-default elementor-section-height-default\" data-id=\"81560e8\" data-element_type=\"section\" data-settings=\"{&quot;background_background&quot;:&quot;classic&quot;}\">\n\t\t\t\t\t\t\t<div class=\"elementor-background-overlay\"><\/div>\n\t\t\t\t\t\t\t<div class=\"elementor-container elementor-column-gap-default\">\n\t\t\t\t\t<div class=\"elementor-column elementor-col-100 elementor-top-column elementor-element elementor-element-247f1ea\" data-id=\"247f1ea\" data-element_type=\"column\" data-settings=\"{&quot;background_background&quot;:&quot;classic&quot;}\">\n\t\t\t<div class=\"elementor-widget-wrap elementor-element-populated\">\n\t\t\t\t\t\t<div class=\"elementor-element elementor-element-f46f36a elementor-widget elementor-widget-text-editor\" data-id=\"f46f36a\" data-element_type=\"widget\" data-widget_type=\"text-editor.default\">\n\t\t\t\t<div class=\"elementor-widget-container\">\n\t\t\t\t\t\t\t\t\t<h3>Kol Germe<\/h3>\t\t\t\t\t\t\t\t<\/div>\n\t\t\t\t<\/div>\n\t\t\t\t\t<\/div>\n\t\t<\/div>\n\t\t\t\t\t<\/div>\n\t\t<\/section>\n\t\t\t\t<section class=\"elementor-section elementor-top-section elementor-element elementor-element-49d1a0 elementor-section-boxed elementor-section-height-default elementor-section-height-default\" data-id=\"49d1a0\" data-element_type=\"section\">\n\t\t\t\t\t\t\t<div class=\"elementor-background-overlay\"><\/div>\n\t\t\t\t\t\t\t<div class=\"elementor-container elementor-column-gap-default\">\n\t\t\t\t\t<div class=\"elementor-column elementor-col-100 elementor-top-column elementor-element elementor-element-6520f732\" data-id=\"6520f732\" data-element_type=\"column\">\n\t\t\t<div class=\"elementor-widget-wrap elementor-element-populated\">\n\t\t\t\t\t\t<section class=\"elementor-section elementor-inner-section elementor-element elementor-element-1dd0a1be elementor-section-boxed elementor-section-height-default elementor-section-height-default\" data-id=\"1dd0a1be\" data-element_type=\"section\">\n\t\t\t\t\t\t<div class=\"elementor-container elementor-column-gap-default\">\n\t\t\t\t\t<div class=\"elementor-column elementor-col-100 elementor-inner-column elementor-element elementor-element-4497468d animated-slow elementor-invisible\" data-id=\"4497468d\" data-element_type=\"column\" data-settings=\"{&quot;animation&quot;:&quot;fadeIn&quot;,&quot;animation_delay&quot;:200}\">\n\t\t\t<div class=\"elementor-widget-wrap elementor-element-populated\">\n\t\t\t\t\t\t<div class=\"elementor-element elementor-element-6a019905 elementor-widget elementor-widget-text-editor\" data-id=\"6a019905\" data-element_type=\"widget\" data-widget_type=\"text-editor.default\">\n\t\t\t\t<div class=\"elementor-widget-container\">\n\t\t\t\t\t\t\t\t\t<p>Bilson Health Services arac\u0131l\u0131\u011f\u0131yla T\u00fcrkiye\u2019de yer alan k\u00f6kl\u00fc hastanelerde alan\u0131nda uzman hekimlerimizle birlikte estetik bir kol yap\u0131s\u0131na kolayl\u0131kla ula\u015fabilirsiniz.<\/p><p><strong>Kol Germe Ameliyat\u0131 Nas\u0131l Yap\u0131l\u0131r? <\/strong><\/p><p>Kolun hangisi b\u00f6lgesinde s\u0131k\u0131nt\u0131 var ise \u00f6ncelikle o k\u0131sm\u0131n i\u00e7 b\u00f6lgesindeki fazla ya\u011f \u00e7\u0131kar\u0131l\u0131r. Ya\u011f \u00e7\u0131kar\u0131lma i\u015fleminden sonra kolun daha s\u0131k\u0131 g\u00f6r\u00fcnmesi ve gen\u00e7 durmas\u0131 i\u00e7in kol germe operasyonu yap\u0131l\u0131r. Kol germe ameliyatlar\u0131nda bazen liposculpture y\u00f6ntemleri de yard\u0131mc\u0131 y\u00f6ntemler olarak operasyona d\u00e2hil edilebilir.<\/p>\t\t\t\t\t\t\t\t<\/div>\n\t\t\t\t<\/div>\n\t\t\t\t\t<\/div>\n\t\t<\/div>\n\t\t\t\t\t<\/div>\n\t\t<\/section>\n\t\t\t\t\t<\/div>\n\t\t<\/div>\n\t\t\t\t\t<\/div>\n\t\t<\/section>\n\t\t\t\t<section class=\"elementor-section elementor-top-section elementor-element elementor-element-24d3dd6e elementor-section-full_width elementor-section-height-default elementor-section-height-default\" data-id=\"24d3dd6e\" data-element_type=\"section\">\n\t\t\t\t\t\t<div class=\"elementor-container elementor-column-gap-no\">\n\t\t\t\t\t<div class=\"elementor-column elementor-col-100 elementor-top-column elementor-element elementor-element-6a96ba37\" data-id=\"6a96ba37\" data-element_type=\"column\">\n\t\t\t<div class=\"elementor-widget-wrap\">\n\t\t\t\t\t\t\t<\/div>\n\t\t<\/div>\n\t\t\t\t\t<\/div>\n\t\t<\/section>\n\t\t\t\t<\/div>\n\t\t","protected":false},"excerpt":{"rendered":"<p>Kol Germe Bilson Health Services arac\u0131l\u0131\u011f\u0131yla T\u00fcrkiye\u2019de yer alan k\u00f6kl\u00fc hastanelerde alan\u0131nda uzman hekimlerimizle birlikte estetik bir kol yap\u0131s\u0131na kolayl\u0131kla ula\u015fabilirsiniz. Kol Germe Ameliyat\u0131 Nas\u0131l Yap\u0131l\u0131r? Kolun hangisi b\u00f6lgesinde s\u0131k\u0131nt\u0131 var ise \u00f6ncelikle o k\u0131sm\u0131n i\u00e7 b\u00f6lgesindeki fazla ya\u011f \u00e7\u0131kar\u0131l\u0131r. Ya\u011f \u00e7\u0131kar\u0131lma i\u015fleminden sonra kolun daha s\u0131k\u0131 g\u00f6r\u00fcnmesi ve gen\u00e7 durmas\u0131 i\u00e7in kol germe operasyonu [&hellip;]<\/p>\n","protected":false},"author":1,"featured_media":0,"parent":272,"menu_order":0,"comment_status":"closed","ping_status":"closed","template":"elementor_header_footer","meta":{"footnotes":""},"class_list":["post-581","page","type-page","status-publish","hentry"],"_links":{"self":[{"href":"https:\/\/bilsonhealth.co.uk\/tr\/wp-json\/wp\/v2\/pages\/581","targetHints":{"allow":["GET"]}}],"collection":[{"href":"https:\/\/bilsonhealth.co.uk\/tr\/wp-json\/wp\/v2\/pages"}],"about":[{"href":"https:\/\/bilsonhealth.co.uk\/tr\/wp-json\/wp\/v2\/types\/page"}],"author":[{"embeddable":true,"href":"https:\/\/bilsonhealth.co.uk\/tr\/wp-json\/wp\/v2\/users\/1"}],"replies":[{"embeddable":true,"href":"https:\/\/bilsonhealth.co.uk\/tr\/wp-json\/wp\/v2\/comments?post=581"}],"version-history":[{"count":22,"href":"https:\/\/bilsonhealth.co.uk\/tr\/wp-json\/wp\/v2\/pages\/581\/revisions"}],"predecessor-version":[{"id":2470,"href":"https:\/\/bilsonhealth.co.uk\/tr\/wp-json\/wp\/v2\/pages\/581\/revisions\/2470"}],"up":[{"embeddable":true,"href":"https:\/\/bilsonhealth.co.uk\/tr\/wp-json\/wp\/v2\/pages\/272"}],"wp:attachment":[{"href":"https:\/\/bilsonhealth.co.uk\/tr\/wp-json\/wp\/v2\/media?parent=581"}],"curies":[{"name":"wp","href":"https:\/\/api.w.org\/{rel}","templated":true}]}}