{"id":578,"date":"2022-05-17T14:16:12","date_gmt":"2022-05-17T11:16:12","guid":{"rendered":"http:\/\/bilsonhealthservices.co.uk\/?page_id=578"},"modified":"2023-12-05T11:05:32","modified_gmt":"2023-12-05T08:05:32","slug":"vajina-estetigi","status":"publish","type":"page","link":"https:\/\/bilsonhealth.co.uk\/tr\/estetik-uygulamalari\/vucut-estetigi\/vajina-estetigi\/","title":{"rendered":"Vajina Esteti\u011fi"},"content":{"rendered":"\t\t<div data-elementor-type=\"wp-page\" data-elementor-id=\"578\" class=\"elementor elementor-578\" data-elementor-post-type=\"page\">\n\t\t\t\t\t\t<section class=\"elementor-section elementor-top-section elementor-element elementor-element-f06df79 elementor-section-boxed elementor-section-height-default elementor-section-height-default\" data-id=\"f06df79\" data-element_type=\"section\" data-settings=\"{&quot;background_background&quot;:&quot;classic&quot;}\">\n\t\t\t\t\t\t\t<div class=\"elementor-background-overlay\"><\/div>\n\t\t\t\t\t\t\t<div class=\"elementor-container elementor-column-gap-default\">\n\t\t\t\t\t<div class=\"elementor-column elementor-col-100 elementor-top-column elementor-element elementor-element-f9d3445\" data-id=\"f9d3445\" data-element_type=\"column\" data-settings=\"{&quot;background_background&quot;:&quot;classic&quot;}\">\n\t\t\t<div class=\"elementor-widget-wrap elementor-element-populated\">\n\t\t\t\t\t\t<div class=\"elementor-element elementor-element-87bf151 elementor-widget elementor-widget-text-editor\" data-id=\"87bf151\" data-element_type=\"widget\" data-widget_type=\"text-editor.default\">\n\t\t\t\t<div class=\"elementor-widget-container\">\n\t\t\t\t\t\t\t\t\t<h3>Vajina Esteti\u011fi<\/h3>\t\t\t\t\t\t\t\t<\/div>\n\t\t\t\t<\/div>\n\t\t\t\t\t<\/div>\n\t\t<\/div>\n\t\t\t\t\t<\/div>\n\t\t<\/section>\n\t\t\t\t<section class=\"elementor-section elementor-top-section elementor-element elementor-element-10585278 elementor-section-boxed elementor-section-height-default elementor-section-height-default\" data-id=\"10585278\" data-element_type=\"section\">\n\t\t\t\t\t\t\t<div class=\"elementor-background-overlay\"><\/div>\n\t\t\t\t\t\t\t<div class=\"elementor-container elementor-column-gap-default\">\n\t\t\t\t\t<div class=\"elementor-column elementor-col-100 elementor-top-column elementor-element elementor-element-16825a32\" data-id=\"16825a32\" data-element_type=\"column\">\n\t\t\t<div class=\"elementor-widget-wrap elementor-element-populated\">\n\t\t\t\t\t\t<section class=\"elementor-section elementor-inner-section elementor-element elementor-element-6a7fdc30 elementor-section-boxed elementor-section-height-default elementor-section-height-default\" data-id=\"6a7fdc30\" data-element_type=\"section\">\n\t\t\t\t\t\t<div class=\"elementor-container elementor-column-gap-default\">\n\t\t\t\t\t<div class=\"elementor-column elementor-col-100 elementor-inner-column elementor-element elementor-element-31a216e9 animated-slow elementor-invisible\" data-id=\"31a216e9\" data-element_type=\"column\" data-settings=\"{&quot;animation&quot;:&quot;fadeIn&quot;,&quot;animation_delay&quot;:200}\">\n\t\t\t<div class=\"elementor-widget-wrap elementor-element-populated\">\n\t\t\t\t\t\t<div class=\"elementor-element elementor-element-359af89d elementor-widget elementor-widget-text-editor\" data-id=\"359af89d\" data-element_type=\"widget\" data-widget_type=\"text-editor.default\">\n\t\t\t\t<div class=\"elementor-widget-container\">\n\t\t\t\t\t\t\t\t\t<p>\u00d6zellikle g\u00fcn\u00fcm\u00fczde kad\u0131nlar\u0131n \u00e7ok s\u0131k ba\u015fvurduklar\u0131 bir estetik \u00e7e\u015fididir. Vajina esteti\u011fi ameliyatlar\u0131 kad\u0131n cinsel organ\u0131nda olu\u015fan deformasyonu d\u00fczeltmek i\u00e7in tercih edilir. Do\u011fum sonras\u0131 olu\u015fan s\u0131k\u0131nt\u0131lar veya do\u011fu\u015ftan olan problemleri ile gidermek i\u00e7in tercih edilir. \u00a0\u00a0\u00a0<\/p><p><strong>Vajina Esteti\u011finde Genel Operasyonlar <\/strong><\/p><ul><li>Vajina G\u00fczelle\u015ftirme<\/li><li>Vajina Daraltma<\/li><li>Genital \u0130\u00e7 Dudak Sarkmas\u0131 G\u00fczelle\u015ftirme<\/li><li>Vajina Koyu Renk A\u00e7ma<\/li><li>Erojen Dolgu<\/li><li>\u0130drar Ka\u00e7\u0131rma Cerrahi M\u00fcdahale<\/li><\/ul>\t\t\t\t\t\t\t\t<\/div>\n\t\t\t\t<\/div>\n\t\t\t\t\t<\/div>\n\t\t<\/div>\n\t\t\t\t\t<\/div>\n\t\t<\/section>\n\t\t\t\t\t<\/div>\n\t\t<\/div>\n\t\t\t\t\t<\/div>\n\t\t<\/section>\n\t\t\t\t<section class=\"elementor-section elementor-top-section elementor-element elementor-element-2eec0ca elementor-section-full_width elementor-section-height-default elementor-section-height-default\" data-id=\"2eec0ca\" data-element_type=\"section\">\n\t\t\t\t\t\t<div class=\"elementor-container elementor-column-gap-no\">\n\t\t\t\t\t<div class=\"elementor-column elementor-col-100 elementor-top-column elementor-element elementor-element-23e51424\" data-id=\"23e51424\" data-element_type=\"column\">\n\t\t\t<div class=\"elementor-widget-wrap\">\n\t\t\t\t\t\t\t<\/div>\n\t\t<\/div>\n\t\t\t\t\t<\/div>\n\t\t<\/section>\n\t\t\t\t<\/div>\n\t\t","protected":false},"excerpt":{"rendered":"<p>Vajina Esteti\u011fi \u00d6zellikle g\u00fcn\u00fcm\u00fczde kad\u0131nlar\u0131n \u00e7ok s\u0131k ba\u015fvurduklar\u0131 bir estetik \u00e7e\u015fididir. Vajina esteti\u011fi ameliyatlar\u0131 kad\u0131n cinsel organ\u0131nda olu\u015fan deformasyonu d\u00fczeltmek i\u00e7in tercih edilir. Do\u011fum sonras\u0131 olu\u015fan s\u0131k\u0131nt\u0131lar veya do\u011fu\u015ftan olan problemleri ile gidermek i\u00e7in tercih edilir. \u00a0\u00a0\u00a0 Vajina Esteti\u011finde Genel Operasyonlar Vajina G\u00fczelle\u015ftirme Vajina Daraltma Genital \u0130\u00e7 Dudak Sarkmas\u0131 G\u00fczelle\u015ftirme Vajina Koyu Renk A\u00e7ma Erojen [&hellip;]<\/p>\n","protected":false},"author":1,"featured_media":0,"parent":272,"menu_order":0,"comment_status":"closed","ping_status":"closed","template":"elementor_header_footer","meta":{"footnotes":""},"class_list":["post-578","page","type-page","status-publish","hentry"],"_links":{"self":[{"href":"https:\/\/bilsonhealth.co.uk\/tr\/wp-json\/wp\/v2\/pages\/578","targetHints":{"allow":["GET"]}}],"collection":[{"href":"https:\/\/bilsonhealth.co.uk\/tr\/wp-json\/wp\/v2\/pages"}],"about":[{"href":"https:\/\/bilsonhealth.co.uk\/tr\/wp-json\/wp\/v2\/types\/page"}],"author":[{"embeddable":true,"href":"https:\/\/bilsonhealth.co.uk\/tr\/wp-json\/wp\/v2\/users\/1"}],"replies":[{"embeddable":true,"href":"https:\/\/bilsonhealth.co.uk\/tr\/wp-json\/wp\/v2\/comments?post=578"}],"version-history":[{"count":19,"href":"https:\/\/bilsonhealth.co.uk\/tr\/wp-json\/wp\/v2\/pages\/578\/revisions"}],"predecessor-version":[{"id":2494,"href":"https:\/\/bilsonhealth.co.uk\/tr\/wp-json\/wp\/v2\/pages\/578\/revisions\/2494"}],"up":[{"embeddable":true,"href":"https:\/\/bilsonhealth.co.uk\/tr\/wp-json\/wp\/v2\/pages\/272"}],"wp:attachment":[{"href":"https:\/\/bilsonhealth.co.uk\/tr\/wp-json\/wp\/v2\/media?parent=578"}],"curies":[{"name":"wp","href":"https:\/\/api.w.org\/{rel}","templated":true}]}}