{"id":572,"date":"2022-05-17T14:15:20","date_gmt":"2022-05-17T11:15:20","guid":{"rendered":"http:\/\/bilsonhealthservices.co.uk\/?page_id=572"},"modified":"2023-12-05T11:05:00","modified_gmt":"2023-12-05T08:05:00","slug":"popo-estetigi","status":"publish","type":"page","link":"https:\/\/bilsonhealth.co.uk\/tr\/estetik-uygulamalari\/vucut-estetigi\/popo-estetigi\/","title":{"rendered":"Popo Esteti\u011fi"},"content":{"rendered":"\t\t<div data-elementor-type=\"wp-page\" data-elementor-id=\"572\" class=\"elementor elementor-572\" data-elementor-post-type=\"page\">\n\t\t\t\t\t\t<section class=\"elementor-section elementor-top-section elementor-element elementor-element-e98693b elementor-section-boxed elementor-section-height-default elementor-section-height-default\" data-id=\"e98693b\" data-element_type=\"section\" data-settings=\"{&quot;background_background&quot;:&quot;classic&quot;}\">\n\t\t\t\t\t\t\t<div class=\"elementor-background-overlay\"><\/div>\n\t\t\t\t\t\t\t<div class=\"elementor-container elementor-column-gap-default\">\n\t\t\t\t\t<div class=\"elementor-column elementor-col-100 elementor-top-column elementor-element elementor-element-c1c7754\" data-id=\"c1c7754\" data-element_type=\"column\" data-settings=\"{&quot;background_background&quot;:&quot;classic&quot;}\">\n\t\t\t<div class=\"elementor-widget-wrap elementor-element-populated\">\n\t\t\t\t\t\t<div class=\"elementor-element elementor-element-fc2995a elementor-widget elementor-widget-text-editor\" data-id=\"fc2995a\" data-element_type=\"widget\" data-widget_type=\"text-editor.default\">\n\t\t\t\t<div class=\"elementor-widget-container\">\n\t\t\t\t\t\t\t\t\t<h3>Popo Esteti\u011fi<\/h3>\t\t\t\t\t\t\t\t<\/div>\n\t\t\t\t<\/div>\n\t\t\t\t\t<\/div>\n\t\t<\/div>\n\t\t\t\t\t<\/div>\n\t\t<\/section>\n\t\t\t\t<section class=\"elementor-section elementor-top-section elementor-element elementor-element-67c6556 elementor-section-boxed elementor-section-height-default elementor-section-height-default\" data-id=\"67c6556\" data-element_type=\"section\">\n\t\t\t\t\t\t\t<div class=\"elementor-background-overlay\"><\/div>\n\t\t\t\t\t\t\t<div class=\"elementor-container elementor-column-gap-default\">\n\t\t\t\t\t<div class=\"elementor-column elementor-col-100 elementor-top-column elementor-element elementor-element-50dcafe6\" data-id=\"50dcafe6\" data-element_type=\"column\">\n\t\t\t<div class=\"elementor-widget-wrap elementor-element-populated\">\n\t\t\t\t\t\t<section class=\"elementor-section elementor-inner-section elementor-element elementor-element-e10d42d elementor-section-boxed elementor-section-height-default elementor-section-height-default\" data-id=\"e10d42d\" data-element_type=\"section\">\n\t\t\t\t\t\t<div class=\"elementor-container elementor-column-gap-default\">\n\t\t\t\t\t<div class=\"elementor-column elementor-col-100 elementor-inner-column elementor-element elementor-element-452bc5ac animated-slow elementor-invisible\" data-id=\"452bc5ac\" data-element_type=\"column\" data-settings=\"{&quot;animation&quot;:&quot;fadeIn&quot;,&quot;animation_delay&quot;:200}\">\n\t\t\t<div class=\"elementor-widget-wrap elementor-element-populated\">\n\t\t\t\t\t\t<div class=\"elementor-element elementor-element-35d586f3 elementor-widget elementor-widget-text-editor\" data-id=\"35d586f3\" data-element_type=\"widget\" data-widget_type=\"text-editor.default\">\n\t\t\t\t<div class=\"elementor-widget-container\">\n\t\t\t\t\t\t\t\t\t<p>Popo esteti\u011fi, kal\u00e7alar\u0131n gen\u00e7, do\u011fal ve daha formunda g\u00f6r\u00fcnmesini sa\u011flayan bir \u00e7e\u015fit popo kald\u0131rma ve b\u00fcy\u00fctme operasyonudur. D\u0131\u015f g\u00f6r\u00fcn\u00fc\u015f\u00fcnden \u00f6zellikle kal\u00e7alar\u0131n\u0131n duru\u015fundan ho\u015flanmayan ki\u015filer genellikle popo esteti\u011fine ba\u015fvurur. Bilson Health Services arac\u0131l\u0131\u011f\u0131yla T\u00fcrkiye\u2019de yer alan \u00f6zel hastanelerde istedi\u011finiz tarzda bu ameliyat\u0131 \u00e7ok rahat olabilirsiniz.<\/p>\t\t\t\t\t\t\t\t<\/div>\n\t\t\t\t<\/div>\n\t\t\t\t\t<\/div>\n\t\t<\/div>\n\t\t\t\t\t<\/div>\n\t\t<\/section>\n\t\t\t\t\t<\/div>\n\t\t<\/div>\n\t\t\t\t\t<\/div>\n\t\t<\/section>\n\t\t\t\t<section class=\"elementor-section elementor-top-section elementor-element elementor-element-70c338f7 elementor-section-full_width elementor-section-height-default elementor-section-height-default\" data-id=\"70c338f7\" data-element_type=\"section\">\n\t\t\t\t\t\t<div class=\"elementor-container elementor-column-gap-no\">\n\t\t\t\t\t<div class=\"elementor-column elementor-col-100 elementor-top-column elementor-element elementor-element-2ff0196e\" data-id=\"2ff0196e\" data-element_type=\"column\">\n\t\t\t<div class=\"elementor-widget-wrap\">\n\t\t\t\t\t\t\t<\/div>\n\t\t<\/div>\n\t\t\t\t\t<\/div>\n\t\t<\/section>\n\t\t\t\t<\/div>\n\t\t","protected":false},"excerpt":{"rendered":"<p>Popo Esteti\u011fi Popo esteti\u011fi, kal\u00e7alar\u0131n gen\u00e7, do\u011fal ve daha formunda g\u00f6r\u00fcnmesini sa\u011flayan bir \u00e7e\u015fit popo kald\u0131rma ve b\u00fcy\u00fctme operasyonudur. D\u0131\u015f g\u00f6r\u00fcn\u00fc\u015f\u00fcnden \u00f6zellikle kal\u00e7alar\u0131n\u0131n duru\u015fundan ho\u015flanmayan ki\u015filer genellikle popo esteti\u011fine ba\u015fvurur. Bilson Health Services arac\u0131l\u0131\u011f\u0131yla T\u00fcrkiye\u2019de yer alan \u00f6zel hastanelerde istedi\u011finiz tarzda bu ameliyat\u0131 \u00e7ok rahat olabilirsiniz.<\/p>\n","protected":false},"author":1,"featured_media":0,"parent":272,"menu_order":0,"comment_status":"closed","ping_status":"closed","template":"elementor_header_footer","meta":{"footnotes":""},"class_list":["post-572","page","type-page","status-publish","hentry"],"_links":{"self":[{"href":"https:\/\/bilsonhealth.co.uk\/tr\/wp-json\/wp\/v2\/pages\/572","targetHints":{"allow":["GET"]}}],"collection":[{"href":"https:\/\/bilsonhealth.co.uk\/tr\/wp-json\/wp\/v2\/pages"}],"about":[{"href":"https:\/\/bilsonhealth.co.uk\/tr\/wp-json\/wp\/v2\/types\/page"}],"author":[{"embeddable":true,"href":"https:\/\/bilsonhealth.co.uk\/tr\/wp-json\/wp\/v2\/users\/1"}],"replies":[{"embeddable":true,"href":"https:\/\/bilsonhealth.co.uk\/tr\/wp-json\/wp\/v2\/comments?post=572"}],"version-history":[{"count":19,"href":"https:\/\/bilsonhealth.co.uk\/tr\/wp-json\/wp\/v2\/pages\/572\/revisions"}],"predecessor-version":[{"id":2491,"href":"https:\/\/bilsonhealth.co.uk\/tr\/wp-json\/wp\/v2\/pages\/572\/revisions\/2491"}],"up":[{"embeddable":true,"href":"https:\/\/bilsonhealth.co.uk\/tr\/wp-json\/wp\/v2\/pages\/272"}],"wp:attachment":[{"href":"https:\/\/bilsonhealth.co.uk\/tr\/wp-json\/wp\/v2\/media?parent=572"}],"curies":[{"name":"wp","href":"https:\/\/api.w.org\/{rel}","templated":true}]}}