{"id":563,"date":"2022-05-17T14:14:17","date_gmt":"2022-05-17T11:14:17","guid":{"rendered":"http:\/\/bilsonhealthservices.co.uk\/?page_id=563"},"modified":"2023-12-05T11:01:34","modified_gmt":"2023-12-05T08:01:34","slug":"karin-germe","status":"publish","type":"page","link":"https:\/\/bilsonhealth.co.uk\/tr\/estetik-uygulamalari\/vucut-estetigi\/karin-germe\/","title":{"rendered":"Kar\u0131n Germe"},"content":{"rendered":"\t\t<div data-elementor-type=\"wp-page\" data-elementor-id=\"563\" class=\"elementor elementor-563\" data-elementor-post-type=\"page\">\n\t\t\t\t\t\t<section class=\"elementor-section elementor-top-section elementor-element elementor-element-073d48a elementor-section-boxed elementor-section-height-default elementor-section-height-default\" data-id=\"073d48a\" data-element_type=\"section\" data-settings=\"{&quot;background_background&quot;:&quot;classic&quot;}\">\n\t\t\t\t\t\t\t<div class=\"elementor-background-overlay\"><\/div>\n\t\t\t\t\t\t\t<div class=\"elementor-container elementor-column-gap-default\">\n\t\t\t\t\t<div class=\"elementor-column elementor-col-100 elementor-top-column elementor-element elementor-element-ea80e12\" data-id=\"ea80e12\" data-element_type=\"column\" data-settings=\"{&quot;background_background&quot;:&quot;classic&quot;}\">\n\t\t\t<div class=\"elementor-widget-wrap elementor-element-populated\">\n\t\t\t\t\t\t<div class=\"elementor-element elementor-element-acafb48 elementor-widget elementor-widget-text-editor\" data-id=\"acafb48\" data-element_type=\"widget\" data-widget_type=\"text-editor.default\">\n\t\t\t\t<div class=\"elementor-widget-container\">\n\t\t\t\t\t\t\t\t\t<h3>Kar\u0131n Germe<\/h3>\t\t\t\t\t\t\t\t<\/div>\n\t\t\t\t<\/div>\n\t\t\t\t\t<\/div>\n\t\t<\/div>\n\t\t\t\t\t<\/div>\n\t\t<\/section>\n\t\t\t\t<section class=\"elementor-section elementor-top-section elementor-element elementor-element-623a80d9 elementor-section-boxed elementor-section-height-default elementor-section-height-default\" data-id=\"623a80d9\" data-element_type=\"section\">\n\t\t\t\t\t\t\t<div class=\"elementor-background-overlay\"><\/div>\n\t\t\t\t\t\t\t<div class=\"elementor-container elementor-column-gap-default\">\n\t\t\t\t\t<div class=\"elementor-column elementor-col-100 elementor-top-column elementor-element elementor-element-5c038f11\" data-id=\"5c038f11\" data-element_type=\"column\">\n\t\t\t<div class=\"elementor-widget-wrap elementor-element-populated\">\n\t\t\t\t\t\t<section class=\"elementor-section elementor-inner-section elementor-element elementor-element-366edc51 elementor-section-boxed elementor-section-height-default elementor-section-height-default\" data-id=\"366edc51\" data-element_type=\"section\">\n\t\t\t\t\t\t<div class=\"elementor-container elementor-column-gap-default\">\n\t\t\t\t\t<div class=\"elementor-column elementor-col-100 elementor-inner-column elementor-element elementor-element-1e577736 animated-slow elementor-invisible\" data-id=\"1e577736\" data-element_type=\"column\" data-settings=\"{&quot;animation&quot;:&quot;fadeIn&quot;,&quot;animation_delay&quot;:200}\">\n\t\t\t<div class=\"elementor-widget-wrap elementor-element-populated\">\n\t\t\t\t\t\t<div class=\"elementor-element elementor-element-389be8a0 elementor-widget elementor-widget-text-editor\" data-id=\"389be8a0\" data-element_type=\"widget\" data-widget_type=\"text-editor.default\">\n\t\t\t\t<div class=\"elementor-widget-container\">\n\t\t\t\t\t\t\t\t\t<p>Genellikle kar\u0131n b\u00f6lgesine toplanan fazla ya\u011flardan kurtulmay\u0131 kapsasa da do\u011fum sonras\u0131nda da ba\u015fvurulan bir i\u015flemdir. Kar\u0131n b\u00f6lgenizdeki s\u0131k\u0131nt\u0131l\u0131 durumu ortadan kald\u0131ran cerrahi bir i\u015flemdir. Sezaryen b\u00f6lgesinin hemen i\u00e7 k\u0131sm\u0131na at\u0131lan kesi at\u0131l\u0131r. Kar\u0131n i\u00e7inde yer alan kaslar s\u0131k\u0131\u015ft\u0131r\u0131l\u0131r. Sorunlu b\u00f6lgedeki ya\u011f bu sayede v\u00fccuttan at\u0131lm\u0131\u015f olur.<\/p><p><strong>Kimler Kar\u0131n Ameliyat\u0131 Yapt\u0131r\u0131r <\/strong><\/p><ul><li><strong>\u00a0<\/strong>Kar\u0131n b\u00f6lgesindeki fazla ya\u011flardan \u015fik\u00e2yet\u00e7i olanlar<\/li><li>Kar\u0131n b\u00f6lgesinde \u00e7atla\u011f\u0131 ve deri s\u0131k\u0131nt\u0131s\u0131 olanlar<\/li><li>\u0130\u00e7 kar\u0131n b\u00f6lgesinde deformasyon olanlar<\/li><li>Fazla kilo al\u0131p vermeden form kayb\u0131 ya\u015fayanlar<\/li><li>Kar\u0131n b\u00f6lgesindeki g\u00f6r\u00fcnt\u00fcden memnun olmayanlar<\/li><\/ul>\t\t\t\t\t\t\t\t<\/div>\n\t\t\t\t<\/div>\n\t\t\t\t\t<\/div>\n\t\t<\/div>\n\t\t\t\t\t<\/div>\n\t\t<\/section>\n\t\t\t\t\t<\/div>\n\t\t<\/div>\n\t\t\t\t\t<\/div>\n\t\t<\/section>\n\t\t\t\t<section class=\"elementor-section elementor-top-section elementor-element elementor-element-157899e7 elementor-section-full_width elementor-section-height-default elementor-section-height-default\" data-id=\"157899e7\" data-element_type=\"section\">\n\t\t\t\t\t\t<div class=\"elementor-container elementor-column-gap-no\">\n\t\t\t\t\t<div class=\"elementor-column elementor-col-100 elementor-top-column elementor-element elementor-element-22d9daf7\" data-id=\"22d9daf7\" data-element_type=\"column\">\n\t\t\t<div class=\"elementor-widget-wrap\">\n\t\t\t\t\t\t\t<\/div>\n\t\t<\/div>\n\t\t\t\t\t<\/div>\n\t\t<\/section>\n\t\t\t\t<\/div>\n\t\t","protected":false},"excerpt":{"rendered":"<p>Kar\u0131n Germe Genellikle kar\u0131n b\u00f6lgesine toplanan fazla ya\u011flardan kurtulmay\u0131 kapsasa da do\u011fum sonras\u0131nda da ba\u015fvurulan bir i\u015flemdir. Kar\u0131n b\u00f6lgenizdeki s\u0131k\u0131nt\u0131l\u0131 durumu ortadan kald\u0131ran cerrahi bir i\u015flemdir. Sezaryen b\u00f6lgesinin hemen i\u00e7 k\u0131sm\u0131na at\u0131lan kesi at\u0131l\u0131r. Kar\u0131n i\u00e7inde yer alan kaslar s\u0131k\u0131\u015ft\u0131r\u0131l\u0131r. Sorunlu b\u00f6lgedeki ya\u011f bu sayede v\u00fccuttan at\u0131lm\u0131\u015f olur. Kimler Kar\u0131n Ameliyat\u0131 Yapt\u0131r\u0131r \u00a0Kar\u0131n b\u00f6lgesindeki fazla [&hellip;]<\/p>\n","protected":false},"author":1,"featured_media":0,"parent":272,"menu_order":0,"comment_status":"closed","ping_status":"closed","template":"elementor_header_footer","meta":{"footnotes":""},"class_list":["post-563","page","type-page","status-publish","hentry"],"_links":{"self":[{"href":"https:\/\/bilsonhealth.co.uk\/tr\/wp-json\/wp\/v2\/pages\/563","targetHints":{"allow":["GET"]}}],"collection":[{"href":"https:\/\/bilsonhealth.co.uk\/tr\/wp-json\/wp\/v2\/pages"}],"about":[{"href":"https:\/\/bilsonhealth.co.uk\/tr\/wp-json\/wp\/v2\/types\/page"}],"author":[{"embeddable":true,"href":"https:\/\/bilsonhealth.co.uk\/tr\/wp-json\/wp\/v2\/users\/1"}],"replies":[{"embeddable":true,"href":"https:\/\/bilsonhealth.co.uk\/tr\/wp-json\/wp\/v2\/comments?post=563"}],"version-history":[{"count":25,"href":"https:\/\/bilsonhealth.co.uk\/tr\/wp-json\/wp\/v2\/pages\/563\/revisions"}],"predecessor-version":[{"id":2476,"href":"https:\/\/bilsonhealth.co.uk\/tr\/wp-json\/wp\/v2\/pages\/563\/revisions\/2476"}],"up":[{"embeddable":true,"href":"https:\/\/bilsonhealth.co.uk\/tr\/wp-json\/wp\/v2\/pages\/272"}],"wp:attachment":[{"href":"https:\/\/bilsonhealth.co.uk\/tr\/wp-json\/wp\/v2\/media?parent=563"}],"curies":[{"name":"wp","href":"https:\/\/api.w.org\/{rel}","templated":true}]}}