{"id":557,"date":"2022-05-17T14:13:08","date_gmt":"2022-05-17T11:13:08","guid":{"rendered":"http:\/\/bilsonhealthservices.co.uk\/?page_id=557"},"modified":"2023-12-05T11:02:20","modified_gmt":"2023-12-05T08:02:20","slug":"carpik-bacak-duzeltme","status":"publish","type":"page","link":"https:\/\/bilsonhealth.co.uk\/tr\/estetik-uygulamalari\/vucut-estetigi\/carpik-bacak-duzeltme\/","title":{"rendered":"\u00c7arp\u0131k Bacak D\u00fczeltme"},"content":{"rendered":"\t\t<div data-elementor-type=\"wp-page\" data-elementor-id=\"557\" class=\"elementor elementor-557\" data-elementor-post-type=\"page\">\n\t\t\t\t\t\t<section class=\"elementor-section elementor-top-section elementor-element elementor-element-6f1aea3 elementor-section-boxed elementor-section-height-default elementor-section-height-default\" data-id=\"6f1aea3\" data-element_type=\"section\" data-settings=\"{&quot;background_background&quot;:&quot;classic&quot;}\">\n\t\t\t\t\t\t\t<div class=\"elementor-background-overlay\"><\/div>\n\t\t\t\t\t\t\t<div class=\"elementor-container elementor-column-gap-default\">\n\t\t\t\t\t<div class=\"elementor-column elementor-col-100 elementor-top-column elementor-element elementor-element-1bb8f00\" data-id=\"1bb8f00\" data-element_type=\"column\" data-settings=\"{&quot;background_background&quot;:&quot;classic&quot;}\">\n\t\t\t<div class=\"elementor-widget-wrap elementor-element-populated\">\n\t\t\t\t\t\t<div class=\"elementor-element elementor-element-8915adf elementor-widget elementor-widget-text-editor\" data-id=\"8915adf\" data-element_type=\"widget\" data-widget_type=\"text-editor.default\">\n\t\t\t\t<div class=\"elementor-widget-container\">\n\t\t\t\t\t\t\t\t\t<h3>\u00c7arp\u0131k Bacak D\u00fczeltme<\/h3>\t\t\t\t\t\t\t\t<\/div>\n\t\t\t\t<\/div>\n\t\t\t\t\t<\/div>\n\t\t<\/div>\n\t\t\t\t\t<\/div>\n\t\t<\/section>\n\t\t\t\t<section class=\"elementor-section elementor-top-section elementor-element elementor-element-1eb2bde2 elementor-section-boxed elementor-section-height-default elementor-section-height-default\" data-id=\"1eb2bde2\" data-element_type=\"section\">\n\t\t\t\t\t\t\t<div class=\"elementor-background-overlay\"><\/div>\n\t\t\t\t\t\t\t<div class=\"elementor-container elementor-column-gap-default\">\n\t\t\t\t\t<div class=\"elementor-column elementor-col-100 elementor-top-column elementor-element elementor-element-37fdf55a\" data-id=\"37fdf55a\" data-element_type=\"column\">\n\t\t\t<div class=\"elementor-widget-wrap elementor-element-populated\">\n\t\t\t\t\t\t<section class=\"elementor-section elementor-inner-section elementor-element elementor-element-636cd9da elementor-section-boxed elementor-section-height-default elementor-section-height-default\" data-id=\"636cd9da\" data-element_type=\"section\">\n\t\t\t\t\t\t<div class=\"elementor-container elementor-column-gap-default\">\n\t\t\t\t\t<div class=\"elementor-column elementor-col-100 elementor-inner-column elementor-element elementor-element-46b21926 animated-slow elementor-invisible\" data-id=\"46b21926\" data-element_type=\"column\" data-settings=\"{&quot;animation&quot;:&quot;fadeIn&quot;,&quot;animation_delay&quot;:200}\">\n\t\t\t<div class=\"elementor-widget-wrap elementor-element-populated\">\n\t\t\t\t\t\t<div class=\"elementor-element elementor-element-3dc085d6 elementor-widget elementor-widget-text-editor\" data-id=\"3dc085d6\" data-element_type=\"widget\" data-widget_type=\"text-editor.default\">\n\t\t\t\t<div class=\"elementor-widget-container\">\n\t\t\t\t\t\t\t\t\t<p>Estetik, orant\u0131l\u0131 bacaklar, d\u0131\u015f g\u00fczelli\u011fin tart\u0131\u015fmas\u0131z en \u00f6nemli unsurlar\u0131 aras\u0131nda yer al\u0131yor. \u00dcst ve alt baca\u011f\u0131n birbirine uyumu, sadece bacak b\u00f6lgesini a\u00e7\u0131kta b\u0131rakan k\u0131yafetlerde de\u011fil, tayt, pantolon gibi bacaklar\u0131 saran modellerde bile belirgin hale gelmektedir. \u00d6zellikle gece elbiseleri veya yazl\u0131k k\u0131yafetlerde ortaya \u00e7\u0131kan \u00e7arp\u0131k bacak ve orant\u0131s\u0131zl\u0131k durumu genelde kad\u0131nlarda \u00f6zg\u00fcven kayb\u0131na neden olmaktad\u0131r.\u00a0 V\u00fccut g\u00fczelli\u011fine g\u00f6lge d\u00fc\u015f\u00fcren bu sorunu Bilson Health Services\u2019\u0131n T\u00fcrkiye\u2019deki anla\u015fmal\u0131 sa\u011fl\u0131k kurum ve kurulu\u015flar\u0131 profesyonel hekim kadrosu ile g\u00fcvenilir bir \u015fekilde \u00e7\u00f6zebilirsiniz. \u00a0<\/p><p><strong>\u00c7arp\u0131k Bacak Nas\u0131l D\u00fczeltilir?<\/strong><\/p><p>Genelde bacaklarda g\u00f6r\u00fclen \u00e7arp\u0131k veya dengesiz g\u00f6r\u00fcnt\u00fc, ya\u011f da\u011f\u0131l\u0131m\u0131 ve kemiklerde g\u00f6r\u00fclen e\u011frilikten kaynaklanmaktad\u0131r.\u00a0 \u00d6zel ya\u011f enjeksiyonu y\u00f6ntemiyle s\u0131k\u0131nt\u0131l\u0131 olan b\u00f6lgelere hacim kazand\u0131rmak i\u00e7in ya\u011f enjekte edilir. \u00a0Hastan\u0131n kendi ya\u011f\u0131ndan elde edilen s\u0131v\u0131 yine hastadan lokal anestezi y\u00f6ntemiyle al\u0131n\u0131r. \u00a0\u0130\u015flemden sonra doktorun \u00f6nerileri ile yakla\u015f\u0131k 15 g\u00fcn boyunca varis \u00e7orab\u0131 giyilmesi gerekmektedir.<\/p><p>Bilson Health Services\u2019\u0131n arac\u0131 oldu\u011fu profesyonel sa\u011fl\u0131k kurulu\u015flar\u0131nda bu s\u0131k\u0131nt\u0131dan kolayca kurtulabilir, kusursuz bacaklara sahip olabilirsiniz. \u00a0<\/p>\t\t\t\t\t\t\t\t<\/div>\n\t\t\t\t<\/div>\n\t\t\t\t\t<\/div>\n\t\t<\/div>\n\t\t\t\t\t<\/div>\n\t\t<\/section>\n\t\t\t\t\t<\/div>\n\t\t<\/div>\n\t\t\t\t\t<\/div>\n\t\t<\/section>\n\t\t\t\t<section class=\"elementor-section elementor-top-section elementor-element elementor-element-19a8885c elementor-section-full_width elementor-section-height-default elementor-section-height-default\" data-id=\"19a8885c\" data-element_type=\"section\">\n\t\t\t\t\t\t<div class=\"elementor-container elementor-column-gap-no\">\n\t\t\t\t\t<div class=\"elementor-column elementor-col-100 elementor-top-column elementor-element elementor-element-7e55e099\" data-id=\"7e55e099\" data-element_type=\"column\">\n\t\t\t<div class=\"elementor-widget-wrap\">\n\t\t\t\t\t\t\t<\/div>\n\t\t<\/div>\n\t\t\t\t\t<\/div>\n\t\t<\/section>\n\t\t\t\t<\/div>\n\t\t","protected":false},"excerpt":{"rendered":"<p>\u00c7arp\u0131k Bacak D\u00fczeltme Estetik, orant\u0131l\u0131 bacaklar, d\u0131\u015f g\u00fczelli\u011fin tart\u0131\u015fmas\u0131z en \u00f6nemli unsurlar\u0131 aras\u0131nda yer al\u0131yor. \u00dcst ve alt baca\u011f\u0131n birbirine uyumu, sadece bacak b\u00f6lgesini a\u00e7\u0131kta b\u0131rakan k\u0131yafetlerde de\u011fil, tayt, pantolon gibi bacaklar\u0131 saran modellerde bile belirgin hale gelmektedir. \u00d6zellikle gece elbiseleri veya yazl\u0131k k\u0131yafetlerde ortaya \u00e7\u0131kan \u00e7arp\u0131k bacak ve orant\u0131s\u0131zl\u0131k durumu genelde kad\u0131nlarda \u00f6zg\u00fcven kayb\u0131na [&hellip;]<\/p>\n","protected":false},"author":1,"featured_media":0,"parent":272,"menu_order":0,"comment_status":"closed","ping_status":"closed","template":"elementor_header_footer","meta":{"footnotes":""},"class_list":["post-557","page","type-page","status-publish","hentry"],"_links":{"self":[{"href":"https:\/\/bilsonhealth.co.uk\/tr\/wp-json\/wp\/v2\/pages\/557","targetHints":{"allow":["GET"]}}],"collection":[{"href":"https:\/\/bilsonhealth.co.uk\/tr\/wp-json\/wp\/v2\/pages"}],"about":[{"href":"https:\/\/bilsonhealth.co.uk\/tr\/wp-json\/wp\/v2\/types\/page"}],"author":[{"embeddable":true,"href":"https:\/\/bilsonhealth.co.uk\/tr\/wp-json\/wp\/v2\/users\/1"}],"replies":[{"embeddable":true,"href":"https:\/\/bilsonhealth.co.uk\/tr\/wp-json\/wp\/v2\/comments?post=557"}],"version-history":[{"count":28,"href":"https:\/\/bilsonhealth.co.uk\/tr\/wp-json\/wp\/v2\/pages\/557\/revisions"}],"predecessor-version":[{"id":2479,"href":"https:\/\/bilsonhealth.co.uk\/tr\/wp-json\/wp\/v2\/pages\/557\/revisions\/2479"}],"up":[{"embeddable":true,"href":"https:\/\/bilsonhealth.co.uk\/tr\/wp-json\/wp\/v2\/pages\/272"}],"wp:attachment":[{"href":"https:\/\/bilsonhealth.co.uk\/tr\/wp-json\/wp\/v2\/media?parent=557"}],"curies":[{"name":"wp","href":"https:\/\/api.w.org\/{rel}","templated":true}]}}