{"id":547,"date":"2022-05-17T14:08:41","date_gmt":"2022-05-17T11:08:41","guid":{"rendered":"http:\/\/bilsonhealthservices.co.uk\/?page_id=547"},"modified":"2023-12-05T11:07:22","modified_gmt":"2023-12-05T08:07:22","slug":"sac-mezoterapisi","status":"publish","type":"page","link":"https:\/\/bilsonhealth.co.uk\/tr\/estetik-uygulamalari\/sac-ekimi\/sac-mezoterapisi\/","title":{"rendered":"Sa\u00e7 Mezoterapisi"},"content":{"rendered":"\t\t<div data-elementor-type=\"wp-page\" data-elementor-id=\"547\" class=\"elementor elementor-547\" data-elementor-post-type=\"page\">\n\t\t\t\t\t\t<section class=\"elementor-section elementor-top-section elementor-element elementor-element-fe5b284 elementor-section-boxed elementor-section-height-default elementor-section-height-default\" data-id=\"fe5b284\" data-element_type=\"section\" data-settings=\"{&quot;background_background&quot;:&quot;classic&quot;}\">\n\t\t\t\t\t\t\t<div class=\"elementor-background-overlay\"><\/div>\n\t\t\t\t\t\t\t<div class=\"elementor-container elementor-column-gap-default\">\n\t\t\t\t\t<div class=\"elementor-column elementor-col-100 elementor-top-column elementor-element elementor-element-b8e4167\" data-id=\"b8e4167\" data-element_type=\"column\" data-settings=\"{&quot;background_background&quot;:&quot;classic&quot;}\">\n\t\t\t<div class=\"elementor-widget-wrap elementor-element-populated\">\n\t\t\t\t\t\t<div class=\"elementor-element elementor-element-a84ccfd elementor-widget elementor-widget-text-editor\" data-id=\"a84ccfd\" data-element_type=\"widget\" data-widget_type=\"text-editor.default\">\n\t\t\t\t<div class=\"elementor-widget-container\">\n\t\t\t\t\t\t\t\t\t<h3>Sa\u00e7 Mezoterapisi<\/h3>\t\t\t\t\t\t\t\t<\/div>\n\t\t\t\t<\/div>\n\t\t\t\t\t<\/div>\n\t\t<\/div>\n\t\t\t\t\t<\/div>\n\t\t<\/section>\n\t\t\t\t<section class=\"elementor-section elementor-top-section elementor-element elementor-element-7334fd6a elementor-section-boxed elementor-section-height-default elementor-section-height-default\" data-id=\"7334fd6a\" data-element_type=\"section\">\n\t\t\t\t\t\t\t<div class=\"elementor-background-overlay\"><\/div>\n\t\t\t\t\t\t\t<div class=\"elementor-container elementor-column-gap-default\">\n\t\t\t\t\t<div class=\"elementor-column elementor-col-100 elementor-top-column elementor-element elementor-element-7179c3d6\" data-id=\"7179c3d6\" data-element_type=\"column\">\n\t\t\t<div class=\"elementor-widget-wrap elementor-element-populated\">\n\t\t\t\t\t\t<section class=\"elementor-section elementor-inner-section elementor-element elementor-element-6f4d9cb0 elementor-section-boxed elementor-section-height-default elementor-section-height-default\" data-id=\"6f4d9cb0\" data-element_type=\"section\">\n\t\t\t\t\t\t<div class=\"elementor-container elementor-column-gap-default\">\n\t\t\t\t\t<div class=\"elementor-column elementor-col-100 elementor-inner-column elementor-element elementor-element-73708bb9 animated-slow elementor-invisible\" data-id=\"73708bb9\" data-element_type=\"column\" data-settings=\"{&quot;animation&quot;:&quot;fadeIn&quot;,&quot;animation_delay&quot;:200}\">\n\t\t\t<div class=\"elementor-widget-wrap elementor-element-populated\">\n\t\t\t\t\t\t<div class=\"elementor-element elementor-element-3de1a6cb elementor-widget elementor-widget-text-editor\" data-id=\"3de1a6cb\" data-element_type=\"widget\" data-widget_type=\"text-editor.default\">\n\t\t\t\t<div class=\"elementor-widget-container\">\n\t\t\t\t\t\t\t\t\t<p>Sa\u00e7 mezoterapisi hem mevcut sa\u00e7lar\u0131n canlanmas\u0131na, hem de sa\u00e7 ekimi sonras\u0131nda k\u00f6k transferi yap\u0131lm\u0131\u015f dokuya koruyucu ve destekleyici tedavi yap\u0131lmas\u0131na yard\u0131mc\u0131 oluyor. \u00dclkemizde sa\u00e7 mezoterapisi olarak ismini son y\u0131llarda duyulmu\u015f olsa da, asl\u0131nda temeli 1952 y\u0131l\u0131na dayanan eski bir sistemdir. Sa\u00e7 mezoterapisi, \u00e7ok ince u\u00e7lu i\u011fnelerle sa\u00e7l\u0131 derinin orta tabakas\u0131ndaki dermis veya hipodermis alanlar\u0131na, olduk\u00e7a minimal dozlarda yap\u0131lan mikroenjeksiyon uygulamas\u0131d\u0131r. Bilson Health Services\u2019\u0131n T\u00fcrkiye\u2019de anla\u015fmas\u0131 oldu\u011fu hastane ve kliniklerde \u00a0uzman ki\u015filerce farmakolojik, homeopatik ve do\u011fal bitki ekstrelerinin \u00e7oklu enjeksiyon y\u00f6ntemi ile hastaya uygulanmas\u0131 ile ger\u00e7ekle\u015ftirilir.<\/p><p><strong>Sa\u00e7 Mezoterapisinin Avantajlar\u0131<\/strong><\/p><ul><li>Sa\u00e7 mezoterapisi aray\u0131c\u0131l\u0131\u011f\u0131yla k\u0131lcal damarlar\u0131n besleyemedi\u011fi sa\u00e7 k\u00f6k\u00fcne gereken tedavi edici kar\u0131\u015f\u0131mlar enjekte edilir.<\/li><li>Sa\u00e7 d\u00f6k\u00fclmesini \u00f6nledi\u011fi g\u00f6zlemlenmektedir.<\/li><li>Sa\u00e7lar\u0131 k\u00f6kten besleyerek g\u00fcrle\u015fmesini ve parlak g\u00f6r\u00fcnmesini sa\u011flar.<\/li><li>Bilinen bir yan etkisi yoktur.<\/li><li>Sa\u00e7 mezoterapisinde minimal dozajlarda, maksimum fayda sa\u011flayan FDA onayl\u0131 ila\u00e7lar kullan\u0131l\u0131r.<\/li><li>Al\u0131nan sonu\u00e7lar olduk\u00e7a etkilidir<\/li><li>Sa\u00e7 mezoterapisi fiyatlar\u0131 Bilson Health Services b\u00fcnyesinde yer alan sa\u011fl\u0131k kurum ve kurulu\u015flar\u0131nda uygun maliyetlerle, aday\u0131n b\u00fct\u00e7esini sarsmadan, farkl\u0131 \u00f6deme kolayl\u0131klar\u0131 ile sunulmaktad\u0131r.<\/li><\/ul>\t\t\t\t\t\t\t\t<\/div>\n\t\t\t\t<\/div>\n\t\t\t\t<div class=\"elementor-element elementor-element-96e1cac elementor-widget elementor-widget-text-editor\" data-id=\"96e1cac\" data-element_type=\"widget\" data-widget_type=\"text-editor.default\">\n\t\t\t\t<div class=\"elementor-widget-container\">\n\t\t\t\t\t\t\t\t\t<p>G\u00fcn\u00fcm\u00fczde en fazla yapt\u0131r\u0131lan estetik uygulamalar\u0131ndan biridir. \u00d6zellikle teknolojinin ilerlemesiyle g\u00f6z kapa\u011f\u0131 esteti\u011fi i\u015flemleri ameliyats\u0131z olarak yap\u0131lmaya ba\u015flanm\u0131\u015ft\u0131r.<\/p><p>Plexr denilen y\u00f6ntem ile cildin en \u00fcst tabakas\u0131n\u0131n yani epidermisin buharla\u015fmas\u0131n\u0131 sa\u011flayarak etkili olur.\u00a0Bu i\u015flem hem g\u00f6z ka\u011fa\u0131na hem de g\u00f6z alt\u0131na uygulanabilir.<\/p><p>Bu i\u015flem ki\u015filere ba\u011fl\u0131 olarak 2-3 y\u0131l aral\u0131\u011f\u0131nda s\u00fcrmektedir. Tekrarlanan Plexr i\u015flemlerinde kal\u0131c\u0131l\u0131k daha da artmaktad\u0131r. Bu i\u015flem g\u00f6z kapa\u011f\u0131 ameliyat\u0131 olman\u0131z\u0131 ileri ya\u015flara \u00f6teler ama kal\u0131c\u0131 olarak ortadan kald\u0131rmaz.<\/p><p>Bilson Health Services arac\u0131\u011f\u0131 ile T\u00fcrkiye\u2019de yer alan k\u00f6kl\u00fc hastanelerde, uzman hekimler e\u015fli\u011finde g\u00f6z kapa\u011f\u0131 esteti\u011fi i\u015flemlerinden rahatl\u0131kla faydalanabilirsiniz.<\/p>\t\t\t\t\t\t\t\t<\/div>\n\t\t\t\t<\/div>\n\t\t\t\t\t<\/div>\n\t\t<\/div>\n\t\t\t\t\t<\/div>\n\t\t<\/section>\n\t\t\t\t\t<\/div>\n\t\t<\/div>\n\t\t\t\t\t<\/div>\n\t\t<\/section>\n\t\t\t\t<section class=\"elementor-section elementor-top-section elementor-element elementor-element-5f42e4c0 elementor-section-full_width elementor-section-height-default elementor-section-height-default\" data-id=\"5f42e4c0\" data-element_type=\"section\">\n\t\t\t\t\t\t<div class=\"elementor-container elementor-column-gap-no\">\n\t\t\t\t\t<div class=\"elementor-column elementor-col-100 elementor-top-column elementor-element elementor-element-7745b563\" data-id=\"7745b563\" data-element_type=\"column\">\n\t\t\t<div class=\"elementor-widget-wrap\">\n\t\t\t\t\t\t\t<\/div>\n\t\t<\/div>\n\t\t\t\t\t<\/div>\n\t\t<\/section>\n\t\t\t\t<\/div>\n\t\t","protected":false},"excerpt":{"rendered":"<p>Sa\u00e7 Mezoterapisi Sa\u00e7 mezoterapisi hem mevcut sa\u00e7lar\u0131n canlanmas\u0131na, hem de sa\u00e7 ekimi sonras\u0131nda k\u00f6k transferi yap\u0131lm\u0131\u015f dokuya koruyucu ve destekleyici tedavi yap\u0131lmas\u0131na yard\u0131mc\u0131 oluyor. \u00dclkemizde sa\u00e7 mezoterapisi olarak ismini son y\u0131llarda duyulmu\u015f olsa da, asl\u0131nda temeli 1952 y\u0131l\u0131na dayanan eski bir sistemdir. Sa\u00e7 mezoterapisi, \u00e7ok ince u\u00e7lu i\u011fnelerle sa\u00e7l\u0131 derinin orta tabakas\u0131ndaki dermis veya hipodermis [&hellip;]<\/p>\n","protected":false},"author":1,"featured_media":0,"parent":260,"menu_order":0,"comment_status":"closed","ping_status":"closed","template":"elementor_header_footer","meta":{"footnotes":""},"class_list":["post-547","page","type-page","status-publish","hentry"],"_links":{"self":[{"href":"https:\/\/bilsonhealth.co.uk\/tr\/wp-json\/wp\/v2\/pages\/547","targetHints":{"allow":["GET"]}}],"collection":[{"href":"https:\/\/bilsonhealth.co.uk\/tr\/wp-json\/wp\/v2\/pages"}],"about":[{"href":"https:\/\/bilsonhealth.co.uk\/tr\/wp-json\/wp\/v2\/types\/page"}],"author":[{"embeddable":true,"href":"https:\/\/bilsonhealth.co.uk\/tr\/wp-json\/wp\/v2\/users\/1"}],"replies":[{"embeddable":true,"href":"https:\/\/bilsonhealth.co.uk\/tr\/wp-json\/wp\/v2\/comments?post=547"}],"version-history":[{"count":16,"href":"https:\/\/bilsonhealth.co.uk\/tr\/wp-json\/wp\/v2\/pages\/547\/revisions"}],"predecessor-version":[{"id":2503,"href":"https:\/\/bilsonhealth.co.uk\/tr\/wp-json\/wp\/v2\/pages\/547\/revisions\/2503"}],"up":[{"embeddable":true,"href":"https:\/\/bilsonhealth.co.uk\/tr\/wp-json\/wp\/v2\/pages\/260"}],"wp:attachment":[{"href":"https:\/\/bilsonhealth.co.uk\/tr\/wp-json\/wp\/v2\/media?parent=547"}],"curies":[{"name":"wp","href":"https:\/\/api.w.org\/{rel}","templated":true}]}}