{"id":541,"date":"2022-05-17T14:07:27","date_gmt":"2022-05-17T11:07:27","guid":{"rendered":"http:\/\/bilsonhealthservices.co.uk\/?page_id=541"},"modified":"2023-12-05T11:06:01","modified_gmt":"2023-12-05T08:06:01","slug":"fue-sac-ekimi","status":"publish","type":"page","link":"https:\/\/bilsonhealth.co.uk\/tr\/estetik-uygulamalari\/sac-ekimi\/fue-sac-ekimi\/","title":{"rendered":"FUE Sa\u00e7 Ekimi"},"content":{"rendered":"\t\t<div data-elementor-type=\"wp-page\" data-elementor-id=\"541\" class=\"elementor elementor-541\" data-elementor-post-type=\"page\">\n\t\t\t\t\t\t<section class=\"elementor-section elementor-top-section elementor-element elementor-element-c0532d8 elementor-section-boxed elementor-section-height-default elementor-section-height-default\" data-id=\"c0532d8\" data-element_type=\"section\" data-settings=\"{&quot;background_background&quot;:&quot;classic&quot;}\">\n\t\t\t\t\t\t\t<div class=\"elementor-background-overlay\"><\/div>\n\t\t\t\t\t\t\t<div class=\"elementor-container elementor-column-gap-default\">\n\t\t\t\t\t<div class=\"elementor-column elementor-col-100 elementor-top-column elementor-element elementor-element-7dc2a20\" data-id=\"7dc2a20\" data-element_type=\"column\" data-settings=\"{&quot;background_background&quot;:&quot;classic&quot;}\">\n\t\t\t<div class=\"elementor-widget-wrap elementor-element-populated\">\n\t\t\t\t\t\t<div class=\"elementor-element elementor-element-96ba085 elementor-widget elementor-widget-text-editor\" data-id=\"96ba085\" data-element_type=\"widget\" data-widget_type=\"text-editor.default\">\n\t\t\t\t<div class=\"elementor-widget-container\">\n\t\t\t\t\t\t\t\t\t<h3>FUE Sa\u00e7 Ekimi<\/h3>\t\t\t\t\t\t\t\t<\/div>\n\t\t\t\t<\/div>\n\t\t\t\t\t<\/div>\n\t\t<\/div>\n\t\t\t\t\t<\/div>\n\t\t<\/section>\n\t\t\t\t<section class=\"elementor-section elementor-top-section elementor-element elementor-element-416dd52c elementor-section-boxed elementor-section-height-default elementor-section-height-default\" data-id=\"416dd52c\" data-element_type=\"section\">\n\t\t\t\t\t\t\t<div class=\"elementor-background-overlay\"><\/div>\n\t\t\t\t\t\t\t<div class=\"elementor-container elementor-column-gap-default\">\n\t\t\t\t\t<div class=\"elementor-column elementor-col-100 elementor-top-column elementor-element elementor-element-43a5de61\" data-id=\"43a5de61\" data-element_type=\"column\">\n\t\t\t<div class=\"elementor-widget-wrap elementor-element-populated\">\n\t\t\t\t\t\t<section class=\"elementor-section elementor-inner-section elementor-element elementor-element-883a958 elementor-section-boxed elementor-section-height-default elementor-section-height-default\" data-id=\"883a958\" data-element_type=\"section\">\n\t\t\t\t\t\t<div class=\"elementor-container elementor-column-gap-default\">\n\t\t\t\t\t<div class=\"elementor-column elementor-col-100 elementor-inner-column elementor-element elementor-element-464b607e animated-slow elementor-invisible\" data-id=\"464b607e\" data-element_type=\"column\" data-settings=\"{&quot;animation&quot;:&quot;fadeIn&quot;,&quot;animation_delay&quot;:200}\">\n\t\t\t<div class=\"elementor-widget-wrap elementor-element-populated\">\n\t\t\t\t\t\t<div class=\"elementor-element elementor-element-772dac6c elementor-widget elementor-widget-text-editor\" data-id=\"772dac6c\" data-element_type=\"widget\" data-widget_type=\"text-editor.default\">\n\t\t\t\t<div class=\"elementor-widget-container\">\n\t\t\t\t\t\t\t\t\t<p>Sa\u00e7 ekimi, olduk\u00e7a \u00f6nemli bir i\u015flemdir ve son derece titizlikle, i\u015finin profesyonelleri taraf\u0131ndan yap\u0131lmas\u0131 gerekmektedir. Bu nedenle akl\u0131n\u0131za tak\u0131lan ve uzmanlardan sa\u011fl\u0131kl\u0131 bilgilerden almak i\u00e7in Bilson Health Services\u2019a t\u00fcm sorular\u0131n\u0131z\u0131 sorabilirsiniz.<\/p><p><strong>1-FUE :<\/strong>\u00a0Mikromotor yard\u0131m\u0131 ile ki\u015finin sa\u00e7 k\u00f6klerine \u00f6zel 0,70 -0,80 ve 0,90 mm \u00e7ap\u0131nda \u00f6zel ba\u015fl\u0131klar kullan\u0131larak, yap\u0131lan i\u015fleme denir. . Don\u00f6r alanda ne\u015fter kullan\u0131lmaz, bu b\u00f6lgeye diki\u015f at\u0131lmaz ve k\u00f6klerin al\u0131nd\u0131\u011f\u0131 noktalarda g\u00f6zle g\u00f6r\u00fcl\u00fcr bir iz kalmamas\u0131 en b\u00fcy\u00fck avantajlar\u0131 aras\u0131nda say\u0131labilir. FUE y\u00f6ntemi ile daha fazla k\u00f6k al\u0131nabilmekte ve daha s\u0131k ve do\u011fal sa\u00e7lara kavu\u015fmay\u0131 m\u00fcmk\u00fcn k\u0131lmaktad\u0131r.<\/p><p><strong>2-FUT ( Follicular Unit Transplantation ): <\/strong>\u0130ki kulak aras\u0131nda kalan sa\u00e7l\u0131 derinin ince bir \u015ferit \u015feklinde al\u0131narak, k\u00f6klerin mikroskop alt\u0131nda ayr\u0131\u015ft\u0131r\u0131lma i\u015flemidir. Bu teknikte ne\u015fter kullan\u0131l\u0131r ve k\u00f6klerin al\u0131nd\u0131\u011f\u0131 b\u00f6lgeye diki\u015f at\u0131l\u0131r, sa\u00e7lar k\u0131sa t\u0131ra\u015f sonras\u0131 yara izi belli olmaktad\u0131r. Sa\u00e7 ekimi sonras\u0131 ekilen sa\u00e7lar kesinlikle yeniden d\u00f6k\u00fclmez. \u0130\u015flem hastane ortam\u0131nda, lokal anestezi etkisinde yap\u0131lan bir operasyon oldu\u011fundan normal hayat\u0131n\u0131za birka\u00e7 g\u00fcn i\u00e7erisinde kolayl\u0131kla d\u00f6nebilirsiniz.\u00a0<\/p><p>Bilson Health Services\u2019\u0131n T\u00fcrkiye\u2019deki anla\u015fmal\u0131 hastaneleri ve klinikleri ile konforlu ve son derece g\u00fcvenli bir ortamda t\u00fcm sa\u00e7 ekimi i\u015flemlerinizi kolayl\u0131kla yapt\u0131rabilirsiniz.<\/p>\t\t\t\t\t\t\t\t<\/div>\n\t\t\t\t<\/div>\n\t\t\t\t\t<\/div>\n\t\t<\/div>\n\t\t\t\t\t<\/div>\n\t\t<\/section>\n\t\t\t\t\t<\/div>\n\t\t<\/div>\n\t\t\t\t\t<\/div>\n\t\t<\/section>\n\t\t\t\t<section class=\"elementor-section elementor-top-section elementor-element elementor-element-7735ee1c elementor-section-full_width elementor-section-height-default elementor-section-height-default\" data-id=\"7735ee1c\" data-element_type=\"section\">\n\t\t\t\t\t\t<div class=\"elementor-container elementor-column-gap-no\">\n\t\t\t\t\t<div class=\"elementor-column elementor-col-100 elementor-top-column elementor-element elementor-element-11df5d74\" data-id=\"11df5d74\" data-element_type=\"column\">\n\t\t\t<div class=\"elementor-widget-wrap\">\n\t\t\t\t\t\t\t<\/div>\n\t\t<\/div>\n\t\t\t\t\t<\/div>\n\t\t<\/section>\n\t\t\t\t<\/div>\n\t\t","protected":false},"excerpt":{"rendered":"<p>FUE Sa\u00e7 Ekimi Sa\u00e7 ekimi, olduk\u00e7a \u00f6nemli bir i\u015flemdir ve son derece titizlikle, i\u015finin profesyonelleri taraf\u0131ndan yap\u0131lmas\u0131 gerekmektedir. Bu nedenle akl\u0131n\u0131za tak\u0131lan ve uzmanlardan sa\u011fl\u0131kl\u0131 bilgilerden almak i\u00e7in Bilson Health Services\u2019a t\u00fcm sorular\u0131n\u0131z\u0131 sorabilirsiniz. 1-FUE :\u00a0Mikromotor yard\u0131m\u0131 ile ki\u015finin sa\u00e7 k\u00f6klerine \u00f6zel 0,70 -0,80 ve 0,90 mm \u00e7ap\u0131nda \u00f6zel ba\u015fl\u0131klar kullan\u0131larak, yap\u0131lan i\u015fleme denir. . [&hellip;]<\/p>\n","protected":false},"author":1,"featured_media":0,"parent":260,"menu_order":0,"comment_status":"closed","ping_status":"closed","template":"elementor_header_footer","meta":{"footnotes":""},"class_list":["post-541","page","type-page","status-publish","hentry"],"_links":{"self":[{"href":"https:\/\/bilsonhealth.co.uk\/tr\/wp-json\/wp\/v2\/pages\/541","targetHints":{"allow":["GET"]}}],"collection":[{"href":"https:\/\/bilsonhealth.co.uk\/tr\/wp-json\/wp\/v2\/pages"}],"about":[{"href":"https:\/\/bilsonhealth.co.uk\/tr\/wp-json\/wp\/v2\/types\/page"}],"author":[{"embeddable":true,"href":"https:\/\/bilsonhealth.co.uk\/tr\/wp-json\/wp\/v2\/users\/1"}],"replies":[{"embeddable":true,"href":"https:\/\/bilsonhealth.co.uk\/tr\/wp-json\/wp\/v2\/comments?post=541"}],"version-history":[{"count":19,"href":"https:\/\/bilsonhealth.co.uk\/tr\/wp-json\/wp\/v2\/pages\/541\/revisions"}],"predecessor-version":[{"id":2497,"href":"https:\/\/bilsonhealth.co.uk\/tr\/wp-json\/wp\/v2\/pages\/541\/revisions\/2497"}],"up":[{"embeddable":true,"href":"https:\/\/bilsonhealth.co.uk\/tr\/wp-json\/wp\/v2\/pages\/260"}],"wp:attachment":[{"href":"https:\/\/bilsonhealth.co.uk\/tr\/wp-json\/wp\/v2\/media?parent=541"}],"curies":[{"name":"wp","href":"https:\/\/api.w.org\/{rel}","templated":true}]}}