{"id":521,"date":"2022-05-17T14:02:39","date_gmt":"2022-05-17T11:02:39","guid":{"rendered":"http:\/\/bilsonhealthservices.co.uk\/?page_id=521"},"modified":"2023-12-05T10:49:57","modified_gmt":"2023-12-05T07:49:57","slug":"goz-kapagi-estetigi","status":"publish","type":"page","link":"https:\/\/bilsonhealth.co.uk\/tr\/estetik-uygulamalari\/yuz-estetigi\/goz-kapagi-estetigi\/","title":{"rendered":"G\u00f6z Kapa\u011f\u0131 Esteti\u011fi"},"content":{"rendered":"\t\t<div data-elementor-type=\"wp-page\" data-elementor-id=\"521\" class=\"elementor elementor-521\" data-elementor-post-type=\"page\">\n\t\t\t\t\t\t<section class=\"elementor-section elementor-top-section elementor-element elementor-element-192476c elementor-section-boxed elementor-section-height-default elementor-section-height-default\" data-id=\"192476c\" data-element_type=\"section\" data-settings=\"{&quot;background_background&quot;:&quot;classic&quot;}\">\n\t\t\t\t\t\t\t<div class=\"elementor-background-overlay\"><\/div>\n\t\t\t\t\t\t\t<div class=\"elementor-container elementor-column-gap-default\">\n\t\t\t\t\t<div class=\"elementor-column elementor-col-100 elementor-top-column elementor-element elementor-element-56d1d3b\" data-id=\"56d1d3b\" data-element_type=\"column\" data-settings=\"{&quot;background_background&quot;:&quot;classic&quot;}\">\n\t\t\t<div class=\"elementor-widget-wrap elementor-element-populated\">\n\t\t\t\t\t\t<div class=\"elementor-element elementor-element-447dc61 elementor-widget elementor-widget-text-editor\" data-id=\"447dc61\" data-element_type=\"widget\" data-widget_type=\"text-editor.default\">\n\t\t\t\t<div class=\"elementor-widget-container\">\n\t\t\t\t\t\t\t\t\t<h3>G\u00f6z Kapa\u011f\u0131 Esteti\u011fi<\/h3>\t\t\t\t\t\t\t\t<\/div>\n\t\t\t\t<\/div>\n\t\t\t\t\t<\/div>\n\t\t<\/div>\n\t\t\t\t\t<\/div>\n\t\t<\/section>\n\t\t\t\t<section class=\"elementor-section elementor-top-section elementor-element elementor-element-4e9ac640 elementor-section-boxed elementor-section-height-default elementor-section-height-default\" data-id=\"4e9ac640\" data-element_type=\"section\">\n\t\t\t\t\t\t\t<div class=\"elementor-background-overlay\"><\/div>\n\t\t\t\t\t\t\t<div class=\"elementor-container elementor-column-gap-default\">\n\t\t\t\t\t<div class=\"elementor-column elementor-col-100 elementor-top-column elementor-element elementor-element-6293be86\" data-id=\"6293be86\" data-element_type=\"column\">\n\t\t\t<div class=\"elementor-widget-wrap elementor-element-populated\">\n\t\t\t\t\t\t<section class=\"elementor-section elementor-inner-section elementor-element elementor-element-5cd9a51c elementor-section-boxed elementor-section-height-default elementor-section-height-default\" data-id=\"5cd9a51c\" data-element_type=\"section\">\n\t\t\t\t\t\t<div class=\"elementor-container elementor-column-gap-default\">\n\t\t\t\t\t<div class=\"elementor-column elementor-col-100 elementor-inner-column elementor-element elementor-element-66c67664 animated-slow elementor-invisible\" data-id=\"66c67664\" data-element_type=\"column\" data-settings=\"{&quot;animation&quot;:&quot;fadeIn&quot;,&quot;animation_delay&quot;:200}\">\n\t\t\t<div class=\"elementor-widget-wrap elementor-element-populated\">\n\t\t\t\t\t\t<div class=\"elementor-element elementor-element-236df9b7 elementor-widget elementor-widget-text-editor\" data-id=\"236df9b7\" data-element_type=\"widget\" data-widget_type=\"text-editor.default\">\n\t\t\t\t<div class=\"elementor-widget-container\">\n\t\t\t\t\t\t\t\t\t<p>G\u00fcn\u00fcm\u00fczde en fazla yapt\u0131r\u0131lan estetik uygulamalar\u0131ndan biridir. \u00d6zellikle teknolojinin ilerlemesiyle g\u00f6z kapa\u011f\u0131 esteti\u011fi i\u015flemleri ameliyats\u0131z olarak yap\u0131lmaya ba\u015flanm\u0131\u015ft\u0131r.<\/p><p>Plexr denilen y\u00f6ntem ile cildin en \u00fcst tabakas\u0131n\u0131n yani epidermisin buharla\u015fmas\u0131n\u0131 sa\u011flayarak etkili olur.\u00a0Bu i\u015flem hem g\u00f6z ka\u011fa\u0131na hem de g\u00f6z alt\u0131na uygulanabilir.<\/p><p>Bu i\u015flem ki\u015filere ba\u011fl\u0131 olarak 2-3 y\u0131l aral\u0131\u011f\u0131nda s\u00fcrmektedir. Tekrarlanan Plexr i\u015flemlerinde kal\u0131c\u0131l\u0131k daha da artmaktad\u0131r. Bu i\u015flem g\u00f6z kapa\u011f\u0131 ameliyat\u0131 olman\u0131z\u0131 ileri ya\u015flara \u00f6teler ama kal\u0131c\u0131 olarak ortadan kald\u0131rmaz.<\/p><p>Bilson Health Services arac\u0131\u011f\u0131 ile T\u00fcrkiye\u2019de yer alan k\u00f6kl\u00fc hastanelerde, uzman hekimler e\u015fli\u011finde g\u00f6z kapa\u011f\u0131 esteti\u011fi i\u015flemlerinden rahatl\u0131kla faydalanabilirsiniz.<\/p>\t\t\t\t\t\t\t\t<\/div>\n\t\t\t\t<\/div>\n\t\t\t\t\t<\/div>\n\t\t<\/div>\n\t\t\t\t\t<\/div>\n\t\t<\/section>\n\t\t\t\t\t<\/div>\n\t\t<\/div>\n\t\t\t\t\t<\/div>\n\t\t<\/section>\n\t\t\t\t<section class=\"elementor-section elementor-top-section elementor-element elementor-element-14c37d0f elementor-section-full_width elementor-section-height-default elementor-section-height-default\" data-id=\"14c37d0f\" data-element_type=\"section\">\n\t\t\t\t\t\t<div class=\"elementor-container elementor-column-gap-no\">\n\t\t\t\t\t<div class=\"elementor-column elementor-col-100 elementor-top-column elementor-element elementor-element-f20928b\" data-id=\"f20928b\" data-element_type=\"column\">\n\t\t\t<div class=\"elementor-widget-wrap\">\n\t\t\t\t\t\t\t<\/div>\n\t\t<\/div>\n\t\t\t\t\t<\/div>\n\t\t<\/section>\n\t\t\t\t<\/div>\n\t\t","protected":false},"excerpt":{"rendered":"<p>G\u00f6z Kapa\u011f\u0131 Esteti\u011fi G\u00fcn\u00fcm\u00fczde en fazla yapt\u0131r\u0131lan estetik uygulamalar\u0131ndan biridir. \u00d6zellikle teknolojinin ilerlemesiyle g\u00f6z kapa\u011f\u0131 esteti\u011fi i\u015flemleri ameliyats\u0131z olarak yap\u0131lmaya ba\u015flanm\u0131\u015ft\u0131r. Plexr denilen y\u00f6ntem ile cildin en \u00fcst tabakas\u0131n\u0131n yani epidermisin buharla\u015fmas\u0131n\u0131 sa\u011flayarak etkili olur.\u00a0Bu i\u015flem hem g\u00f6z ka\u011fa\u0131na hem de g\u00f6z alt\u0131na uygulanabilir. Bu i\u015flem ki\u015filere ba\u011fl\u0131 olarak 2-3 y\u0131l aral\u0131\u011f\u0131nda s\u00fcrmektedir. Tekrarlanan Plexr [&hellip;]<\/p>\n","protected":false},"author":1,"featured_media":0,"parent":284,"menu_order":0,"comment_status":"closed","ping_status":"closed","template":"elementor_header_footer","meta":{"footnotes":""},"class_list":["post-521","page","type-page","status-publish","hentry"],"_links":{"self":[{"href":"https:\/\/bilsonhealth.co.uk\/tr\/wp-json\/wp\/v2\/pages\/521","targetHints":{"allow":["GET"]}}],"collection":[{"href":"https:\/\/bilsonhealth.co.uk\/tr\/wp-json\/wp\/v2\/pages"}],"about":[{"href":"https:\/\/bilsonhealth.co.uk\/tr\/wp-json\/wp\/v2\/types\/page"}],"author":[{"embeddable":true,"href":"https:\/\/bilsonhealth.co.uk\/tr\/wp-json\/wp\/v2\/users\/1"}],"replies":[{"embeddable":true,"href":"https:\/\/bilsonhealth.co.uk\/tr\/wp-json\/wp\/v2\/comments?post=521"}],"version-history":[{"count":22,"href":"https:\/\/bilsonhealth.co.uk\/tr\/wp-json\/wp\/v2\/pages\/521\/revisions"}],"predecessor-version":[{"id":2398,"href":"https:\/\/bilsonhealth.co.uk\/tr\/wp-json\/wp\/v2\/pages\/521\/revisions\/2398"}],"up":[{"embeddable":true,"href":"https:\/\/bilsonhealth.co.uk\/tr\/wp-json\/wp\/v2\/pages\/284"}],"wp:attachment":[{"href":"https:\/\/bilsonhealth.co.uk\/tr\/wp-json\/wp\/v2\/media?parent=521"}],"curies":[{"name":"wp","href":"https:\/\/api.w.org\/{rel}","templated":true}]}}