{"id":516,"date":"2022-05-17T14:01:43","date_gmt":"2022-05-17T11:01:43","guid":{"rendered":"http:\/\/bilsonhealthservices.co.uk\/?page_id=516"},"modified":"2023-12-05T10:51:40","modified_gmt":"2023-12-05T07:51:40","slug":"kulak-estetigi","status":"publish","type":"page","link":"https:\/\/bilsonhealth.co.uk\/tr\/estetik-uygulamalari\/yuz-estetigi\/kulak-estetigi\/","title":{"rendered":"Kulak Esteti\u011fi"},"content":{"rendered":"\t\t<div data-elementor-type=\"wp-page\" data-elementor-id=\"516\" class=\"elementor elementor-516\" data-elementor-post-type=\"page\">\n\t\t\t\t\t\t<section class=\"elementor-section elementor-top-section elementor-element elementor-element-2677232 elementor-section-boxed elementor-section-height-default elementor-section-height-default\" data-id=\"2677232\" data-element_type=\"section\" data-settings=\"{&quot;background_background&quot;:&quot;classic&quot;}\">\n\t\t\t\t\t\t\t<div class=\"elementor-background-overlay\"><\/div>\n\t\t\t\t\t\t\t<div class=\"elementor-container elementor-column-gap-default\">\n\t\t\t\t\t<div class=\"elementor-column elementor-col-100 elementor-top-column elementor-element elementor-element-e35308f\" data-id=\"e35308f\" data-element_type=\"column\" data-settings=\"{&quot;background_background&quot;:&quot;classic&quot;}\">\n\t\t\t<div class=\"elementor-widget-wrap elementor-element-populated\">\n\t\t\t\t\t\t<div class=\"elementor-element elementor-element-1efd61b elementor-widget elementor-widget-text-editor\" data-id=\"1efd61b\" data-element_type=\"widget\" data-widget_type=\"text-editor.default\">\n\t\t\t\t<div class=\"elementor-widget-container\">\n\t\t\t\t\t\t\t\t\t<h3>Kulak Esteti\u011fi<\/h3>\t\t\t\t\t\t\t\t<\/div>\n\t\t\t\t<\/div>\n\t\t\t\t\t<\/div>\n\t\t<\/div>\n\t\t\t\t\t<\/div>\n\t\t<\/section>\n\t\t\t\t<section class=\"elementor-section elementor-top-section elementor-element elementor-element-11a36c33 elementor-section-boxed elementor-section-height-default elementor-section-height-default\" data-id=\"11a36c33\" data-element_type=\"section\">\n\t\t\t\t\t\t\t<div class=\"elementor-background-overlay\"><\/div>\n\t\t\t\t\t\t\t<div class=\"elementor-container elementor-column-gap-default\">\n\t\t\t\t\t<div class=\"elementor-column elementor-col-100 elementor-top-column elementor-element elementor-element-4f820a99\" data-id=\"4f820a99\" data-element_type=\"column\">\n\t\t\t<div class=\"elementor-widget-wrap elementor-element-populated\">\n\t\t\t\t\t\t<section class=\"elementor-section elementor-inner-section elementor-element elementor-element-20a57b51 elementor-section-boxed elementor-section-height-default elementor-section-height-default\" data-id=\"20a57b51\" data-element_type=\"section\">\n\t\t\t\t\t\t<div class=\"elementor-container elementor-column-gap-default\">\n\t\t\t\t\t<div class=\"elementor-column elementor-col-100 elementor-inner-column elementor-element elementor-element-4fad1a23 animated-slow elementor-invisible\" data-id=\"4fad1a23\" data-element_type=\"column\" data-settings=\"{&quot;animation&quot;:&quot;fadeIn&quot;,&quot;animation_delay&quot;:200}\">\n\t\t\t<div class=\"elementor-widget-wrap elementor-element-populated\">\n\t\t\t\t\t\t<div class=\"elementor-element elementor-element-61e7a9b7 elementor-widget elementor-widget-text-editor\" data-id=\"61e7a9b7\" data-element_type=\"widget\" data-widget_type=\"text-editor.default\">\n\t\t\t\t<div class=\"elementor-widget-container\">\n\t\t\t\t\t\t\t\t\t<p>Otoplasti diye adland\u0131r\u0131lan bu estetik \u00e7e\u015fidi kulak esteti\u011fi olarak da bilinmektedir. Kep\u00e7e kulak ameliyatlar\u0131nda ba\u015fvurulan bir y\u00f6ntemdir. Kulak yap\u0131s\u0131n\u0131n do\u011fal hale gelmesini ve estetik a\u00e7\u0131dan g\u00fczel g\u00f6r\u00fcnmesini sa\u011flar. Alan\u0131nda uzman cerrahlar taraf\u0131ndan yap\u0131lmas\u0131 gereken i\u015flemlerden biridir.<\/p><p>Bilson Health Services arac\u0131\u011f\u0131 ile T\u00fcrkiye\u2019de yer alan k\u00f6kl\u00fc hastanelerde, uzman hekimler e\u015fli\u011finde kulak esteti\u011fi i\u015flemlerinden rahatl\u0131kla faydalanabilirsiniz.<\/p><p><strong>\u0130ple Kep\u00e7e Kulak Esteti\u011fi <\/strong><\/p><p>E\u011fer kula\u011f\u0131n\u0131zda \u00e7ok fazla bir deformasyon yok ise iple kulak tercihinden faydalanabilirsiniz. Yine bu i\u015flemden evvel uzman hekimlerin g\u00f6r\u00fc\u015flerinden yararlanman\u0131z da fayda vard\u0131r.<\/p><p>\u0130ple kep\u00e7e kulak esteti\u011fi lokal anestezi ile yap\u0131l\u0131r \u00e7ocuklar da ise genel anestezi uygulan\u0131r. Kula\u011f\u0131n \u00fcst k\u0131sm\u0131ndan \u00f6zel bir i\u011fne yard\u0131m\u0131yla medikal ip \u00e7ekilerek yap\u0131lan bir i\u015flemdir. Ortalama 15 dakikada i\u015flem tamamlan\u0131r. Kesi olmadan uygulanan bir i\u015flem oldu\u011fu i\u00e7in hasta g\u00fcnl\u00fck hayat\u0131na kald\u0131\u011f\u0131 yerden devam edebilir.<\/p>\t\t\t\t\t\t\t\t<\/div>\n\t\t\t\t<\/div>\n\t\t\t\t\t<\/div>\n\t\t<\/div>\n\t\t\t\t\t<\/div>\n\t\t<\/section>\n\t\t\t\t\t<\/div>\n\t\t<\/div>\n\t\t\t\t\t<\/div>\n\t\t<\/section>\n\t\t\t\t<section class=\"elementor-section elementor-top-section elementor-element elementor-element-1c7256ab elementor-section-full_width elementor-section-height-default elementor-section-height-default\" data-id=\"1c7256ab\" data-element_type=\"section\">\n\t\t\t\t\t\t<div class=\"elementor-container elementor-column-gap-no\">\n\t\t\t\t\t<div class=\"elementor-column elementor-col-100 elementor-top-column elementor-element elementor-element-4f991722\" data-id=\"4f991722\" data-element_type=\"column\">\n\t\t\t<div class=\"elementor-widget-wrap\">\n\t\t\t\t\t\t\t<\/div>\n\t\t<\/div>\n\t\t\t\t\t<\/div>\n\t\t<\/section>\n\t\t\t\t<\/div>\n\t\t","protected":false},"excerpt":{"rendered":"<p>Kulak Esteti\u011fi Otoplasti diye adland\u0131r\u0131lan bu estetik \u00e7e\u015fidi kulak esteti\u011fi olarak da bilinmektedir. Kep\u00e7e kulak ameliyatlar\u0131nda ba\u015fvurulan bir y\u00f6ntemdir. Kulak yap\u0131s\u0131n\u0131n do\u011fal hale gelmesini ve estetik a\u00e7\u0131dan g\u00fczel g\u00f6r\u00fcnmesini sa\u011flar. Alan\u0131nda uzman cerrahlar taraf\u0131ndan yap\u0131lmas\u0131 gereken i\u015flemlerden biridir. Bilson Health Services arac\u0131\u011f\u0131 ile T\u00fcrkiye\u2019de yer alan k\u00f6kl\u00fc hastanelerde, uzman hekimler e\u015fli\u011finde kulak esteti\u011fi i\u015flemlerinden rahatl\u0131kla [&hellip;]<\/p>\n","protected":false},"author":1,"featured_media":0,"parent":284,"menu_order":0,"comment_status":"closed","ping_status":"closed","template":"elementor_header_footer","meta":{"footnotes":""},"class_list":["post-516","page","type-page","status-publish","hentry"],"_links":{"self":[{"href":"https:\/\/bilsonhealth.co.uk\/tr\/wp-json\/wp\/v2\/pages\/516","targetHints":{"allow":["GET"]}}],"collection":[{"href":"https:\/\/bilsonhealth.co.uk\/tr\/wp-json\/wp\/v2\/pages"}],"about":[{"href":"https:\/\/bilsonhealth.co.uk\/tr\/wp-json\/wp\/v2\/types\/page"}],"author":[{"embeddable":true,"href":"https:\/\/bilsonhealth.co.uk\/tr\/wp-json\/wp\/v2\/users\/1"}],"replies":[{"embeddable":true,"href":"https:\/\/bilsonhealth.co.uk\/tr\/wp-json\/wp\/v2\/comments?post=516"}],"version-history":[{"count":22,"href":"https:\/\/bilsonhealth.co.uk\/tr\/wp-json\/wp\/v2\/pages\/516\/revisions"}],"predecessor-version":[{"id":2413,"href":"https:\/\/bilsonhealth.co.uk\/tr\/wp-json\/wp\/v2\/pages\/516\/revisions\/2413"}],"up":[{"embeddable":true,"href":"https:\/\/bilsonhealth.co.uk\/tr\/wp-json\/wp\/v2\/pages\/284"}],"wp:attachment":[{"href":"https:\/\/bilsonhealth.co.uk\/tr\/wp-json\/wp\/v2\/media?parent=516"}],"curies":[{"name":"wp","href":"https:\/\/api.w.org\/{rel}","templated":true}]}}