{"id":505,"date":"2022-05-17T13:59:29","date_gmt":"2022-05-17T10:59:29","guid":{"rendered":"http:\/\/bilsonhealthservices.co.uk\/?page_id=505"},"modified":"2023-12-05T10:50:37","modified_gmt":"2023-12-05T07:50:37","slug":"ameliyatsiz-dudak-dolgusu","status":"publish","type":"page","link":"https:\/\/bilsonhealth.co.uk\/tr\/estetik-uygulamalari\/yuz-estetigi\/ameliyatsiz-dudak-dolgusu\/","title":{"rendered":"Ameliyats\u0131z Dudak Dolgusu"},"content":{"rendered":"\t\t<div data-elementor-type=\"wp-page\" data-elementor-id=\"505\" class=\"elementor elementor-505\" data-elementor-post-type=\"page\">\n\t\t\t\t\t\t<section class=\"elementor-section elementor-top-section elementor-element elementor-element-405008a elementor-section-boxed elementor-section-height-default elementor-section-height-default\" data-id=\"405008a\" data-element_type=\"section\" data-settings=\"{&quot;background_background&quot;:&quot;classic&quot;}\">\n\t\t\t\t\t\t\t<div class=\"elementor-background-overlay\"><\/div>\n\t\t\t\t\t\t\t<div class=\"elementor-container elementor-column-gap-default\">\n\t\t\t\t\t<div class=\"elementor-column elementor-col-100 elementor-top-column elementor-element elementor-element-c91e158\" data-id=\"c91e158\" data-element_type=\"column\" data-settings=\"{&quot;background_background&quot;:&quot;classic&quot;}\">\n\t\t\t<div class=\"elementor-widget-wrap elementor-element-populated\">\n\t\t\t\t\t\t<div class=\"elementor-element elementor-element-7476d3f elementor-widget elementor-widget-text-editor\" data-id=\"7476d3f\" data-element_type=\"widget\" data-widget_type=\"text-editor.default\">\n\t\t\t\t<div class=\"elementor-widget-container\">\n\t\t\t\t\t\t\t\t\t<h3>Ameliyats\u0131z Dudak Dolgusu<\/h3>\t\t\t\t\t\t\t\t<\/div>\n\t\t\t\t<\/div>\n\t\t\t\t\t<\/div>\n\t\t<\/div>\n\t\t\t\t\t<\/div>\n\t\t<\/section>\n\t\t\t\t<section class=\"elementor-section elementor-top-section elementor-element elementor-element-2e3a984d elementor-section-boxed elementor-section-height-default elementor-section-height-default\" data-id=\"2e3a984d\" data-element_type=\"section\">\n\t\t\t\t\t\t\t<div class=\"elementor-background-overlay\"><\/div>\n\t\t\t\t\t\t\t<div class=\"elementor-container elementor-column-gap-default\">\n\t\t\t\t\t<div class=\"elementor-column elementor-col-100 elementor-top-column elementor-element elementor-element-31845af1\" data-id=\"31845af1\" data-element_type=\"column\">\n\t\t\t<div class=\"elementor-widget-wrap elementor-element-populated\">\n\t\t\t\t\t\t<section class=\"elementor-section elementor-inner-section elementor-element elementor-element-6712b5f6 elementor-section-boxed elementor-section-height-default elementor-section-height-default\" data-id=\"6712b5f6\" data-element_type=\"section\">\n\t\t\t\t\t\t<div class=\"elementor-container elementor-column-gap-default\">\n\t\t\t\t\t<div class=\"elementor-column elementor-col-100 elementor-inner-column elementor-element elementor-element-5067ccdf animated-slow elementor-invisible\" data-id=\"5067ccdf\" data-element_type=\"column\" data-settings=\"{&quot;animation&quot;:&quot;fadeIn&quot;,&quot;animation_delay&quot;:200}\">\n\t\t\t<div class=\"elementor-widget-wrap elementor-element-populated\">\n\t\t\t\t\t\t<div class=\"elementor-element elementor-element-4b5ff76c elementor-widget elementor-widget-text-editor\" data-id=\"4b5ff76c\" data-element_type=\"widget\" data-widget_type=\"text-editor.default\">\n\t\t\t\t<div class=\"elementor-widget-container\">\n\t\t\t\t\t\t\t\t\t<p>Modern d\u00f6nemin en \u00f6nemli ameliyats\u0131z i\u015flemlerinden biri de dudak dolgusudur. Dudaklar\u0131n daha dolgun g\u00f6r\u00fcnmesini isteyen, estetik a\u00e7\u0131dan daha ho\u015f dudaklara sahip olmak isteyen herkesin ba\u015fvurdu\u011fu bir y\u00f6ntemdir. \u00c7ok ince u\u00e7lu i\u011fnelerle dudaklara \u201chyal\u00fcronik asit\u201d uygulama i\u015flemidir. Bu i\u015flem dudaklara g\u00fc\u00e7 ve dolgunluk kazand\u0131rarak istenilen \u015fekilde dudaklara sahip olunmas\u0131n\u0131 destekler.<\/p><p>Uygulamada dudaklar\u0131n y\u00fcz hacmine g\u00f6re orant\u0131s\u0131n\u0131n iyi yap\u0131lmas\u0131 gerekmektedir aksi takdirde vehim sonu\u00e7larla kar\u015f\u0131la\u015fabilir. Bu nedenle uygulamay\u0131 yapan ki\u015finin g\u00fcvenilir ve alan\u0131nda uzman olmas\u0131 gerekmektedir. Bilson Health Services arac\u0131\u011f\u0131 ile T\u00fcrkiye\u2019de yer alan k\u00f6kl\u00fc hastanelerde, uzman hekimler e\u015fli\u011finde ameliyats\u0131z dudak dolgu i\u015flemlerinden rahatl\u0131kla faydalanabilirsiniz.<\/p><p>\u00a0<\/p><p><strong>Ameliyats\u0131z Dudak Dolgusu Kullan\u0131m S\u00fcresi <\/strong><\/p><p>\u00a0<\/p><p>Dudaklar\u0131n\u0131za daha dolgun g\u00f6r\u00fcn\u00fcm vermeyi ama\u00e7layan bu i\u015flemin kal\u0131c\u0131l\u0131k s\u00fcresi ki\u015fiden ki\u015fiye de\u011fi\u015febilmektedir. Dudak yap\u0131s\u0131, dolgu maddesini tutma kapasitesi de\u011fi\u015fkenlik g\u00f6sterir. Herhangi bir farkl\u0131 durum olu\u015fmad\u0131\u011f\u0131 s\u00fcrece dudak dolgusu 5-6 ay aras\u0131na kadar kal\u0131c\u0131l\u0131k g\u00f6stermektedir.<\/p>\t\t\t\t\t\t\t\t<\/div>\n\t\t\t\t<\/div>\n\t\t\t\t\t<\/div>\n\t\t<\/div>\n\t\t\t\t\t<\/div>\n\t\t<\/section>\n\t\t\t\t\t<\/div>\n\t\t<\/div>\n\t\t\t\t\t<\/div>\n\t\t<\/section>\n\t\t\t\t<section class=\"elementor-section elementor-top-section elementor-element elementor-element-57305c54 elementor-section-full_width elementor-section-height-default elementor-section-height-default\" data-id=\"57305c54\" data-element_type=\"section\">\n\t\t\t\t\t\t<div class=\"elementor-container elementor-column-gap-no\">\n\t\t\t\t\t<div class=\"elementor-column elementor-col-100 elementor-top-column elementor-element elementor-element-29bac89c\" data-id=\"29bac89c\" data-element_type=\"column\">\n\t\t\t<div class=\"elementor-widget-wrap\">\n\t\t\t\t\t\t\t<\/div>\n\t\t<\/div>\n\t\t\t\t\t<\/div>\n\t\t<\/section>\n\t\t\t\t<\/div>\n\t\t","protected":false},"excerpt":{"rendered":"<p>Ameliyats\u0131z Dudak Dolgusu Modern d\u00f6nemin en \u00f6nemli ameliyats\u0131z i\u015flemlerinden biri de dudak dolgusudur. Dudaklar\u0131n daha dolgun g\u00f6r\u00fcnmesini isteyen, estetik a\u00e7\u0131dan daha ho\u015f dudaklara sahip olmak isteyen herkesin ba\u015fvurdu\u011fu bir y\u00f6ntemdir. \u00c7ok ince u\u00e7lu i\u011fnelerle dudaklara \u201chyal\u00fcronik asit\u201d uygulama i\u015flemidir. Bu i\u015flem dudaklara g\u00fc\u00e7 ve dolgunluk kazand\u0131rarak istenilen \u015fekilde dudaklara sahip olunmas\u0131n\u0131 destekler. Uygulamada dudaklar\u0131n y\u00fcz [&hellip;]<\/p>\n","protected":false},"author":1,"featured_media":0,"parent":284,"menu_order":0,"comment_status":"closed","ping_status":"closed","template":"elementor_header_footer","meta":{"footnotes":""},"class_list":["post-505","page","type-page","status-publish","hentry"],"_links":{"self":[{"href":"https:\/\/bilsonhealth.co.uk\/tr\/wp-json\/wp\/v2\/pages\/505","targetHints":{"allow":["GET"]}}],"collection":[{"href":"https:\/\/bilsonhealth.co.uk\/tr\/wp-json\/wp\/v2\/pages"}],"about":[{"href":"https:\/\/bilsonhealth.co.uk\/tr\/wp-json\/wp\/v2\/types\/page"}],"author":[{"embeddable":true,"href":"https:\/\/bilsonhealth.co.uk\/tr\/wp-json\/wp\/v2\/users\/1"}],"replies":[{"embeddable":true,"href":"https:\/\/bilsonhealth.co.uk\/tr\/wp-json\/wp\/v2\/comments?post=505"}],"version-history":[{"count":22,"href":"https:\/\/bilsonhealth.co.uk\/tr\/wp-json\/wp\/v2\/pages\/505\/revisions"}],"predecessor-version":[{"id":2404,"href":"https:\/\/bilsonhealth.co.uk\/tr\/wp-json\/wp\/v2\/pages\/505\/revisions\/2404"}],"up":[{"embeddable":true,"href":"https:\/\/bilsonhealth.co.uk\/tr\/wp-json\/wp\/v2\/pages\/284"}],"wp:attachment":[{"href":"https:\/\/bilsonhealth.co.uk\/tr\/wp-json\/wp\/v2\/media?parent=505"}],"curies":[{"name":"wp","href":"https:\/\/api.w.org\/{rel}","templated":true}]}}