{"id":499,"date":"2022-05-17T13:58:24","date_gmt":"2022-05-17T10:58:24","guid":{"rendered":"http:\/\/bilsonhealthservices.co.uk\/?page_id=499"},"modified":"2023-12-05T10:50:24","modified_gmt":"2023-12-05T07:50:24","slug":"burun-estetigi","status":"publish","type":"page","link":"https:\/\/bilsonhealth.co.uk\/tr\/estetik-uygulamalari\/yuz-estetigi\/burun-estetigi\/","title":{"rendered":"Burun Esteti\u011fi"},"content":{"rendered":"\t\t<div data-elementor-type=\"wp-page\" data-elementor-id=\"499\" class=\"elementor elementor-499\" data-elementor-post-type=\"page\">\n\t\t\t\t\t\t<section class=\"elementor-section elementor-top-section elementor-element elementor-element-dce89f3 elementor-section-boxed elementor-section-height-default elementor-section-height-default\" data-id=\"dce89f3\" data-element_type=\"section\" data-settings=\"{&quot;background_background&quot;:&quot;classic&quot;}\">\n\t\t\t\t\t\t\t<div class=\"elementor-background-overlay\"><\/div>\n\t\t\t\t\t\t\t<div class=\"elementor-container elementor-column-gap-default\">\n\t\t\t\t\t<div class=\"elementor-column elementor-col-100 elementor-top-column elementor-element elementor-element-19e3b71\" data-id=\"19e3b71\" data-element_type=\"column\" data-settings=\"{&quot;background_background&quot;:&quot;classic&quot;}\">\n\t\t\t<div class=\"elementor-widget-wrap elementor-element-populated\">\n\t\t\t\t\t\t<div class=\"elementor-element elementor-element-19e75db elementor-widget elementor-widget-text-editor\" data-id=\"19e75db\" data-element_type=\"widget\" data-widget_type=\"text-editor.default\">\n\t\t\t\t<div class=\"elementor-widget-container\">\n\t\t\t\t\t\t\t\t\t<h3>Burun Esteti\u011fi<\/h3>\t\t\t\t\t\t\t\t<\/div>\n\t\t\t\t<\/div>\n\t\t\t\t\t<\/div>\n\t\t<\/div>\n\t\t\t\t\t<\/div>\n\t\t<\/section>\n\t\t\t\t<section class=\"elementor-section elementor-top-section elementor-element elementor-element-d9cf130 elementor-section-boxed elementor-section-height-default elementor-section-height-default\" data-id=\"d9cf130\" data-element_type=\"section\">\n\t\t\t\t\t\t\t<div class=\"elementor-background-overlay\"><\/div>\n\t\t\t\t\t\t\t<div class=\"elementor-container elementor-column-gap-default\">\n\t\t\t\t\t<div class=\"elementor-column elementor-col-100 elementor-top-column elementor-element elementor-element-7fd06032\" data-id=\"7fd06032\" data-element_type=\"column\">\n\t\t\t<div class=\"elementor-widget-wrap elementor-element-populated\">\n\t\t\t\t\t\t<section class=\"elementor-section elementor-inner-section elementor-element elementor-element-2f1e9ab1 elementor-section-boxed elementor-section-height-default elementor-section-height-default\" data-id=\"2f1e9ab1\" data-element_type=\"section\">\n\t\t\t\t\t\t<div class=\"elementor-container elementor-column-gap-default\">\n\t\t\t\t\t<div class=\"elementor-column elementor-col-100 elementor-inner-column elementor-element elementor-element-34f27feb animated-slow elementor-invisible\" data-id=\"34f27feb\" data-element_type=\"column\" data-settings=\"{&quot;animation&quot;:&quot;fadeIn&quot;,&quot;animation_delay&quot;:200}\">\n\t\t\t<div class=\"elementor-widget-wrap elementor-element-populated\">\n\t\t\t\t\t\t<div class=\"elementor-element elementor-element-49380288 elementor-widget elementor-widget-text-editor\" data-id=\"49380288\" data-element_type=\"widget\" data-widget_type=\"text-editor.default\">\n\t\t\t\t<div class=\"elementor-widget-container\">\n\t\t\t\t\t\t\t\t\t<p>G\u00fcn\u00fcm\u00fczde en fazla tercih edilen estetik uygulamalar\u0131ndan birdir. Y\u00fcz\u00fcn \u015feklinde olduk\u00e7a etkili olan burun, estetik ama\u00e7l\u0131 de\u011fi\u015fimlere de son derece a\u00e7\u0131kt\u0131r. Burnunuza hem cerrahi hem de cerrahi olmayan m\u00fcdahaleler kolayca yap\u0131labilmektedir. Burada as\u0131l husus uzman bir hekim kontrol\u00fcnde yap\u0131lmas\u0131d\u0131r. Hekiminiz, sizin i\u00e7in hangi y\u00f6ntemi uygun g\u00f6r\u00fcyorsa o burun esteti\u011fi yapt\u0131rmak da fayda vard\u0131r. Bilson Health Services arac\u0131\u011f\u0131 ile T\u00fcrkiye\u2019de yer alan k\u00f6kl\u00fc hastanelerde, uzman hekimler e\u015fli\u011finde ka\u015f kald\u0131rma i\u015flemlerinden rahatl\u0131kla faydalanabilirsiniz.<\/p><p><strong>Burun Esteti\u011fi Y\u00f6ntemleri<\/strong><\/p><p>\u00a0<\/p><ul><li>A\u00e7\u0131k Rinoplasti<\/li><li>Kapal\u0131 Rinoplasti <\/li><\/ul>\t\t\t\t\t\t\t\t<\/div>\n\t\t\t\t<\/div>\n\t\t\t\t\t<\/div>\n\t\t<\/div>\n\t\t\t\t\t<\/div>\n\t\t<\/section>\n\t\t\t\t\t<\/div>\n\t\t<\/div>\n\t\t\t\t\t<\/div>\n\t\t<\/section>\n\t\t\t\t<section class=\"elementor-section elementor-top-section elementor-element elementor-element-5dec90a elementor-section-full_width elementor-section-height-default elementor-section-height-default\" data-id=\"5dec90a\" data-element_type=\"section\">\n\t\t\t\t\t\t<div class=\"elementor-container elementor-column-gap-no\">\n\t\t\t\t\t<div class=\"elementor-column elementor-col-100 elementor-top-column elementor-element elementor-element-36be1888\" data-id=\"36be1888\" data-element_type=\"column\">\n\t\t\t<div class=\"elementor-widget-wrap\">\n\t\t\t\t\t\t\t<\/div>\n\t\t<\/div>\n\t\t\t\t\t<\/div>\n\t\t<\/section>\n\t\t\t\t<\/div>\n\t\t","protected":false},"excerpt":{"rendered":"<p>Burun Esteti\u011fi G\u00fcn\u00fcm\u00fczde en fazla tercih edilen estetik uygulamalar\u0131ndan birdir. Y\u00fcz\u00fcn \u015feklinde olduk\u00e7a etkili olan burun, estetik ama\u00e7l\u0131 de\u011fi\u015fimlere de son derece a\u00e7\u0131kt\u0131r. Burnunuza hem cerrahi hem de cerrahi olmayan m\u00fcdahaleler kolayca yap\u0131labilmektedir. Burada as\u0131l husus uzman bir hekim kontrol\u00fcnde yap\u0131lmas\u0131d\u0131r. Hekiminiz, sizin i\u00e7in hangi y\u00f6ntemi uygun g\u00f6r\u00fcyorsa o burun esteti\u011fi yapt\u0131rmak da fayda vard\u0131r. [&hellip;]<\/p>\n","protected":false},"author":1,"featured_media":0,"parent":284,"menu_order":0,"comment_status":"closed","ping_status":"closed","template":"elementor_header_footer","meta":{"footnotes":""},"class_list":["post-499","page","type-page","status-publish","hentry"],"_links":{"self":[{"href":"https:\/\/bilsonhealth.co.uk\/tr\/wp-json\/wp\/v2\/pages\/499","targetHints":{"allow":["GET"]}}],"collection":[{"href":"https:\/\/bilsonhealth.co.uk\/tr\/wp-json\/wp\/v2\/pages"}],"about":[{"href":"https:\/\/bilsonhealth.co.uk\/tr\/wp-json\/wp\/v2\/types\/page"}],"author":[{"embeddable":true,"href":"https:\/\/bilsonhealth.co.uk\/tr\/wp-json\/wp\/v2\/users\/1"}],"replies":[{"embeddable":true,"href":"https:\/\/bilsonhealth.co.uk\/tr\/wp-json\/wp\/v2\/comments?post=499"}],"version-history":[{"count":25,"href":"https:\/\/bilsonhealth.co.uk\/tr\/wp-json\/wp\/v2\/pages\/499\/revisions"}],"predecessor-version":[{"id":2401,"href":"https:\/\/bilsonhealth.co.uk\/tr\/wp-json\/wp\/v2\/pages\/499\/revisions\/2401"}],"up":[{"embeddable":true,"href":"https:\/\/bilsonhealth.co.uk\/tr\/wp-json\/wp\/v2\/pages\/284"}],"wp:attachment":[{"href":"https:\/\/bilsonhealth.co.uk\/tr\/wp-json\/wp\/v2\/media?parent=499"}],"curies":[{"name":"wp","href":"https:\/\/api.w.org\/{rel}","templated":true}]}}