{"id":488,"date":"2022-05-17T13:57:18","date_gmt":"2022-05-17T10:57:18","guid":{"rendered":"http:\/\/bilsonhealthservices.co.uk\/?page_id=488"},"modified":"2023-12-05T10:51:19","modified_gmt":"2023-12-05T07:51:19","slug":"kas-kaldirma-uygulamasi","status":"publish","type":"page","link":"https:\/\/bilsonhealth.co.uk\/tr\/estetik-uygulamalari\/yuz-estetigi\/kas-kaldirma-uygulamasi\/","title":{"rendered":"Ka\u015f Kald\u0131rma Uygulamas\u0131"},"content":{"rendered":"\t\t<div data-elementor-type=\"wp-page\" data-elementor-id=\"488\" class=\"elementor elementor-488\" data-elementor-post-type=\"page\">\n\t\t\t\t\t\t<section class=\"elementor-section elementor-top-section elementor-element elementor-element-b963fba elementor-section-boxed elementor-section-height-default elementor-section-height-default\" data-id=\"b963fba\" data-element_type=\"section\" data-settings=\"{&quot;background_background&quot;:&quot;classic&quot;}\">\n\t\t\t\t\t\t\t<div class=\"elementor-background-overlay\"><\/div>\n\t\t\t\t\t\t\t<div class=\"elementor-container elementor-column-gap-default\">\n\t\t\t\t\t<div class=\"elementor-column elementor-col-100 elementor-top-column elementor-element elementor-element-74c3aa3\" data-id=\"74c3aa3\" data-element_type=\"column\" data-settings=\"{&quot;background_background&quot;:&quot;classic&quot;}\">\n\t\t\t<div class=\"elementor-widget-wrap elementor-element-populated\">\n\t\t\t\t\t\t<div class=\"elementor-element elementor-element-34f7aff elementor-widget elementor-widget-text-editor\" data-id=\"34f7aff\" data-element_type=\"widget\" data-widget_type=\"text-editor.default\">\n\t\t\t\t<div class=\"elementor-widget-container\">\n\t\t\t\t\t\t\t\t\t<h3>Ka\u015f Kald\u0131rma Uygulamas\u0131<\/h3>\t\t\t\t\t\t\t\t<\/div>\n\t\t\t\t<\/div>\n\t\t\t\t\t<\/div>\n\t\t<\/div>\n\t\t\t\t\t<\/div>\n\t\t<\/section>\n\t\t\t\t<section class=\"elementor-section elementor-top-section elementor-element elementor-element-30717df8 elementor-section-boxed elementor-section-height-default elementor-section-height-default\" data-id=\"30717df8\" data-element_type=\"section\">\n\t\t\t\t\t\t\t<div class=\"elementor-background-overlay\"><\/div>\n\t\t\t\t\t\t\t<div class=\"elementor-container elementor-column-gap-default\">\n\t\t\t\t\t<div class=\"elementor-column elementor-col-100 elementor-top-column elementor-element elementor-element-4360d56c\" data-id=\"4360d56c\" data-element_type=\"column\">\n\t\t\t<div class=\"elementor-widget-wrap elementor-element-populated\">\n\t\t\t\t\t\t<section class=\"elementor-section elementor-inner-section elementor-element elementor-element-5e5976c2 elementor-section-boxed elementor-section-height-default elementor-section-height-default\" data-id=\"5e5976c2\" data-element_type=\"section\">\n\t\t\t\t\t\t<div class=\"elementor-container elementor-column-gap-default\">\n\t\t\t\t\t<div class=\"elementor-column elementor-col-100 elementor-inner-column elementor-element elementor-element-1888e17b animated-slow elementor-invisible\" data-id=\"1888e17b\" data-element_type=\"column\" data-settings=\"{&quot;animation&quot;:&quot;fadeIn&quot;,&quot;animation_delay&quot;:200}\">\n\t\t\t<div class=\"elementor-widget-wrap elementor-element-populated\">\n\t\t\t\t\t\t<div class=\"elementor-element elementor-element-87bb620 elementor-widget elementor-widget-text-editor\" data-id=\"87bb620\" data-element_type=\"widget\" data-widget_type=\"text-editor.default\">\n\t\t\t\t<div class=\"elementor-widget-container\">\n\t\t\t\t\t\t\t\t\t<p>Ka\u015flar estetik a\u00e7\u0131dan y\u00fcz\u00fcn en \u00f6nemli b\u00f6lgelerinden biridir. \u0130fade \u015feklimizin en belirgin noktas\u0131d\u0131r. Ka\u015f b\u00f6lgemizle t\u00fcm karakteristik \u00f6zelliklerimiz kar\u015f\u0131 tarafa en belirgin \u015fekilde yans\u0131maktad\u0131r. Ya\u015flanma ile birlikte ka\u015flarda da belli ba\u015fl\u0131 deformasyonlar olu\u015fmaya ba\u015flar. Ya\u015fa ve yer \u00e7ekimine ba\u011fl\u0131 olarak ka\u015flarda d\u00fc\u015fme ve sarkma ka\u00e7\u0131n\u0131lmazd\u0131r. Bilson Health Services arac\u0131\u011f\u0131 ile T\u00fcrkiye\u2019de yer alan k\u00f6kl\u00fc hastanelerde, uzman hekimler e\u015fli\u011finde ka\u015f kald\u0131rma i\u015flemlerinden rahatl\u0131kla faydalanabilirsiniz.<\/p><p><strong>\u00a0<\/strong><\/p><p><strong>Ameliyats\u0131z Ka\u015f Kald\u0131rma \u0130\u015flemleri <\/strong><\/p><ul><li>Botoks ile Ka\u015f Kald\u0131rma<\/li><li>Dolgu ile Ka\u015f Kald\u0131rma<\/li><li>\u0130ple Ka\u015f Kald\u0131rma<\/li><li>Fokus Ultrason<\/li><li>Alt\u0131n \u0130\u011fne ile Ka\u015f Kald\u0131rma<\/li><li>Bitkisel Ka\u015f Kald\u0131rma Uygulamas\u0131<\/li><\/ul>\t\t\t\t\t\t\t\t<\/div>\n\t\t\t\t<\/div>\n\t\t\t\t\t<\/div>\n\t\t<\/div>\n\t\t\t\t\t<\/div>\n\t\t<\/section>\n\t\t\t\t\t<\/div>\n\t\t<\/div>\n\t\t\t\t\t<\/div>\n\t\t<\/section>\n\t\t\t\t<section class=\"elementor-section elementor-top-section elementor-element elementor-element-47eee25c elementor-section-full_width elementor-section-height-default elementor-section-height-default\" data-id=\"47eee25c\" data-element_type=\"section\">\n\t\t\t\t\t\t<div class=\"elementor-container elementor-column-gap-no\">\n\t\t\t\t\t<div class=\"elementor-column elementor-col-100 elementor-top-column elementor-element elementor-element-17b7c8ce\" data-id=\"17b7c8ce\" data-element_type=\"column\">\n\t\t\t<div class=\"elementor-widget-wrap\">\n\t\t\t\t\t\t\t<\/div>\n\t\t<\/div>\n\t\t\t\t\t<\/div>\n\t\t<\/section>\n\t\t\t\t<\/div>\n\t\t","protected":false},"excerpt":{"rendered":"<p>Ka\u015f Kald\u0131rma Uygulamas\u0131 Ka\u015flar estetik a\u00e7\u0131dan y\u00fcz\u00fcn en \u00f6nemli b\u00f6lgelerinden biridir. \u0130fade \u015feklimizin en belirgin noktas\u0131d\u0131r. Ka\u015f b\u00f6lgemizle t\u00fcm karakteristik \u00f6zelliklerimiz kar\u015f\u0131 tarafa en belirgin \u015fekilde yans\u0131maktad\u0131r. Ya\u015flanma ile birlikte ka\u015flarda da belli ba\u015fl\u0131 deformasyonlar olu\u015fmaya ba\u015flar. Ya\u015fa ve yer \u00e7ekimine ba\u011fl\u0131 olarak ka\u015flarda d\u00fc\u015fme ve sarkma ka\u00e7\u0131n\u0131lmazd\u0131r. Bilson Health Services arac\u0131\u011f\u0131 ile T\u00fcrkiye\u2019de yer [&hellip;]<\/p>\n","protected":false},"author":1,"featured_media":0,"parent":284,"menu_order":0,"comment_status":"closed","ping_status":"closed","template":"elementor_header_footer","meta":{"footnotes":""},"class_list":["post-488","page","type-page","status-publish","hentry"],"_links":{"self":[{"href":"https:\/\/bilsonhealth.co.uk\/tr\/wp-json\/wp\/v2\/pages\/488","targetHints":{"allow":["GET"]}}],"collection":[{"href":"https:\/\/bilsonhealth.co.uk\/tr\/wp-json\/wp\/v2\/pages"}],"about":[{"href":"https:\/\/bilsonhealth.co.uk\/tr\/wp-json\/wp\/v2\/types\/page"}],"author":[{"embeddable":true,"href":"https:\/\/bilsonhealth.co.uk\/tr\/wp-json\/wp\/v2\/users\/1"}],"replies":[{"embeddable":true,"href":"https:\/\/bilsonhealth.co.uk\/tr\/wp-json\/wp\/v2\/comments?post=488"}],"version-history":[{"count":25,"href":"https:\/\/bilsonhealth.co.uk\/tr\/wp-json\/wp\/v2\/pages\/488\/revisions"}],"predecessor-version":[{"id":2410,"href":"https:\/\/bilsonhealth.co.uk\/tr\/wp-json\/wp\/v2\/pages\/488\/revisions\/2410"}],"up":[{"embeddable":true,"href":"https:\/\/bilsonhealth.co.uk\/tr\/wp-json\/wp\/v2\/pages\/284"}],"wp:attachment":[{"href":"https:\/\/bilsonhealth.co.uk\/tr\/wp-json\/wp\/v2\/media?parent=488"}],"curies":[{"name":"wp","href":"https:\/\/api.w.org\/{rel}","templated":true}]}}