{"id":479,"date":"2022-05-17T13:56:16","date_gmt":"2022-05-17T10:56:16","guid":{"rendered":"http:\/\/bilsonhealthservices.co.uk\/?page_id=479"},"modified":"2023-12-05T10:50:57","modified_gmt":"2023-12-05T07:50:57","slug":"gidi-inceltme-tedavisi","status":"publish","type":"page","link":"https:\/\/bilsonhealth.co.uk\/tr\/estetik-uygulamalari\/yuz-estetigi\/gidi-inceltme-tedavisi\/","title":{"rendered":"G\u0131d\u0131 \u0130nceltme Tedavisi"},"content":{"rendered":"\t\t<div data-elementor-type=\"wp-page\" data-elementor-id=\"479\" class=\"elementor elementor-479\" data-elementor-post-type=\"page\">\n\t\t\t\t\t\t<section class=\"elementor-section elementor-top-section elementor-element elementor-element-ddf6969 elementor-section-boxed elementor-section-height-default elementor-section-height-default\" data-id=\"ddf6969\" data-element_type=\"section\" data-settings=\"{&quot;background_background&quot;:&quot;classic&quot;}\">\n\t\t\t\t\t\t\t<div class=\"elementor-background-overlay\"><\/div>\n\t\t\t\t\t\t\t<div class=\"elementor-container elementor-column-gap-default\">\n\t\t\t\t\t<div class=\"elementor-column elementor-col-100 elementor-top-column elementor-element elementor-element-248c74a\" data-id=\"248c74a\" data-element_type=\"column\" data-settings=\"{&quot;background_background&quot;:&quot;classic&quot;}\">\n\t\t\t<div class=\"elementor-widget-wrap elementor-element-populated\">\n\t\t\t\t\t\t<div class=\"elementor-element elementor-element-8011caf elementor-widget elementor-widget-text-editor\" data-id=\"8011caf\" data-element_type=\"widget\" data-widget_type=\"text-editor.default\">\n\t\t\t\t<div class=\"elementor-widget-container\">\n\t\t\t\t\t\t\t\t\t<h3>G\u0131d\u0131 \u0130nceltme Tedavisi<\/h3>\t\t\t\t\t\t\t\t<\/div>\n\t\t\t\t<\/div>\n\t\t\t\t\t<\/div>\n\t\t<\/div>\n\t\t\t\t\t<\/div>\n\t\t<\/section>\n\t\t\t\t<section class=\"elementor-section elementor-top-section elementor-element elementor-element-6442a6c9 elementor-section-boxed elementor-section-height-default elementor-section-height-default\" data-id=\"6442a6c9\" data-element_type=\"section\">\n\t\t\t\t\t\t\t<div class=\"elementor-background-overlay\"><\/div>\n\t\t\t\t\t\t\t<div class=\"elementor-container elementor-column-gap-default\">\n\t\t\t\t\t<div class=\"elementor-column elementor-col-100 elementor-top-column elementor-element elementor-element-86dfbaa\" data-id=\"86dfbaa\" data-element_type=\"column\">\n\t\t\t<div class=\"elementor-widget-wrap elementor-element-populated\">\n\t\t\t\t\t\t<section class=\"elementor-section elementor-inner-section elementor-element elementor-element-25d90a3c elementor-section-boxed elementor-section-height-default elementor-section-height-default\" data-id=\"25d90a3c\" data-element_type=\"section\">\n\t\t\t\t\t\t<div class=\"elementor-container elementor-column-gap-default\">\n\t\t\t\t\t<div class=\"elementor-column elementor-col-100 elementor-inner-column elementor-element elementor-element-25725d2c animated-slow elementor-invisible\" data-id=\"25725d2c\" data-element_type=\"column\" data-settings=\"{&quot;animation&quot;:&quot;fadeIn&quot;,&quot;animation_delay&quot;:200}\">\n\t\t\t<div class=\"elementor-widget-wrap elementor-element-populated\">\n\t\t\t\t\t\t<div class=\"elementor-element elementor-element-45a06d86 elementor-widget elementor-widget-text-editor\" data-id=\"45a06d86\" data-element_type=\"widget\" data-widget_type=\"text-editor.default\">\n\t\t\t\t<div class=\"elementor-widget-container\">\n\t\t\t\t\t\t\t\t\t<p>Ya\u015fa ve yer \u00e7ekime ba\u011fl\u0131 olarak y\u00fcz\u00fcm\u00fczde ilk sarkan b\u00f6lgelerden biri g\u0131d\u0131 b\u00f6lgesidir. Boyun sarkmas\u0131 \u00e7ene hatt\u0131n\u0131n belirginli\u011fini azalt\u0131r bu durumda keskin \u00e7ene hatlar\u0131n\u0131n zamanla yok olmas\u0131 demektir. G\u0131d\u0131 eritme veya g\u0131d\u0131n\u0131n fazlal\u0131klar\u0131ndan kurtararak daha belirgin olmas\u0131n\u0131 sa\u011flamak i\u00e7in birtak\u0131m y\u00f6ntemler uygulan\u0131r.<\/p><p><strong>Ameliyats\u0131z G\u0131d\u0131 Eritme Y\u00f6ntemleri Nelerdir? <\/strong><\/p><ul><li>Lazer Lipolift<\/li><li>Mezoterapi<\/li><li>So\u011fuk Lipoliz<\/li><li>Fokuslu Ultrason<\/li><li>Jawline Dolgu<\/li><li>\u0130\u011fneli Radyofrekans<\/li><\/ul><p>\u0130ple G\u0131d\u0131 Germe <\/p>\t\t\t\t\t\t\t\t<\/div>\n\t\t\t\t<\/div>\n\t\t\t\t\t<\/div>\n\t\t<\/div>\n\t\t\t\t\t<\/div>\n\t\t<\/section>\n\t\t\t\t\t<\/div>\n\t\t<\/div>\n\t\t\t\t\t<\/div>\n\t\t<\/section>\n\t\t\t\t<section class=\"elementor-section elementor-top-section elementor-element elementor-element-1a7d48b3 elementor-section-full_width elementor-section-height-default elementor-section-height-default\" data-id=\"1a7d48b3\" data-element_type=\"section\">\n\t\t\t\t\t\t<div class=\"elementor-container elementor-column-gap-no\">\n\t\t\t\t\t<div class=\"elementor-column elementor-col-100 elementor-top-column elementor-element elementor-element-1c261fae\" data-id=\"1c261fae\" data-element_type=\"column\">\n\t\t\t<div class=\"elementor-widget-wrap\">\n\t\t\t\t\t\t\t<\/div>\n\t\t<\/div>\n\t\t\t\t\t<\/div>\n\t\t<\/section>\n\t\t\t\t<\/div>\n\t\t","protected":false},"excerpt":{"rendered":"<p>G\u0131d\u0131 \u0130nceltme Tedavisi Ya\u015fa ve yer \u00e7ekime ba\u011fl\u0131 olarak y\u00fcz\u00fcm\u00fczde ilk sarkan b\u00f6lgelerden biri g\u0131d\u0131 b\u00f6lgesidir. Boyun sarkmas\u0131 \u00e7ene hatt\u0131n\u0131n belirginli\u011fini azalt\u0131r bu durumda keskin \u00e7ene hatlar\u0131n\u0131n zamanla yok olmas\u0131 demektir. G\u0131d\u0131 eritme veya g\u0131d\u0131n\u0131n fazlal\u0131klar\u0131ndan kurtararak daha belirgin olmas\u0131n\u0131 sa\u011flamak i\u00e7in birtak\u0131m y\u00f6ntemler uygulan\u0131r. Ameliyats\u0131z G\u0131d\u0131 Eritme Y\u00f6ntemleri Nelerdir? Lazer Lipolift Mezoterapi So\u011fuk Lipoliz [&hellip;]<\/p>\n","protected":false},"author":1,"featured_media":0,"parent":284,"menu_order":0,"comment_status":"closed","ping_status":"closed","template":"elementor_header_footer","meta":{"footnotes":""},"class_list":["post-479","page","type-page","status-publish","hentry"],"_links":{"self":[{"href":"https:\/\/bilsonhealth.co.uk\/tr\/wp-json\/wp\/v2\/pages\/479","targetHints":{"allow":["GET"]}}],"collection":[{"href":"https:\/\/bilsonhealth.co.uk\/tr\/wp-json\/wp\/v2\/pages"}],"about":[{"href":"https:\/\/bilsonhealth.co.uk\/tr\/wp-json\/wp\/v2\/types\/page"}],"author":[{"embeddable":true,"href":"https:\/\/bilsonhealth.co.uk\/tr\/wp-json\/wp\/v2\/users\/1"}],"replies":[{"embeddable":true,"href":"https:\/\/bilsonhealth.co.uk\/tr\/wp-json\/wp\/v2\/comments?post=479"}],"version-history":[{"count":19,"href":"https:\/\/bilsonhealth.co.uk\/tr\/wp-json\/wp\/v2\/pages\/479\/revisions"}],"predecessor-version":[{"id":2407,"href":"https:\/\/bilsonhealth.co.uk\/tr\/wp-json\/wp\/v2\/pages\/479\/revisions\/2407"}],"up":[{"embeddable":true,"href":"https:\/\/bilsonhealth.co.uk\/tr\/wp-json\/wp\/v2\/pages\/284"}],"wp:attachment":[{"href":"https:\/\/bilsonhealth.co.uk\/tr\/wp-json\/wp\/v2\/media?parent=479"}],"curies":[{"name":"wp","href":"https:\/\/api.w.org\/{rel}","templated":true}]}}