{"id":473,"date":"2022-05-17T13:53:25","date_gmt":"2022-05-17T10:53:25","guid":{"rendered":"http:\/\/bilsonhealthservices.co.uk\/?page_id=473"},"modified":"2023-12-05T10:54:00","modified_gmt":"2023-12-05T07:54:00","slug":"yuz-leke-tedavisi","status":"publish","type":"page","link":"https:\/\/bilsonhealth.co.uk\/tr\/estetik-uygulamalari\/yuz-estetigi\/yuz-leke-tedavisi\/","title":{"rendered":"Y\u00fcz Leke Tedavisi"},"content":{"rendered":"\t\t<div data-elementor-type=\"wp-page\" data-elementor-id=\"473\" class=\"elementor elementor-473\" data-elementor-post-type=\"page\">\n\t\t\t\t\t\t<section class=\"elementor-section elementor-top-section elementor-element elementor-element-b340b9d elementor-section-boxed elementor-section-height-default elementor-section-height-default\" data-id=\"b340b9d\" data-element_type=\"section\" data-settings=\"{&quot;background_background&quot;:&quot;classic&quot;}\">\n\t\t\t\t\t\t\t<div class=\"elementor-background-overlay\"><\/div>\n\t\t\t\t\t\t\t<div class=\"elementor-container elementor-column-gap-default\">\n\t\t\t\t\t<div class=\"elementor-column elementor-col-100 elementor-top-column elementor-element elementor-element-a0fad57\" data-id=\"a0fad57\" data-element_type=\"column\" data-settings=\"{&quot;background_background&quot;:&quot;classic&quot;}\">\n\t\t\t<div class=\"elementor-widget-wrap elementor-element-populated\">\n\t\t\t\t\t\t<div class=\"elementor-element elementor-element-08107c3 elementor-widget elementor-widget-text-editor\" data-id=\"08107c3\" data-element_type=\"widget\" data-widget_type=\"text-editor.default\">\n\t\t\t\t<div class=\"elementor-widget-container\">\n\t\t\t\t\t\t\t\t\t<h3>Y\u00fcz Leke Tedavisi<\/h3>\t\t\t\t\t\t\t\t<\/div>\n\t\t\t\t<\/div>\n\t\t\t\t\t<\/div>\n\t\t<\/div>\n\t\t\t\t\t<\/div>\n\t\t<\/section>\n\t\t\t\t<section class=\"elementor-section elementor-top-section elementor-element elementor-element-7f9119cb elementor-section-boxed elementor-section-height-default elementor-section-height-default\" data-id=\"7f9119cb\" data-element_type=\"section\">\n\t\t\t\t\t\t\t<div class=\"elementor-background-overlay\"><\/div>\n\t\t\t\t\t\t\t<div class=\"elementor-container elementor-column-gap-default\">\n\t\t\t\t\t<div class=\"elementor-column elementor-col-100 elementor-top-column elementor-element elementor-element-71bc8f85\" data-id=\"71bc8f85\" data-element_type=\"column\">\n\t\t\t<div class=\"elementor-widget-wrap elementor-element-populated\">\n\t\t\t\t\t\t<section class=\"elementor-section elementor-inner-section elementor-element elementor-element-6e0e49d1 elementor-section-boxed elementor-section-height-default elementor-section-height-default\" data-id=\"6e0e49d1\" data-element_type=\"section\">\n\t\t\t\t\t\t<div class=\"elementor-container elementor-column-gap-default\">\n\t\t\t\t\t<div class=\"elementor-column elementor-col-100 elementor-inner-column elementor-element elementor-element-715a664e animated-slow elementor-invisible\" data-id=\"715a664e\" data-element_type=\"column\" data-settings=\"{&quot;animation&quot;:&quot;fadeIn&quot;,&quot;animation_delay&quot;:200}\">\n\t\t\t<div class=\"elementor-widget-wrap elementor-element-populated\">\n\t\t\t\t\t\t<div class=\"elementor-element elementor-element-2adebefc elementor-widget elementor-widget-text-editor\" data-id=\"2adebefc\" data-element_type=\"widget\" data-widget_type=\"text-editor.default\">\n\t\t\t\t<div class=\"elementor-widget-container\">\n\t\t\t\t\t\t\t\t\t<p>G\u00fcne\u015fin zararl\u0131 etkileri, havadaki kirlilik, cilt lekelerini tetiklemektedir. Do\u011fum lekeleri, cilt pigmentasyon bozukluklar\u0131, enfeksiyonlar ve daha bir\u00e7ok neden cilt lekelenmesini etkiler. Cilt lekeleri art\u0131yor ise kesinlikle t\u0131bb\u0131 yard\u0131m gerekmektedir.<\/p><p><strong>Y\u00fcz Lekesi Tedavi Y\u00f6ntemleri <\/strong><\/p><p>Y\u00fcz leke tedavileri kesinlikle uzman hekimin te\u015fhisinden sonra yap\u0131lmas\u0131 gerekmektedir. Aksi takdirde daha olumsuz sonu\u00e7larla kar\u015f\u0131la\u015f\u0131labilinir. Bilson Health Services arac\u0131l\u0131\u011f\u0131 ile T\u00fcrkiye\u2019de ileti\u015fim haline ge\u00e7ece\u011finiz alan\u0131nda uzman cilt doktorlar\u0131m\u0131z ile problemleriniz profesyonel bir \u015fekilde \u00e7\u00f6z\u00fclmektedir.<\/p><ul><li>Kimyasal Peeling<\/li><li>Leke Giderici Medikal Maske<\/li><li>Mezoterapi<\/li><li>Lazer Tedavi<\/li><li>Fraksiyonel Lazer Tedavi<\/li><li>Alt\u0131n \u0130\u011fne Tedavi<\/li><\/ul>\t\t\t\t\t\t\t\t<\/div>\n\t\t\t\t<\/div>\n\t\t\t\t\t<\/div>\n\t\t<\/div>\n\t\t\t\t\t<\/div>\n\t\t<\/section>\n\t\t\t\t\t<\/div>\n\t\t<\/div>\n\t\t\t\t\t<\/div>\n\t\t<\/section>\n\t\t\t\t<section class=\"elementor-section elementor-top-section elementor-element elementor-element-3a92930f elementor-section-full_width elementor-section-height-default elementor-section-height-default\" data-id=\"3a92930f\" data-element_type=\"section\">\n\t\t\t\t\t\t<div class=\"elementor-container elementor-column-gap-no\">\n\t\t\t\t\t<div class=\"elementor-column elementor-col-100 elementor-top-column elementor-element elementor-element-5fd288\" data-id=\"5fd288\" data-element_type=\"column\">\n\t\t\t<div class=\"elementor-widget-wrap\">\n\t\t\t\t\t\t\t<\/div>\n\t\t<\/div>\n\t\t\t\t\t<\/div>\n\t\t<\/section>\n\t\t\t\t<\/div>\n\t\t","protected":false},"excerpt":{"rendered":"<p>Y\u00fcz Leke Tedavisi G\u00fcne\u015fin zararl\u0131 etkileri, havadaki kirlilik, cilt lekelerini tetiklemektedir. Do\u011fum lekeleri, cilt pigmentasyon bozukluklar\u0131, enfeksiyonlar ve daha bir\u00e7ok neden cilt lekelenmesini etkiler. Cilt lekeleri art\u0131yor ise kesinlikle t\u0131bb\u0131 yard\u0131m gerekmektedir. Y\u00fcz Lekesi Tedavi Y\u00f6ntemleri Y\u00fcz leke tedavileri kesinlikle uzman hekimin te\u015fhisinden sonra yap\u0131lmas\u0131 gerekmektedir. Aksi takdirde daha olumsuz sonu\u00e7larla kar\u015f\u0131la\u015f\u0131labilinir. Bilson Health Services [&hellip;]<\/p>\n","protected":false},"author":1,"featured_media":0,"parent":284,"menu_order":0,"comment_status":"closed","ping_status":"closed","template":"elementor_header_footer","meta":{"footnotes":""},"class_list":["post-473","page","type-page","status-publish","hentry"],"_links":{"self":[{"href":"https:\/\/bilsonhealth.co.uk\/tr\/wp-json\/wp\/v2\/pages\/473","targetHints":{"allow":["GET"]}}],"collection":[{"href":"https:\/\/bilsonhealth.co.uk\/tr\/wp-json\/wp\/v2\/pages"}],"about":[{"href":"https:\/\/bilsonhealth.co.uk\/tr\/wp-json\/wp\/v2\/types\/page"}],"author":[{"embeddable":true,"href":"https:\/\/bilsonhealth.co.uk\/tr\/wp-json\/wp\/v2\/users\/1"}],"replies":[{"embeddable":true,"href":"https:\/\/bilsonhealth.co.uk\/tr\/wp-json\/wp\/v2\/comments?post=473"}],"version-history":[{"count":26,"href":"https:\/\/bilsonhealth.co.uk\/tr\/wp-json\/wp\/v2\/pages\/473\/revisions"}],"predecessor-version":[{"id":2422,"href":"https:\/\/bilsonhealth.co.uk\/tr\/wp-json\/wp\/v2\/pages\/473\/revisions\/2422"}],"up":[{"embeddable":true,"href":"https:\/\/bilsonhealth.co.uk\/tr\/wp-json\/wp\/v2\/pages\/284"}],"wp:attachment":[{"href":"https:\/\/bilsonhealth.co.uk\/tr\/wp-json\/wp\/v2\/media?parent=473"}],"curies":[{"name":"wp","href":"https:\/\/api.w.org\/{rel}","templated":true}]}}