{"id":471,"date":"2022-05-17T13:52:54","date_gmt":"2022-05-17T10:52:54","guid":{"rendered":"http:\/\/bilsonhealthservices.co.uk\/?page_id=471"},"modified":"2023-12-05T10:55:31","modified_gmt":"2023-12-05T07:55:31","slug":"yuz-lifting","status":"publish","type":"page","link":"https:\/\/bilsonhealth.co.uk\/tr\/estetik-uygulamalari\/yuz-estetigi\/yuz-lifting\/","title":{"rendered":"Y\u00fcz Lifting"},"content":{"rendered":"\t\t<div data-elementor-type=\"wp-page\" data-elementor-id=\"471\" class=\"elementor elementor-471\" data-elementor-post-type=\"page\">\n\t\t\t\t\t\t<section class=\"elementor-section elementor-top-section elementor-element elementor-element-0b5ba6d elementor-section-boxed elementor-section-height-default elementor-section-height-default\" data-id=\"0b5ba6d\" data-element_type=\"section\" data-settings=\"{&quot;background_background&quot;:&quot;classic&quot;}\">\n\t\t\t\t\t\t\t<div class=\"elementor-background-overlay\"><\/div>\n\t\t\t\t\t\t\t<div class=\"elementor-container elementor-column-gap-default\">\n\t\t\t\t\t<div class=\"elementor-column elementor-col-100 elementor-top-column elementor-element elementor-element-2d65a08\" data-id=\"2d65a08\" data-element_type=\"column\" data-settings=\"{&quot;background_background&quot;:&quot;classic&quot;}\">\n\t\t\t<div class=\"elementor-widget-wrap elementor-element-populated\">\n\t\t\t\t\t\t<div class=\"elementor-element elementor-element-074db64 elementor-widget elementor-widget-text-editor\" data-id=\"074db64\" data-element_type=\"widget\" data-widget_type=\"text-editor.default\">\n\t\t\t\t<div class=\"elementor-widget-container\">\n\t\t\t\t\t\t\t\t\t<h3>Y\u00fcz Lifting<\/h3>\t\t\t\t\t\t\t\t<\/div>\n\t\t\t\t<\/div>\n\t\t\t\t\t<\/div>\n\t\t<\/div>\n\t\t\t\t\t<\/div>\n\t\t<\/section>\n\t\t\t\t<section class=\"elementor-section elementor-top-section elementor-element elementor-element-6c947a3b elementor-section-boxed elementor-section-height-default elementor-section-height-default\" data-id=\"6c947a3b\" data-element_type=\"section\">\n\t\t\t\t\t\t\t<div class=\"elementor-background-overlay\"><\/div>\n\t\t\t\t\t\t\t<div class=\"elementor-container elementor-column-gap-default\">\n\t\t\t\t\t<div class=\"elementor-column elementor-col-100 elementor-top-column elementor-element elementor-element-1526883f\" data-id=\"1526883f\" data-element_type=\"column\">\n\t\t\t<div class=\"elementor-widget-wrap elementor-element-populated\">\n\t\t\t\t\t\t<section class=\"elementor-section elementor-inner-section elementor-element elementor-element-22a724e8 elementor-section-boxed elementor-section-height-default elementor-section-height-default\" data-id=\"22a724e8\" data-element_type=\"section\">\n\t\t\t\t\t\t<div class=\"elementor-container elementor-column-gap-default\">\n\t\t\t\t\t<div class=\"elementor-column elementor-col-100 elementor-inner-column elementor-element elementor-element-39a3b1f0 animated-slow elementor-invisible\" data-id=\"39a3b1f0\" data-element_type=\"column\" data-settings=\"{&quot;animation&quot;:&quot;fadeIn&quot;,&quot;animation_delay&quot;:200}\">\n\t\t\t<div class=\"elementor-widget-wrap elementor-element-populated\">\n\t\t\t\t\t\t<div class=\"elementor-element elementor-element-46d5218b elementor-widget elementor-widget-text-editor\" data-id=\"46d5218b\" data-element_type=\"widget\" data-widget_type=\"text-editor.default\">\n\t\t\t\t<div class=\"elementor-widget-container\">\n\t\t\t\t\t\t\t\t\t<p>Y\u00fcz lifting \u00f6zellikle son d\u00f6nemde cerrahi m\u00fcdahalelere fazla maruz kalmadan gen\u00e7le\u015fmek i\u00e7in kullan\u0131lan y\u00f6ntemlerden biridir. Y\u00fcz lifting cildin maruz kalm\u0131\u015f oldu\u011fu olumsuz etkileri en aza indirmeyi ama\u00e7lar. G\u00fcne\u015f, kirli hava, kilo, stres ve buna benzer olumsuz etkenler y\u00fcz\u00fcn kolojen ve elastikiyetinin azalmas\u0131na neden olur. Bu durumda ilerleyen zamanlarda y\u00fczdeki sarkma, lekelenme gibi problemleri \u00e7a\u011f\u0131r\u0131r. \u0130\u015fte bu noktada y\u00fcz liftingi sarkmalar\u0131, k\u0131r\u0131\u015f\u0131kl\u0131klar\u0131 toparlamaya yard\u0131mc\u0131 olurken y\u00fcz\u00fcn kolojen eksikli\u011fini de geri getirir.<\/p><p><strong>Y\u00fcz Liftingi Nas\u0131l Uygulan\u0131r? <\/strong><br \/>Y\u00fcz lifting, y\u00fcz\u00fcn alt derisine genelde \u015f\u0131r\u0131nga ile enjekte edilen dolgu maddesi ile olmaktad\u0131r. Cildin alt\u0131na enjekte edilen dolgular k\u0131r\u0131\u015f\u0131k ve sarkmalar\u0131 toparlar. Zamana ba\u011fl\u0131 olarak deforme olan y\u00fcz hatlar\u0131 y\u00fcz lifting sayesinde kendini yenilemeye ba\u015flar.<\/p><p>Y\u00fcz liftingte ilk olarak uzmanlar taraf\u0131ndan y\u00fcze analizler yap\u0131l\u0131r ve dolgu yap\u0131lacak b\u00f6lgeler belirlenir. Ard\u0131ndan mikro i\u011fne ba\u015fl\u0131klar\u0131yla y\u00fczdeki deforme olan b\u00f6lgeye dolgu maddesi uygulan\u0131r.<\/p><p>Y\u00fcz liftingi, \u00f6zellikle cerrahi m\u00fcdahale yapt\u0131rmak istemeyenler i\u00e7in son derece ba\u015far\u0131l\u0131 \u201cameliyats\u0131z y\u00fcz germe\u201d tedavisidir.<\/p><p>Bilson Health Services arac\u0131\u011f\u0131 ile T\u00fcrkiye\u2019de yer alan k\u00f6kl\u00fc hastanelerde, uzman hekimler e\u015fli\u011finde y\u00fcz lifting i\u015flemlerinden rahatl\u0131kla faydalanabilirsiniz.<\/p><p><strong>Y\u00fcz Lifting Faydalar\u0131 <\/strong><\/p><ul><li>Cilde canl\u0131l\u0131k verir<\/li><li>H\u00fccre yenilenmesine destek olur<\/li><li>K\u0131r\u0131\u015f\u0131kl\u0131klar\u0131 a\u00e7ar<\/li><li>Y\u00fczdeki sarkmalar\u0131n \u00f6n\u00fcne ge\u00e7er<\/li><li>Cildin kolajen \u00fcretimini art\u0131r\u0131r<\/li><li>Cilde do\u011fal \u0131\u015f\u0131lt\u0131 kazand\u0131r\u0131r<\/li><\/ul>\t\t\t\t\t\t\t\t<\/div>\n\t\t\t\t<\/div>\n\t\t\t\t\t<\/div>\n\t\t<\/div>\n\t\t\t\t\t<\/div>\n\t\t<\/section>\n\t\t\t\t\t<\/div>\n\t\t<\/div>\n\t\t\t\t\t<\/div>\n\t\t<\/section>\n\t\t\t\t<section class=\"elementor-section elementor-top-section elementor-element elementor-element-34aadb1f elementor-section-full_width elementor-section-height-default elementor-section-height-default\" data-id=\"34aadb1f\" data-element_type=\"section\">\n\t\t\t\t\t\t<div class=\"elementor-container elementor-column-gap-no\">\n\t\t\t\t\t<div class=\"elementor-column elementor-col-100 elementor-top-column elementor-element elementor-element-79a3243a\" data-id=\"79a3243a\" data-element_type=\"column\">\n\t\t\t<div class=\"elementor-widget-wrap\">\n\t\t\t\t\t\t\t<\/div>\n\t\t<\/div>\n\t\t\t\t\t<\/div>\n\t\t<\/section>\n\t\t\t\t<\/div>\n\t\t","protected":false},"excerpt":{"rendered":"<p>Y\u00fcz Lifting Y\u00fcz lifting \u00f6zellikle son d\u00f6nemde cerrahi m\u00fcdahalelere fazla maruz kalmadan gen\u00e7le\u015fmek i\u00e7in kullan\u0131lan y\u00f6ntemlerden biridir. Y\u00fcz lifting cildin maruz kalm\u0131\u015f oldu\u011fu olumsuz etkileri en aza indirmeyi ama\u00e7lar. G\u00fcne\u015f, kirli hava, kilo, stres ve buna benzer olumsuz etkenler y\u00fcz\u00fcn kolojen ve elastikiyetinin azalmas\u0131na neden olur. Bu durumda ilerleyen zamanlarda y\u00fczdeki sarkma, lekelenme gibi problemleri [&hellip;]<\/p>\n","protected":false},"author":1,"featured_media":0,"parent":284,"menu_order":0,"comment_status":"closed","ping_status":"closed","template":"elementor_header_footer","meta":{"footnotes":""},"class_list":["post-471","page","type-page","status-publish","hentry"],"_links":{"self":[{"href":"https:\/\/bilsonhealth.co.uk\/tr\/wp-json\/wp\/v2\/pages\/471","targetHints":{"allow":["GET"]}}],"collection":[{"href":"https:\/\/bilsonhealth.co.uk\/tr\/wp-json\/wp\/v2\/pages"}],"about":[{"href":"https:\/\/bilsonhealth.co.uk\/tr\/wp-json\/wp\/v2\/types\/page"}],"author":[{"embeddable":true,"href":"https:\/\/bilsonhealth.co.uk\/tr\/wp-json\/wp\/v2\/users\/1"}],"replies":[{"embeddable":true,"href":"https:\/\/bilsonhealth.co.uk\/tr\/wp-json\/wp\/v2\/comments?post=471"}],"version-history":[{"count":25,"href":"https:\/\/bilsonhealth.co.uk\/tr\/wp-json\/wp\/v2\/pages\/471\/revisions"}],"predecessor-version":[{"id":2428,"href":"https:\/\/bilsonhealth.co.uk\/tr\/wp-json\/wp\/v2\/pages\/471\/revisions\/2428"}],"up":[{"embeddable":true,"href":"https:\/\/bilsonhealth.co.uk\/tr\/wp-json\/wp\/v2\/pages\/284"}],"wp:attachment":[{"href":"https:\/\/bilsonhealth.co.uk\/tr\/wp-json\/wp\/v2\/media?parent=471"}],"curies":[{"name":"wp","href":"https:\/\/api.w.org\/{rel}","templated":true}]}}