{"id":463,"date":"2022-05-17T13:59:45","date_gmt":"2022-05-17T10:59:45","guid":{"rendered":"http:\/\/bilsonhealthservices.co.uk\/?page_id=463"},"modified":"2023-12-05T10:52:01","modified_gmt":"2023-12-05T07:52:01","slug":"yanak-estetigi","status":"publish","type":"page","link":"https:\/\/bilsonhealth.co.uk\/tr\/estetik-uygulamalari\/yuz-estetigi\/yanak-estetigi\/","title":{"rendered":"Yanak Esteti\u011fi"},"content":{"rendered":"\t\t<div data-elementor-type=\"wp-page\" data-elementor-id=\"463\" class=\"elementor elementor-463\" data-elementor-post-type=\"page\">\n\t\t\t\t\t\t<section class=\"elementor-section elementor-top-section elementor-element elementor-element-f3f4f10 elementor-section-boxed elementor-section-height-default elementor-section-height-default\" data-id=\"f3f4f10\" data-element_type=\"section\" data-settings=\"{&quot;background_background&quot;:&quot;classic&quot;}\">\n\t\t\t\t\t\t\t<div class=\"elementor-background-overlay\"><\/div>\n\t\t\t\t\t\t\t<div class=\"elementor-container elementor-column-gap-default\">\n\t\t\t\t\t<div class=\"elementor-column elementor-col-100 elementor-top-column elementor-element elementor-element-02b8fd3\" data-id=\"02b8fd3\" data-element_type=\"column\" data-settings=\"{&quot;background_background&quot;:&quot;classic&quot;}\">\n\t\t\t<div class=\"elementor-widget-wrap elementor-element-populated\">\n\t\t\t\t\t\t<div class=\"elementor-element elementor-element-755b870 elementor-widget elementor-widget-text-editor\" data-id=\"755b870\" data-element_type=\"widget\" data-widget_type=\"text-editor.default\">\n\t\t\t\t<div class=\"elementor-widget-container\">\n\t\t\t\t\t\t\t\t\t<h3>Yanak Esteti\u011fi<\/h3>\t\t\t\t\t\t\t\t<\/div>\n\t\t\t\t<\/div>\n\t\t\t\t\t<\/div>\n\t\t<\/div>\n\t\t\t\t\t<\/div>\n\t\t<\/section>\n\t\t\t\t<section class=\"elementor-section elementor-top-section elementor-element elementor-element-5f329d60 elementor-section-boxed elementor-section-height-default elementor-section-height-default\" data-id=\"5f329d60\" data-element_type=\"section\">\n\t\t\t\t\t\t\t<div class=\"elementor-background-overlay\"><\/div>\n\t\t\t\t\t\t\t<div class=\"elementor-container elementor-column-gap-default\">\n\t\t\t\t\t<div class=\"elementor-column elementor-col-100 elementor-top-column elementor-element elementor-element-602fe047\" data-id=\"602fe047\" data-element_type=\"column\">\n\t\t\t<div class=\"elementor-widget-wrap elementor-element-populated\">\n\t\t\t\t\t\t<section class=\"elementor-section elementor-inner-section elementor-element elementor-element-561d1540 elementor-section-boxed elementor-section-height-default elementor-section-height-default\" data-id=\"561d1540\" data-element_type=\"section\">\n\t\t\t\t\t\t<div class=\"elementor-container elementor-column-gap-default\">\n\t\t\t\t\t<div class=\"elementor-column elementor-col-100 elementor-inner-column elementor-element elementor-element-6bddeda8 animated-slow elementor-invisible\" data-id=\"6bddeda8\" data-element_type=\"column\" data-settings=\"{&quot;animation&quot;:&quot;fadeIn&quot;,&quot;animation_delay&quot;:200}\">\n\t\t\t<div class=\"elementor-widget-wrap elementor-element-populated\">\n\t\t\t\t\t\t<div class=\"elementor-element elementor-element-d1b9b9b elementor-widget elementor-widget-text-editor\" data-id=\"d1b9b9b\" data-element_type=\"widget\" data-widget_type=\"text-editor.default\">\n\t\t\t\t<div class=\"elementor-widget-container\">\n\t\t\t\t\t\t\t\t\t<p>Son d\u00f6nemlerde bi\u015fektomi olarak kar\u015f\u0131m\u0131za \u00e7\u0131kan yanak esteti\u011fi ameliyatl\u0131 ve ameliyats\u0131z olarak ikiye ayr\u0131l\u0131r.<\/p><p>Ameliyatl\u0131 yanak eritme i\u015flemi; yana\u011f\u0131n i\u00e7inde yer alan fazla ya\u011f\u0131 alarak y\u00fcze oval \u015feklinin verilmesi sa\u011flan\u0131r. Hollywood yanak esteti\u011fi olarak da bilinen bu i\u015flem cerrahi operasyonlar olduk\u00e7a ba\u015far\u0131l\u0131 sonu\u00e7lar elde edilir.<\/p><p><strong>Agassi Y\u00f6ntemiyle Yanak \u0130nceltme <\/strong><\/p><p><strong>\u00a0<\/strong>Ameliyats\u0131z yanak inceltme i\u015flemi aras\u0131nda en pop\u00fcler olanlar\u0131ndan bir tanesidir. Yanak i\u00e7ine uygulanan eritme i\u015flemi cerrahi m\u00fcdahale olmadan titre\u015fimler \u00f6zel bir cihaz ile yap\u0131lmaktad\u0131r.<\/p><ul><li>Her hastaya \u00f6zel tek kullan\u0131ml\u0131k ba\u015fl\u0131klarla yap\u0131l\u0131r.<\/li><li>Her yanak i\u00e7in 15 dakika olmak \u00fczere toplamda yar\u0131m saatlik bir i\u015flemdir.<\/li><li>2 veya 3 seans Agassi yapt\u0131r\u0131labilir.<\/li><li>Uygulama esnas\u0131nda yanak i\u00e7inde ac\u0131 olmaz sadece \u0131s\u0131 hissi olu\u015fur.<\/li><li>Anestezi uygulanmadan yap\u0131lan bir i\u015flemdir.<\/li><li>3 hafta sonra sonu\u00e7lar\u0131 net bir \u015fekilde g\u00f6rmeye ba\u015flars\u0131n\u0131z.<\/li><li>Kilo al\u0131m\u0131 veya kayb\u0131 olmad\u0131\u011f\u0131 takdirde sonu\u00e7lar uzun s\u00fcre kal\u0131c\u0131d\u0131r.<\/li><\/ul><p>\u00a0<\/p><p>\u00a0<\/p><p><strong>HIFU Y\u00f6ntemiyle Yanak \u0130nceltme <\/strong><\/p><p><br \/>\u00d6zellikle ya\u015flanma ve kilo al\u0131ma ba\u011fl\u0131 olarak yanaklarda fazla olu\u015fan ya\u011f tabakas\u0131n\u0131 eritmek i\u00e7in kullan\u0131lan etkili bir sistemdir. HIFU y\u00f6ntemi etkili sonu\u00e7lar elde etmemizde fayda sa\u011flayan fokus ultrason olarak da bilinen bir i\u015flemdir. Bu y\u00f6ntem yanaklardaki fazlal\u0131klar\u0131 ses dalgalar\u0131 ile etkili bir \u015fekilde par\u00e7alar.<\/p><ul><li>Ac\u0131s\u0131z ve a\u011fr\u0131s\u0131z bir i\u015flemdir<\/li><li>Tek seansl\u0131k bir i\u015flemdir<\/li><li>Y\u00fcz\u00fcn oval \u015feklini belirginle\u015ftirir<\/li><li>Elmac\u0131k kemikleri veya kontur hatt\u0131n\u0131n daha belirgin olmas\u0131n\u0131 sa\u011flar<\/li><li>\u00c7ene hatt\u0131n\u0131 toparlar ve belirginle\u015ftirir<\/li><li>Yanaklar\u0131 inceltir, s\u0131k\u0131la\u015ft\u0131r\u0131r<\/li><li>Gergin ve parlak bir cilt i\u00e7in son derece olumludur<\/li><li>Cildin alt\u0131ndaki deri dokular\u0131n\u0131n kalitesini art\u0131r\u0131r<\/li><\/ul>\t\t\t\t\t\t\t\t<\/div>\n\t\t\t\t<\/div>\n\t\t\t\t\t<\/div>\n\t\t<\/div>\n\t\t\t\t\t<\/div>\n\t\t<\/section>\n\t\t\t\t\t<\/div>\n\t\t<\/div>\n\t\t\t\t\t<\/div>\n\t\t<\/section>\n\t\t\t\t<section class=\"elementor-section elementor-top-section elementor-element elementor-element-1d109ad1 elementor-section-full_width elementor-section-height-default elementor-section-height-default\" data-id=\"1d109ad1\" data-element_type=\"section\">\n\t\t\t\t\t\t<div class=\"elementor-container elementor-column-gap-no\">\n\t\t\t\t\t<div class=\"elementor-column elementor-col-100 elementor-top-column elementor-element elementor-element-13dc65fd\" data-id=\"13dc65fd\" data-element_type=\"column\">\n\t\t\t<div class=\"elementor-widget-wrap\">\n\t\t\t\t\t\t\t<\/div>\n\t\t<\/div>\n\t\t\t\t\t<\/div>\n\t\t<\/section>\n\t\t\t\t<\/div>\n\t\t","protected":false},"excerpt":{"rendered":"<p>Yanak Esteti\u011fi Son d\u00f6nemlerde bi\u015fektomi olarak kar\u015f\u0131m\u0131za \u00e7\u0131kan yanak esteti\u011fi ameliyatl\u0131 ve ameliyats\u0131z olarak ikiye ayr\u0131l\u0131r. Ameliyatl\u0131 yanak eritme i\u015flemi; yana\u011f\u0131n i\u00e7inde yer alan fazla ya\u011f\u0131 alarak y\u00fcze oval \u015feklinin verilmesi sa\u011flan\u0131r. Hollywood yanak esteti\u011fi olarak da bilinen bu i\u015flem cerrahi operasyonlar olduk\u00e7a ba\u015far\u0131l\u0131 sonu\u00e7lar elde edilir. Agassi Y\u00f6ntemiyle Yanak \u0130nceltme \u00a0Ameliyats\u0131z yanak inceltme i\u015flemi [&hellip;]<\/p>\n","protected":false},"author":1,"featured_media":0,"parent":284,"menu_order":0,"comment_status":"closed","ping_status":"closed","template":"elementor_header_footer","meta":{"footnotes":""},"class_list":["post-463","page","type-page","status-publish","hentry"],"_links":{"self":[{"href":"https:\/\/bilsonhealth.co.uk\/tr\/wp-json\/wp\/v2\/pages\/463","targetHints":{"allow":["GET"]}}],"collection":[{"href":"https:\/\/bilsonhealth.co.uk\/tr\/wp-json\/wp\/v2\/pages"}],"about":[{"href":"https:\/\/bilsonhealth.co.uk\/tr\/wp-json\/wp\/v2\/types\/page"}],"author":[{"embeddable":true,"href":"https:\/\/bilsonhealth.co.uk\/tr\/wp-json\/wp\/v2\/users\/1"}],"replies":[{"embeddable":true,"href":"https:\/\/bilsonhealth.co.uk\/tr\/wp-json\/wp\/v2\/comments?post=463"}],"version-history":[{"count":25,"href":"https:\/\/bilsonhealth.co.uk\/tr\/wp-json\/wp\/v2\/pages\/463\/revisions"}],"predecessor-version":[{"id":2419,"href":"https:\/\/bilsonhealth.co.uk\/tr\/wp-json\/wp\/v2\/pages\/463\/revisions\/2419"}],"up":[{"embeddable":true,"href":"https:\/\/bilsonhealth.co.uk\/tr\/wp-json\/wp\/v2\/pages\/284"}],"wp:attachment":[{"href":"https:\/\/bilsonhealth.co.uk\/tr\/wp-json\/wp\/v2\/media?parent=463"}],"curies":[{"name":"wp","href":"https:\/\/api.w.org\/{rel}","templated":true}]}}