{"id":445,"date":"2022-05-17T13:45:11","date_gmt":"2022-05-17T10:45:11","guid":{"rendered":"http:\/\/bilsonhealthservices.co.uk\/?page_id=445"},"modified":"2023-12-05T10:45:29","modified_gmt":"2023-12-05T07:45:29","slug":"dis-pirlantasi","status":"publish","type":"page","link":"https:\/\/bilsonhealth.co.uk\/tr\/estetik-uygulamalari\/dis-tedavileri\/dis-pirlantasi\/","title":{"rendered":"Di\u015f P\u0131rlantas\u0131"},"content":{"rendered":"\t\t<div data-elementor-type=\"wp-page\" data-elementor-id=\"445\" class=\"elementor elementor-445\" data-elementor-post-type=\"page\">\n\t\t\t\t\t\t<section class=\"elementor-section elementor-top-section elementor-element elementor-element-00c705f elementor-section-boxed elementor-section-height-default elementor-section-height-default\" data-id=\"00c705f\" data-element_type=\"section\" data-settings=\"{&quot;background_background&quot;:&quot;classic&quot;}\">\n\t\t\t\t\t\t\t<div class=\"elementor-background-overlay\"><\/div>\n\t\t\t\t\t\t\t<div class=\"elementor-container elementor-column-gap-default\">\n\t\t\t\t\t<div class=\"elementor-column elementor-col-100 elementor-top-column elementor-element elementor-element-d0b7e07\" data-id=\"d0b7e07\" data-element_type=\"column\" data-settings=\"{&quot;background_background&quot;:&quot;classic&quot;}\">\n\t\t\t<div class=\"elementor-widget-wrap elementor-element-populated\">\n\t\t\t\t\t\t<div class=\"elementor-element elementor-element-dcdd3a1 elementor-widget elementor-widget-text-editor\" data-id=\"dcdd3a1\" data-element_type=\"widget\" data-widget_type=\"text-editor.default\">\n\t\t\t\t<div class=\"elementor-widget-container\">\n\t\t\t\t\t\t\t\t\t<h3>Di\u015f P\u0131rlantas\u0131<\/h3>\t\t\t\t\t\t\t\t<\/div>\n\t\t\t\t<\/div>\n\t\t\t\t\t<\/div>\n\t\t<\/div>\n\t\t\t\t\t<\/div>\n\t\t<\/section>\n\t\t\t\t<section class=\"elementor-section elementor-top-section elementor-element elementor-element-69c134f elementor-section-boxed elementor-section-height-default elementor-section-height-default\" data-id=\"69c134f\" data-element_type=\"section\" data-settings=\"{&quot;background_background&quot;:&quot;classic&quot;}\">\n\t\t\t\t\t\t\t<div class=\"elementor-background-overlay\"><\/div>\n\t\t\t\t\t\t\t<div class=\"elementor-container elementor-column-gap-default\">\n\t\t\t\t\t<div class=\"elementor-column elementor-col-100 elementor-top-column elementor-element elementor-element-0759cc1\" data-id=\"0759cc1\" data-element_type=\"column\" data-settings=\"{&quot;background_background&quot;:&quot;classic&quot;}\">\n\t\t\t<div class=\"elementor-widget-wrap elementor-element-populated\">\n\t\t\t\t\t\t<div class=\"elementor-element elementor-element-119380f elementor-widget elementor-widget-text-editor\" data-id=\"119380f\" data-element_type=\"widget\" data-widget_type=\"text-editor.default\">\n\t\t\t\t<div class=\"elementor-widget-container\">\n\t\t\t\t\t\t\t\t\t<p>Di\u015f p\u0131rlantas\u0131, di\u015fin y\u00fczeyine yerle\u015ftirilen k\u00fc\u00e7\u00fck ve dekoratif bir tak\u0131d\u0131r. Di\u015f p\u0131rlantalar\u0131 genellikle di\u015f minesine zarar<br \/>vermeden ge\u00e7ici olarak uygulanabilen k\u00fc\u00e7\u00fck ta\u015flardan olu\u015fur. Bu tak\u0131lar, di\u015f hekimleri taraf\u0131ndan \u00f6zel bir yap\u0131\u015ft\u0131r\u0131c\u0131 kullan\u0131larak di\u015f y\u00fczeyine uygulan\u0131r.<\/p>\t\t\t\t\t\t\t\t<\/div>\n\t\t\t\t<\/div>\n\t\t\t\t\t<\/div>\n\t\t<\/div>\n\t\t\t\t\t<\/div>\n\t\t<\/section>\n\t\t\t\t<section class=\"elementor-section elementor-top-section elementor-element elementor-element-442e6474 elementor-section-full_width elementor-section-height-default elementor-section-height-default\" data-id=\"442e6474\" data-element_type=\"section\">\n\t\t\t\t\t\t<div class=\"elementor-container elementor-column-gap-no\">\n\t\t\t\t\t<div class=\"elementor-column elementor-col-100 elementor-top-column elementor-element elementor-element-2e099550\" data-id=\"2e099550\" data-element_type=\"column\">\n\t\t\t<div class=\"elementor-widget-wrap\">\n\t\t\t\t\t\t\t<\/div>\n\t\t<\/div>\n\t\t\t\t\t<\/div>\n\t\t<\/section>\n\t\t\t\t<\/div>\n\t\t","protected":false},"excerpt":{"rendered":"<p>Di\u015f P\u0131rlantas\u0131 Di\u015f p\u0131rlantas\u0131, di\u015fin y\u00fczeyine yerle\u015ftirilen k\u00fc\u00e7\u00fck ve dekoratif bir tak\u0131d\u0131r. Di\u015f p\u0131rlantalar\u0131 genellikle di\u015f minesine zararvermeden ge\u00e7ici olarak uygulanabilen k\u00fc\u00e7\u00fck ta\u015flardan olu\u015fur. Bu tak\u0131lar, di\u015f hekimleri taraf\u0131ndan \u00f6zel bir yap\u0131\u015ft\u0131r\u0131c\u0131 kullan\u0131larak di\u015f y\u00fczeyine uygulan\u0131r.<\/p>\n","protected":false},"author":1,"featured_media":0,"parent":287,"menu_order":0,"comment_status":"closed","ping_status":"closed","template":"elementor_header_footer","meta":{"footnotes":""},"class_list":["post-445","page","type-page","status-publish","hentry"],"_links":{"self":[{"href":"https:\/\/bilsonhealth.co.uk\/tr\/wp-json\/wp\/v2\/pages\/445","targetHints":{"allow":["GET"]}}],"collection":[{"href":"https:\/\/bilsonhealth.co.uk\/tr\/wp-json\/wp\/v2\/pages"}],"about":[{"href":"https:\/\/bilsonhealth.co.uk\/tr\/wp-json\/wp\/v2\/types\/page"}],"author":[{"embeddable":true,"href":"https:\/\/bilsonhealth.co.uk\/tr\/wp-json\/wp\/v2\/users\/1"}],"replies":[{"embeddable":true,"href":"https:\/\/bilsonhealth.co.uk\/tr\/wp-json\/wp\/v2\/comments?post=445"}],"version-history":[{"count":16,"href":"https:\/\/bilsonhealth.co.uk\/tr\/wp-json\/wp\/v2\/pages\/445\/revisions"}],"predecessor-version":[{"id":2388,"href":"https:\/\/bilsonhealth.co.uk\/tr\/wp-json\/wp\/v2\/pages\/445\/revisions\/2388"}],"up":[{"embeddable":true,"href":"https:\/\/bilsonhealth.co.uk\/tr\/wp-json\/wp\/v2\/pages\/287"}],"wp:attachment":[{"href":"https:\/\/bilsonhealth.co.uk\/tr\/wp-json\/wp\/v2\/media?parent=445"}],"curies":[{"name":"wp","href":"https:\/\/api.w.org\/{rel}","templated":true}]}}