{"id":439,"date":"2022-05-17T13:39:20","date_gmt":"2022-05-17T10:39:20","guid":{"rendered":"http:\/\/bilsonhealthservices.co.uk\/?page_id=439"},"modified":"2023-12-05T10:45:10","modified_gmt":"2023-12-05T07:45:10","slug":"dis-sikma-ve-dis-gicirdatma-tedavisi","status":"publish","type":"page","link":"https:\/\/bilsonhealth.co.uk\/tr\/estetik-uygulamalari\/dis-tedavileri\/dis-sikma-ve-dis-gicirdatma-tedavisi\/","title":{"rendered":"Di\u015f S\u0131kma ve Di\u015f G\u0131c\u0131rdatma Tedavisi"},"content":{"rendered":"\t\t<div data-elementor-type=\"wp-page\" data-elementor-id=\"439\" class=\"elementor elementor-439\" data-elementor-post-type=\"page\">\n\t\t\t\t\t\t<section class=\"elementor-section elementor-top-section elementor-element elementor-element-d7fe2a5 elementor-section-boxed elementor-section-height-default elementor-section-height-default\" data-id=\"d7fe2a5\" data-element_type=\"section\" data-settings=\"{&quot;background_background&quot;:&quot;classic&quot;}\">\n\t\t\t\t\t\t\t<div class=\"elementor-background-overlay\"><\/div>\n\t\t\t\t\t\t\t<div class=\"elementor-container elementor-column-gap-default\">\n\t\t\t\t\t<div class=\"elementor-column elementor-col-100 elementor-top-column elementor-element elementor-element-0a91e9f\" data-id=\"0a91e9f\" data-element_type=\"column\" data-settings=\"{&quot;background_background&quot;:&quot;classic&quot;}\">\n\t\t\t<div class=\"elementor-widget-wrap elementor-element-populated\">\n\t\t\t\t\t\t<div class=\"elementor-element elementor-element-601a257 elementor-widget elementor-widget-text-editor\" data-id=\"601a257\" data-element_type=\"widget\" data-widget_type=\"text-editor.default\">\n\t\t\t\t<div class=\"elementor-widget-container\">\n\t\t\t\t\t\t\t\t\t<h3>Di\u015f S\u0131kma ve Di\u015f G\u0131c\u0131rdatma Tedavisi<\/h3>\t\t\t\t\t\t\t\t<\/div>\n\t\t\t\t<\/div>\n\t\t\t\t\t<\/div>\n\t\t<\/div>\n\t\t\t\t\t<\/div>\n\t\t<\/section>\n\t\t\t\t<section class=\"elementor-section elementor-top-section elementor-element elementor-element-a3cf4f9 elementor-section-boxed elementor-section-height-default elementor-section-height-default\" data-id=\"a3cf4f9\" data-element_type=\"section\" data-settings=\"{&quot;background_background&quot;:&quot;classic&quot;}\">\n\t\t\t\t\t\t\t<div class=\"elementor-background-overlay\"><\/div>\n\t\t\t\t\t\t\t<div class=\"elementor-container elementor-column-gap-default\">\n\t\t\t\t\t<div class=\"elementor-column elementor-col-100 elementor-top-column elementor-element elementor-element-e5a0f2b\" data-id=\"e5a0f2b\" data-element_type=\"column\" data-settings=\"{&quot;background_background&quot;:&quot;classic&quot;}\">\n\t\t\t<div class=\"elementor-widget-wrap elementor-element-populated\">\n\t\t\t\t\t\t<div class=\"elementor-element elementor-element-7ccd907 elementor-widget elementor-widget-text-editor\" data-id=\"7ccd907\" data-element_type=\"widget\" data-widget_type=\"text-editor.default\">\n\t\t\t\t<div class=\"elementor-widget-container\">\n\t\t\t\t\t\t\t\t\t<p>Di\u015f s\u0131kma ve di\u015f g\u0131c\u0131rdatma, bruxism olarak da bilinen bir durumdur ve genellikle stres,\u00a0 gerginlik veya uyku bozukluklar\u0131 gibi fakt\u00f6rlerle ili\u015fkilidir. Bu durum, di\u015flerin \u015fiddetle birbirine s\u0131k\u0131lmas\u0131 veya g\u0131c\u0131rdat\u0131lmas\u0131yla karakterizedir ve uzun vadede di\u015flere ve \u00e7ene eklemine zarar verebilir. Bu nedenle, di\u015f s\u0131kma ve g\u0131c\u0131rdatma tedavisi \u00f6nemlidir.<\/p>\t\t\t\t\t\t\t\t<\/div>\n\t\t\t\t<\/div>\n\t\t\t\t\t<\/div>\n\t\t<\/div>\n\t\t\t\t\t<\/div>\n\t\t<\/section>\n\t\t\t\t<section class=\"elementor-section elementor-top-section elementor-element elementor-element-30d609ed elementor-section-full_width elementor-section-height-default elementor-section-height-default\" data-id=\"30d609ed\" data-element_type=\"section\">\n\t\t\t\t\t\t<div class=\"elementor-container elementor-column-gap-no\">\n\t\t\t\t\t<div class=\"elementor-column elementor-col-100 elementor-top-column elementor-element elementor-element-e3d9b2a\" data-id=\"e3d9b2a\" data-element_type=\"column\">\n\t\t\t<div class=\"elementor-widget-wrap\">\n\t\t\t\t\t\t\t<\/div>\n\t\t<\/div>\n\t\t\t\t\t<\/div>\n\t\t<\/section>\n\t\t\t\t<\/div>\n\t\t","protected":false},"excerpt":{"rendered":"<p>Di\u015f S\u0131kma ve Di\u015f G\u0131c\u0131rdatma Tedavisi Di\u015f s\u0131kma ve di\u015f g\u0131c\u0131rdatma, bruxism olarak da bilinen bir durumdur ve genellikle stres,\u00a0 gerginlik veya uyku bozukluklar\u0131 gibi fakt\u00f6rlerle ili\u015fkilidir. Bu durum, di\u015flerin \u015fiddetle birbirine s\u0131k\u0131lmas\u0131 veya g\u0131c\u0131rdat\u0131lmas\u0131yla karakterizedir ve uzun vadede di\u015flere ve \u00e7ene eklemine zarar verebilir. Bu nedenle, di\u015f s\u0131kma ve g\u0131c\u0131rdatma tedavisi \u00f6nemlidir.<\/p>\n","protected":false},"author":1,"featured_media":0,"parent":287,"menu_order":0,"comment_status":"closed","ping_status":"closed","template":"elementor_header_footer","meta":{"footnotes":""},"class_list":["post-439","page","type-page","status-publish","hentry"],"_links":{"self":[{"href":"https:\/\/bilsonhealth.co.uk\/tr\/wp-json\/wp\/v2\/pages\/439","targetHints":{"allow":["GET"]}}],"collection":[{"href":"https:\/\/bilsonhealth.co.uk\/tr\/wp-json\/wp\/v2\/pages"}],"about":[{"href":"https:\/\/bilsonhealth.co.uk\/tr\/wp-json\/wp\/v2\/types\/page"}],"author":[{"embeddable":true,"href":"https:\/\/bilsonhealth.co.uk\/tr\/wp-json\/wp\/v2\/users\/1"}],"replies":[{"embeddable":true,"href":"https:\/\/bilsonhealth.co.uk\/tr\/wp-json\/wp\/v2\/comments?post=439"}],"version-history":[{"count":16,"href":"https:\/\/bilsonhealth.co.uk\/tr\/wp-json\/wp\/v2\/pages\/439\/revisions"}],"predecessor-version":[{"id":2385,"href":"https:\/\/bilsonhealth.co.uk\/tr\/wp-json\/wp\/v2\/pages\/439\/revisions\/2385"}],"up":[{"embeddable":true,"href":"https:\/\/bilsonhealth.co.uk\/tr\/wp-json\/wp\/v2\/pages\/287"}],"wp:attachment":[{"href":"https:\/\/bilsonhealth.co.uk\/tr\/wp-json\/wp\/v2\/media?parent=439"}],"curies":[{"name":"wp","href":"https:\/\/api.w.org\/{rel}","templated":true}]}}