{"id":437,"date":"2022-05-17T13:38:24","date_gmt":"2022-05-17T10:38:24","guid":{"rendered":"http:\/\/bilsonhealthservices.co.uk\/?page_id=437"},"modified":"2023-12-05T10:44:16","modified_gmt":"2023-12-05T07:44:16","slug":"ortodontik-tedavi","status":"publish","type":"page","link":"https:\/\/bilsonhealth.co.uk\/tr\/estetik-uygulamalari\/dis-tedavileri\/ortodontik-tedavi\/","title":{"rendered":"Ortodontik Tedavi"},"content":{"rendered":"\t\t<div data-elementor-type=\"wp-page\" data-elementor-id=\"437\" class=\"elementor elementor-437\" data-elementor-post-type=\"page\">\n\t\t\t\t\t\t<section class=\"elementor-section elementor-top-section elementor-element elementor-element-1bdca60 elementor-section-boxed elementor-section-height-default elementor-section-height-default\" data-id=\"1bdca60\" data-element_type=\"section\" data-settings=\"{&quot;background_background&quot;:&quot;classic&quot;}\">\n\t\t\t\t\t\t\t<div class=\"elementor-background-overlay\"><\/div>\n\t\t\t\t\t\t\t<div class=\"elementor-container elementor-column-gap-default\">\n\t\t\t\t\t<div class=\"elementor-column elementor-col-100 elementor-top-column elementor-element elementor-element-5baece9\" data-id=\"5baece9\" data-element_type=\"column\" data-settings=\"{&quot;background_background&quot;:&quot;classic&quot;}\">\n\t\t\t<div class=\"elementor-widget-wrap elementor-element-populated\">\n\t\t\t\t\t\t<div class=\"elementor-element elementor-element-2c1500d elementor-widget elementor-widget-text-editor\" data-id=\"2c1500d\" data-element_type=\"widget\" data-widget_type=\"text-editor.default\">\n\t\t\t\t<div class=\"elementor-widget-container\">\n\t\t\t\t\t\t\t\t\t<h3>Ortodontik Tedavi<\/h3>\t\t\t\t\t\t\t\t<\/div>\n\t\t\t\t<\/div>\n\t\t\t\t\t<\/div>\n\t\t<\/div>\n\t\t\t\t\t<\/div>\n\t\t<\/section>\n\t\t\t\t<section class=\"elementor-section elementor-top-section elementor-element elementor-element-730aaba elementor-section-boxed elementor-section-height-default elementor-section-height-default\" data-id=\"730aaba\" data-element_type=\"section\" data-settings=\"{&quot;background_background&quot;:&quot;classic&quot;}\">\n\t\t\t\t\t\t\t<div class=\"elementor-background-overlay\"><\/div>\n\t\t\t\t\t\t\t<div class=\"elementor-container elementor-column-gap-default\">\n\t\t\t\t\t<div class=\"elementor-column elementor-col-100 elementor-top-column elementor-element elementor-element-e8b8902\" data-id=\"e8b8902\" data-element_type=\"column\" data-settings=\"{&quot;background_background&quot;:&quot;classic&quot;}\">\n\t\t\t<div class=\"elementor-widget-wrap elementor-element-populated\">\n\t\t\t\t\t\t<div class=\"elementor-element elementor-element-454881b elementor-widget elementor-widget-text-editor\" data-id=\"454881b\" data-element_type=\"widget\" data-widget_type=\"text-editor.default\">\n\t\t\t\t<div class=\"elementor-widget-container\">\n\t\t\t\t\t\t\t\t\t<p><br \/>Ortodontik tedavi, di\u015flerin ve \u00e7ene yap\u0131s\u0131n\u0131n d\u00fczenlenmesi ve d\u00fczeltilmesi amac\u0131yla uygulanan bir di\u015f hekimli\u011fi dal\u0131d\u0131r. Bu tedavi genellikle di\u015flerdeki \u00e7apra\u015f\u0131kl\u0131klar\u0131, \u00e7eneler aras\u0131ndaki uyumsuzluklar\u0131 veya \u00e7e\u015fitli di\u015f problemlerini d\u00fczeltmek i\u00e7in kullan\u0131l\u0131r.<\/p>\t\t\t\t\t\t\t\t<\/div>\n\t\t\t\t<\/div>\n\t\t\t\t\t<\/div>\n\t\t<\/div>\n\t\t\t\t\t<\/div>\n\t\t<\/section>\n\t\t\t\t<section class=\"elementor-section elementor-top-section elementor-element elementor-element-7cbc8a4 elementor-section-full_width elementor-section-height-default elementor-section-height-default\" data-id=\"7cbc8a4\" data-element_type=\"section\">\n\t\t\t\t\t\t<div class=\"elementor-container elementor-column-gap-no\">\n\t\t\t\t\t<div class=\"elementor-column elementor-col-100 elementor-top-column elementor-element elementor-element-18f22538\" data-id=\"18f22538\" data-element_type=\"column\">\n\t\t\t<div class=\"elementor-widget-wrap\">\n\t\t\t\t\t\t\t<\/div>\n\t\t<\/div>\n\t\t\t\t\t<\/div>\n\t\t<\/section>\n\t\t\t\t<\/div>\n\t\t","protected":false},"excerpt":{"rendered":"<p>Ortodontik Tedavi Ortodontik tedavi, di\u015flerin ve \u00e7ene yap\u0131s\u0131n\u0131n d\u00fczenlenmesi ve d\u00fczeltilmesi amac\u0131yla uygulanan bir di\u015f hekimli\u011fi dal\u0131d\u0131r. Bu tedavi genellikle di\u015flerdeki \u00e7apra\u015f\u0131kl\u0131klar\u0131, \u00e7eneler aras\u0131ndaki uyumsuzluklar\u0131 veya \u00e7e\u015fitli di\u015f problemlerini d\u00fczeltmek i\u00e7in kullan\u0131l\u0131r.<\/p>\n","protected":false},"author":1,"featured_media":0,"parent":287,"menu_order":0,"comment_status":"closed","ping_status":"closed","template":"elementor_header_footer","meta":{"footnotes":""},"class_list":["post-437","page","type-page","status-publish","hentry"],"_links":{"self":[{"href":"https:\/\/bilsonhealth.co.uk\/tr\/wp-json\/wp\/v2\/pages\/437","targetHints":{"allow":["GET"]}}],"collection":[{"href":"https:\/\/bilsonhealth.co.uk\/tr\/wp-json\/wp\/v2\/pages"}],"about":[{"href":"https:\/\/bilsonhealth.co.uk\/tr\/wp-json\/wp\/v2\/types\/page"}],"author":[{"embeddable":true,"href":"https:\/\/bilsonhealth.co.uk\/tr\/wp-json\/wp\/v2\/users\/1"}],"replies":[{"embeddable":true,"href":"https:\/\/bilsonhealth.co.uk\/tr\/wp-json\/wp\/v2\/comments?post=437"}],"version-history":[{"count":16,"href":"https:\/\/bilsonhealth.co.uk\/tr\/wp-json\/wp\/v2\/pages\/437\/revisions"}],"predecessor-version":[{"id":2379,"href":"https:\/\/bilsonhealth.co.uk\/tr\/wp-json\/wp\/v2\/pages\/437\/revisions\/2379"}],"up":[{"embeddable":true,"href":"https:\/\/bilsonhealth.co.uk\/tr\/wp-json\/wp\/v2\/pages\/287"}],"wp:attachment":[{"href":"https:\/\/bilsonhealth.co.uk\/tr\/wp-json\/wp\/v2\/media?parent=437"}],"curies":[{"name":"wp","href":"https:\/\/api.w.org\/{rel}","templated":true}]}}