{"id":431,"date":"2022-05-17T13:34:53","date_gmt":"2022-05-17T10:34:53","guid":{"rendered":"http:\/\/bilsonhealthservices.co.uk\/?page_id=431"},"modified":"2023-12-05T10:43:50","modified_gmt":"2023-12-05T07:43:50","slug":"kanal-tedavisi","status":"publish","type":"page","link":"https:\/\/bilsonhealth.co.uk\/tr\/estetik-uygulamalari\/dis-tedavileri\/kanal-tedavisi\/","title":{"rendered":"Kanal Tedavisi"},"content":{"rendered":"\t\t<div data-elementor-type=\"wp-page\" data-elementor-id=\"431\" class=\"elementor elementor-431\" data-elementor-post-type=\"page\">\n\t\t\t\t\t\t<section class=\"elementor-section elementor-top-section elementor-element elementor-element-3c1f6e0 elementor-section-boxed elementor-section-height-default elementor-section-height-default\" data-id=\"3c1f6e0\" data-element_type=\"section\" data-settings=\"{&quot;background_background&quot;:&quot;classic&quot;}\">\n\t\t\t\t\t\t\t<div class=\"elementor-background-overlay\"><\/div>\n\t\t\t\t\t\t\t<div class=\"elementor-container elementor-column-gap-default\">\n\t\t\t\t\t<div class=\"elementor-column elementor-col-100 elementor-top-column elementor-element elementor-element-094fe33\" data-id=\"094fe33\" data-element_type=\"column\" data-settings=\"{&quot;background_background&quot;:&quot;classic&quot;}\">\n\t\t\t<div class=\"elementor-widget-wrap elementor-element-populated\">\n\t\t\t\t\t\t<div class=\"elementor-element elementor-element-4687a2e elementor-widget elementor-widget-text-editor\" data-id=\"4687a2e\" data-element_type=\"widget\" data-widget_type=\"text-editor.default\">\n\t\t\t\t<div class=\"elementor-widget-container\">\n\t\t\t\t\t\t\t\t\t<h3>Kanal Tedavisi<\/h3>\t\t\t\t\t\t\t\t<\/div>\n\t\t\t\t<\/div>\n\t\t\t\t\t<\/div>\n\t\t<\/div>\n\t\t\t\t\t<\/div>\n\t\t<\/section>\n\t\t\t\t<section class=\"elementor-section elementor-top-section elementor-element elementor-element-d988136 elementor-section-boxed elementor-section-height-default elementor-section-height-default\" data-id=\"d988136\" data-element_type=\"section\" data-settings=\"{&quot;background_background&quot;:&quot;classic&quot;}\">\n\t\t\t\t\t\t\t<div class=\"elementor-background-overlay\"><\/div>\n\t\t\t\t\t\t\t<div class=\"elementor-container elementor-column-gap-default\">\n\t\t\t\t\t<div class=\"elementor-column elementor-col-100 elementor-top-column elementor-element elementor-element-d631be4\" data-id=\"d631be4\" data-element_type=\"column\" data-settings=\"{&quot;background_background&quot;:&quot;classic&quot;}\">\n\t\t\t<div class=\"elementor-widget-wrap elementor-element-populated\">\n\t\t\t\t\t\t<div class=\"elementor-element elementor-element-056afc1 elementor-widget elementor-widget-text-editor\" data-id=\"056afc1\" data-element_type=\"widget\" data-widget_type=\"text-editor.default\">\n\t\t\t\t<div class=\"elementor-widget-container\">\n\t\t\t\t\t\t\t\t\t<p>Kanal tedavisi, di\u015fin i\u00e7 k\u0131sm\u0131ndaki yumu\u015fak doku (pulp) iltihapland\u0131\u011f\u0131nda veya hasar g\u00f6rd\u00fc\u011f\u00fcnde uygulanan bir endodontik tedavi y\u00f6ntemidir. Bu tedavi, di\u015fin i\u00e7indeki sinir ve kan damarlar\u0131n\u0131 \u00e7\u0131karmay\u0131, bo\u015faltmay\u0131 ve ard\u0131ndan temizlemeyi i\u00e7erir. Daha sonra, bo\u015falt\u0131lan alan \u00f6zel dolgu malzemeleri ile doldurularak di\u015fin sa\u011fl\u0131\u011f\u0131 ve fonksiyonu korunur.<\/p>\t\t\t\t\t\t\t\t<\/div>\n\t\t\t\t<\/div>\n\t\t\t\t\t<\/div>\n\t\t<\/div>\n\t\t\t\t\t<\/div>\n\t\t<\/section>\n\t\t\t\t<section class=\"elementor-section elementor-top-section elementor-element elementor-element-23656174 elementor-section-full_width elementor-section-height-default elementor-section-height-default\" data-id=\"23656174\" data-element_type=\"section\">\n\t\t\t\t\t\t<div class=\"elementor-container elementor-column-gap-no\">\n\t\t\t\t\t<div class=\"elementor-column elementor-col-100 elementor-top-column elementor-element elementor-element-545e2ed1\" data-id=\"545e2ed1\" data-element_type=\"column\">\n\t\t\t<div class=\"elementor-widget-wrap\">\n\t\t\t\t\t\t\t<\/div>\n\t\t<\/div>\n\t\t\t\t\t<\/div>\n\t\t<\/section>\n\t\t\t\t<\/div>\n\t\t","protected":false},"excerpt":{"rendered":"<p>Kanal Tedavisi Kanal tedavisi, di\u015fin i\u00e7 k\u0131sm\u0131ndaki yumu\u015fak doku (pulp) iltihapland\u0131\u011f\u0131nda veya hasar g\u00f6rd\u00fc\u011f\u00fcnde uygulanan bir endodontik tedavi y\u00f6ntemidir. Bu tedavi, di\u015fin i\u00e7indeki sinir ve kan damarlar\u0131n\u0131 \u00e7\u0131karmay\u0131, bo\u015faltmay\u0131 ve ard\u0131ndan temizlemeyi i\u00e7erir. Daha sonra, bo\u015falt\u0131lan alan \u00f6zel dolgu malzemeleri ile doldurularak di\u015fin sa\u011fl\u0131\u011f\u0131 ve fonksiyonu korunur.<\/p>\n","protected":false},"author":1,"featured_media":0,"parent":287,"menu_order":0,"comment_status":"closed","ping_status":"closed","template":"elementor_header_footer","meta":{"footnotes":""},"class_list":["post-431","page","type-page","status-publish","hentry"],"_links":{"self":[{"href":"https:\/\/bilsonhealth.co.uk\/tr\/wp-json\/wp\/v2\/pages\/431","targetHints":{"allow":["GET"]}}],"collection":[{"href":"https:\/\/bilsonhealth.co.uk\/tr\/wp-json\/wp\/v2\/pages"}],"about":[{"href":"https:\/\/bilsonhealth.co.uk\/tr\/wp-json\/wp\/v2\/types\/page"}],"author":[{"embeddable":true,"href":"https:\/\/bilsonhealth.co.uk\/tr\/wp-json\/wp\/v2\/users\/1"}],"replies":[{"embeddable":true,"href":"https:\/\/bilsonhealth.co.uk\/tr\/wp-json\/wp\/v2\/comments?post=431"}],"version-history":[{"count":19,"href":"https:\/\/bilsonhealth.co.uk\/tr\/wp-json\/wp\/v2\/pages\/431\/revisions"}],"predecessor-version":[{"id":2376,"href":"https:\/\/bilsonhealth.co.uk\/tr\/wp-json\/wp\/v2\/pages\/431\/revisions\/2376"}],"up":[{"embeddable":true,"href":"https:\/\/bilsonhealth.co.uk\/tr\/wp-json\/wp\/v2\/pages\/287"}],"wp:attachment":[{"href":"https:\/\/bilsonhealth.co.uk\/tr\/wp-json\/wp\/v2\/media?parent=431"}],"curies":[{"name":"wp","href":"https:\/\/api.w.org\/{rel}","templated":true}]}}