{"id":425,"date":"2022-05-17T13:33:48","date_gmt":"2022-05-17T10:33:48","guid":{"rendered":"http:\/\/bilsonhealthservices.co.uk\/?page_id=425"},"modified":"2023-12-05T10:44:34","modified_gmt":"2023-12-05T07:44:34","slug":"estetik-gulus-tasarimi","status":"publish","type":"page","link":"https:\/\/bilsonhealth.co.uk\/tr\/estetik-uygulamalari\/dis-tedavileri\/estetik-gulus-tasarimi\/","title":{"rendered":"Estetik G\u00fcl\u00fc\u015f Tasar\u0131m\u0131"},"content":{"rendered":"\t\t<div data-elementor-type=\"wp-page\" data-elementor-id=\"425\" class=\"elementor elementor-425\" data-elementor-post-type=\"page\">\n\t\t\t\t\t\t<section class=\"elementor-section elementor-top-section elementor-element elementor-element-96b8f82 elementor-section-boxed elementor-section-height-default elementor-section-height-default\" data-id=\"96b8f82\" data-element_type=\"section\" data-settings=\"{&quot;background_background&quot;:&quot;classic&quot;}\">\n\t\t\t\t\t\t\t<div class=\"elementor-background-overlay\"><\/div>\n\t\t\t\t\t\t\t<div class=\"elementor-container elementor-column-gap-default\">\n\t\t\t\t\t<div class=\"elementor-column elementor-col-100 elementor-top-column elementor-element elementor-element-b6094fa\" data-id=\"b6094fa\" data-element_type=\"column\" data-settings=\"{&quot;background_background&quot;:&quot;classic&quot;}\">\n\t\t\t<div class=\"elementor-widget-wrap elementor-element-populated\">\n\t\t\t\t\t\t<div class=\"elementor-element elementor-element-98c65d7 elementor-widget elementor-widget-text-editor\" data-id=\"98c65d7\" data-element_type=\"widget\" data-widget_type=\"text-editor.default\">\n\t\t\t\t<div class=\"elementor-widget-container\">\n\t\t\t\t\t\t\t\t\t<h3>Estetik G\u00fcl\u00fc\u015f Tasar\u0131m\u0131<\/h3>\t\t\t\t\t\t\t\t<\/div>\n\t\t\t\t<\/div>\n\t\t\t\t\t<\/div>\n\t\t<\/div>\n\t\t\t\t\t<\/div>\n\t\t<\/section>\n\t\t\t\t<section class=\"elementor-section elementor-top-section elementor-element elementor-element-9f7ac25 elementor-section-boxed elementor-section-height-default elementor-section-height-default\" data-id=\"9f7ac25\" data-element_type=\"section\" data-settings=\"{&quot;background_background&quot;:&quot;classic&quot;}\">\n\t\t\t\t\t\t\t<div class=\"elementor-background-overlay\"><\/div>\n\t\t\t\t\t\t\t<div class=\"elementor-container elementor-column-gap-default\">\n\t\t\t\t\t<div class=\"elementor-column elementor-col-100 elementor-top-column elementor-element elementor-element-3888211\" data-id=\"3888211\" data-element_type=\"column\" data-settings=\"{&quot;background_background&quot;:&quot;classic&quot;}\">\n\t\t\t<div class=\"elementor-widget-wrap elementor-element-populated\">\n\t\t\t\t\t\t<div class=\"elementor-element elementor-element-da35a6f elementor-widget elementor-widget-text-editor\" data-id=\"da35a6f\" data-element_type=\"widget\" data-widget_type=\"text-editor.default\">\n\t\t\t\t<div class=\"elementor-widget-container\">\n\t\t\t\t\t\t\t\t\t<p>Estetik g\u00fcl\u00fc\u015f tasar\u0131m\u0131, bireylerin g\u00fcl\u00fc\u015flerini daha \u00e7ekici ve dengeli hale getirmeyi ama\u00e7layan bir di\u015f esteti\u011fi uygulamas\u0131d\u0131r. Bu tasar\u0131m, di\u015flerin \u015fekli, boyutu, rengi ve genel g\u00f6r\u00fcn\u00fcm\u00fc \u00fczerindeki \u00e7e\u015fitli unsurlar\u0131 i\u00e7erir. Di\u015f hekimleri, hastalar\u0131n bireysel \u00f6zelliklerini ve isteklerini dikkate alarak estetik g\u00fcl\u00fc\u015f tasar\u0131m\u0131n\u0131 ki\u015fiselle\u015ftirir.<\/p>\t\t\t\t\t\t\t\t<\/div>\n\t\t\t\t<\/div>\n\t\t\t\t\t<\/div>\n\t\t<\/div>\n\t\t\t\t\t<\/div>\n\t\t<\/section>\n\t\t\t\t<section class=\"elementor-section elementor-top-section elementor-element elementor-element-93190e4 elementor-section-full_width elementor-section-height-default elementor-section-height-default\" data-id=\"93190e4\" data-element_type=\"section\">\n\t\t\t\t\t\t<div class=\"elementor-container elementor-column-gap-no\">\n\t\t\t\t\t<div class=\"elementor-column elementor-col-100 elementor-top-column elementor-element elementor-element-21039971\" data-id=\"21039971\" data-element_type=\"column\">\n\t\t\t<div class=\"elementor-widget-wrap\">\n\t\t\t\t\t\t\t<\/div>\n\t\t<\/div>\n\t\t\t\t\t<\/div>\n\t\t<\/section>\n\t\t\t\t<\/div>\n\t\t","protected":false},"excerpt":{"rendered":"<p>Estetik G\u00fcl\u00fc\u015f Tasar\u0131m\u0131 Estetik g\u00fcl\u00fc\u015f tasar\u0131m\u0131, bireylerin g\u00fcl\u00fc\u015flerini daha \u00e7ekici ve dengeli hale getirmeyi ama\u00e7layan bir di\u015f esteti\u011fi uygulamas\u0131d\u0131r. Bu tasar\u0131m, di\u015flerin \u015fekli, boyutu, rengi ve genel g\u00f6r\u00fcn\u00fcm\u00fc \u00fczerindeki \u00e7e\u015fitli unsurlar\u0131 i\u00e7erir. Di\u015f hekimleri, hastalar\u0131n bireysel \u00f6zelliklerini ve isteklerini dikkate alarak estetik g\u00fcl\u00fc\u015f tasar\u0131m\u0131n\u0131 ki\u015fiselle\u015ftirir.<\/p>\n","protected":false},"author":1,"featured_media":0,"parent":287,"menu_order":0,"comment_status":"closed","ping_status":"closed","template":"elementor_header_footer","meta":{"footnotes":""},"class_list":["post-425","page","type-page","status-publish","hentry"],"_links":{"self":[{"href":"https:\/\/bilsonhealth.co.uk\/tr\/wp-json\/wp\/v2\/pages\/425","targetHints":{"allow":["GET"]}}],"collection":[{"href":"https:\/\/bilsonhealth.co.uk\/tr\/wp-json\/wp\/v2\/pages"}],"about":[{"href":"https:\/\/bilsonhealth.co.uk\/tr\/wp-json\/wp\/v2\/types\/page"}],"author":[{"embeddable":true,"href":"https:\/\/bilsonhealth.co.uk\/tr\/wp-json\/wp\/v2\/users\/1"}],"replies":[{"embeddable":true,"href":"https:\/\/bilsonhealth.co.uk\/tr\/wp-json\/wp\/v2\/comments?post=425"}],"version-history":[{"count":16,"href":"https:\/\/bilsonhealth.co.uk\/tr\/wp-json\/wp\/v2\/pages\/425\/revisions"}],"predecessor-version":[{"id":2382,"href":"https:\/\/bilsonhealth.co.uk\/tr\/wp-json\/wp\/v2\/pages\/425\/revisions\/2382"}],"up":[{"embeddable":true,"href":"https:\/\/bilsonhealth.co.uk\/tr\/wp-json\/wp\/v2\/pages\/287"}],"wp:attachment":[{"href":"https:\/\/bilsonhealth.co.uk\/tr\/wp-json\/wp\/v2\/media?parent=425"}],"curies":[{"name":"wp","href":"https:\/\/api.w.org\/{rel}","templated":true}]}}