{"id":418,"date":"2022-05-17T13:31:17","date_gmt":"2022-05-17T10:31:17","guid":{"rendered":"http:\/\/bilsonhealthservices.co.uk\/?page_id=418"},"modified":"2023-12-05T10:43:16","modified_gmt":"2023-12-05T07:43:16","slug":"estetik-porselen-dis-dolgulari","status":"publish","type":"page","link":"https:\/\/bilsonhealth.co.uk\/tr\/estetik-uygulamalari\/dis-tedavileri\/estetik-porselen-dis-dolgulari\/","title":{"rendered":"Estetik Porselen Di\u015f Dolgular\u0131"},"content":{"rendered":"\t\t<div data-elementor-type=\"wp-page\" data-elementor-id=\"418\" class=\"elementor elementor-418\" data-elementor-post-type=\"page\">\n\t\t\t\t\t\t<section class=\"elementor-section elementor-top-section elementor-element elementor-element-8f10908 elementor-section-boxed elementor-section-height-default elementor-section-height-default\" data-id=\"8f10908\" data-element_type=\"section\" data-settings=\"{&quot;background_background&quot;:&quot;classic&quot;}\">\n\t\t\t\t\t\t\t<div class=\"elementor-background-overlay\"><\/div>\n\t\t\t\t\t\t\t<div class=\"elementor-container elementor-column-gap-default\">\n\t\t\t\t\t<div class=\"elementor-column elementor-col-100 elementor-top-column elementor-element elementor-element-3180e0d\" data-id=\"3180e0d\" data-element_type=\"column\" data-settings=\"{&quot;background_background&quot;:&quot;classic&quot;}\">\n\t\t\t<div class=\"elementor-widget-wrap elementor-element-populated\">\n\t\t\t\t\t\t<div class=\"elementor-element elementor-element-22c7cb3 elementor-widget elementor-widget-text-editor\" data-id=\"22c7cb3\" data-element_type=\"widget\" data-widget_type=\"text-editor.default\">\n\t\t\t\t<div class=\"elementor-widget-container\">\n\t\t\t\t\t\t\t\t\t<h3>Estetik Porselen Di\u015f Dolgular\u0131<\/h3>\t\t\t\t\t\t\t\t<\/div>\n\t\t\t\t<\/div>\n\t\t\t\t\t<\/div>\n\t\t<\/div>\n\t\t\t\t\t<\/div>\n\t\t<\/section>\n\t\t\t\t<section class=\"elementor-section elementor-top-section elementor-element elementor-element-760eb5e elementor-section-boxed elementor-section-height-default elementor-section-height-default\" data-id=\"760eb5e\" data-element_type=\"section\" data-settings=\"{&quot;background_background&quot;:&quot;classic&quot;}\">\n\t\t\t\t\t\t\t<div class=\"elementor-background-overlay\"><\/div>\n\t\t\t\t\t\t\t<div class=\"elementor-container elementor-column-gap-default\">\n\t\t\t\t\t<div class=\"elementor-column elementor-col-100 elementor-top-column elementor-element elementor-element-3d27ffd\" data-id=\"3d27ffd\" data-element_type=\"column\" data-settings=\"{&quot;background_background&quot;:&quot;classic&quot;}\">\n\t\t\t<div class=\"elementor-widget-wrap elementor-element-populated\">\n\t\t\t\t\t\t<div class=\"elementor-element elementor-element-bf39e7e elementor-widget elementor-widget-text-editor\" data-id=\"bf39e7e\" data-element_type=\"widget\" data-widget_type=\"text-editor.default\">\n\t\t\t\t<div class=\"elementor-widget-container\">\n\t\t\t\t\t\t\t\t\t<p>Estetik porselen di\u015f dolgular\u0131, di\u015f restorasyonunda kullan\u0131lan bir tedavi se\u00e7ene\u011fidir. Bu dolgular, di\u015f \u00e7\u00fcr\u00fckleri, k\u0131r\u0131klar veya estetik kayg\u0131lar nedeniyle zarar g\u00f6rm\u00fc\u015f di\u015flerin onar\u0131m\u0131nda kullan\u0131l\u0131r. Porselen di\u015f dolgular\u0131, do\u011fal di\u015f rengine benzer renkte bir malzemeden yap\u0131ld\u0131\u011f\u0131 i\u00e7in estetik a\u00e7\u0131dan avantaj sa\u011flar.<\/p>\t\t\t\t\t\t\t\t<\/div>\n\t\t\t\t<\/div>\n\t\t\t\t\t<\/div>\n\t\t<\/div>\n\t\t\t\t\t<\/div>\n\t\t<\/section>\n\t\t\t\t<\/div>\n\t\t","protected":false},"excerpt":{"rendered":"<p>Estetik Porselen Di\u015f Dolgular\u0131 Estetik porselen di\u015f dolgular\u0131, di\u015f restorasyonunda kullan\u0131lan bir tedavi se\u00e7ene\u011fidir. Bu dolgular, di\u015f \u00e7\u00fcr\u00fckleri, k\u0131r\u0131klar veya estetik kayg\u0131lar nedeniyle zarar g\u00f6rm\u00fc\u015f di\u015flerin onar\u0131m\u0131nda kullan\u0131l\u0131r. Porselen di\u015f dolgular\u0131, do\u011fal di\u015f rengine benzer renkte bir malzemeden yap\u0131ld\u0131\u011f\u0131 i\u00e7in estetik a\u00e7\u0131dan avantaj sa\u011flar.<\/p>\n","protected":false},"author":1,"featured_media":0,"parent":287,"menu_order":0,"comment_status":"closed","ping_status":"closed","template":"elementor_header_footer","meta":{"footnotes":""},"class_list":["post-418","page","type-page","status-publish","hentry"],"_links":{"self":[{"href":"https:\/\/bilsonhealth.co.uk\/tr\/wp-json\/wp\/v2\/pages\/418","targetHints":{"allow":["GET"]}}],"collection":[{"href":"https:\/\/bilsonhealth.co.uk\/tr\/wp-json\/wp\/v2\/pages"}],"about":[{"href":"https:\/\/bilsonhealth.co.uk\/tr\/wp-json\/wp\/v2\/types\/page"}],"author":[{"embeddable":true,"href":"https:\/\/bilsonhealth.co.uk\/tr\/wp-json\/wp\/v2\/users\/1"}],"replies":[{"embeddable":true,"href":"https:\/\/bilsonhealth.co.uk\/tr\/wp-json\/wp\/v2\/comments?post=418"}],"version-history":[{"count":22,"href":"https:\/\/bilsonhealth.co.uk\/tr\/wp-json\/wp\/v2\/pages\/418\/revisions"}],"predecessor-version":[{"id":2370,"href":"https:\/\/bilsonhealth.co.uk\/tr\/wp-json\/wp\/v2\/pages\/418\/revisions\/2370"}],"up":[{"embeddable":true,"href":"https:\/\/bilsonhealth.co.uk\/tr\/wp-json\/wp\/v2\/pages\/287"}],"wp:attachment":[{"href":"https:\/\/bilsonhealth.co.uk\/tr\/wp-json\/wp\/v2\/media?parent=418"}],"curies":[{"name":"wp","href":"https:\/\/api.w.org\/{rel}","templated":true}]}}