{"id":401,"date":"2022-05-17T13:23:25","date_gmt":"2022-05-17T10:23:25","guid":{"rendered":"http:\/\/bilsonhealthservices.co.uk\/?page_id=401"},"modified":"2023-12-05T10:40:04","modified_gmt":"2023-12-05T07:40:04","slug":"dis-beyazlatma","status":"publish","type":"page","link":"https:\/\/bilsonhealth.co.uk\/tr\/estetik-uygulamalari\/dis-tedavileri\/dis-beyazlatma\/","title":{"rendered":"Di\u015f Beyazlatma"},"content":{"rendered":"\t\t<div data-elementor-type=\"wp-page\" data-elementor-id=\"401\" class=\"elementor elementor-401\" data-elementor-post-type=\"page\">\n\t\t\t\t\t\t<section class=\"elementor-section elementor-top-section elementor-element elementor-element-f6cb111 elementor-section-boxed elementor-section-height-default elementor-section-height-default\" data-id=\"f6cb111\" data-element_type=\"section\" data-settings=\"{&quot;background_background&quot;:&quot;classic&quot;}\">\n\t\t\t\t\t\t\t<div class=\"elementor-background-overlay\"><\/div>\n\t\t\t\t\t\t\t<div class=\"elementor-container elementor-column-gap-default\">\n\t\t\t\t\t<div class=\"elementor-column elementor-col-100 elementor-top-column elementor-element elementor-element-6899658\" data-id=\"6899658\" data-element_type=\"column\" data-settings=\"{&quot;background_background&quot;:&quot;classic&quot;}\">\n\t\t\t<div class=\"elementor-widget-wrap elementor-element-populated\">\n\t\t\t\t\t\t<div class=\"elementor-element elementor-element-9021860 elementor-widget elementor-widget-text-editor\" data-id=\"9021860\" data-element_type=\"widget\" data-widget_type=\"text-editor.default\">\n\t\t\t\t<div class=\"elementor-widget-container\">\n\t\t\t\t\t\t\t\t\t<h3>Di\u015f beyazlatma<\/h3>\t\t\t\t\t\t\t\t<\/div>\n\t\t\t\t<\/div>\n\t\t\t\t\t<\/div>\n\t\t<\/div>\n\t\t\t\t\t<\/div>\n\t\t<\/section>\n\t\t\t\t<section class=\"elementor-section elementor-top-section elementor-element elementor-element-250cdb03 elementor-section-boxed elementor-section-height-default elementor-section-height-default\" data-id=\"250cdb03\" data-element_type=\"section\" data-settings=\"{&quot;background_background&quot;:&quot;classic&quot;}\">\n\t\t\t\t\t\t\t<div class=\"elementor-background-overlay\"><\/div>\n\t\t\t\t\t\t\t<div class=\"elementor-container elementor-column-gap-default\">\n\t\t\t\t\t<div class=\"elementor-column elementor-col-100 elementor-top-column elementor-element elementor-element-2b99f8df\" data-id=\"2b99f8df\" data-element_type=\"column\" data-settings=\"{&quot;background_background&quot;:&quot;classic&quot;}\">\n\t\t\t<div class=\"elementor-widget-wrap elementor-element-populated\">\n\t\t\t\t\t\t<div class=\"elementor-element elementor-element-1a7577df elementor-widget elementor-widget-text-editor\" data-id=\"1a7577df\" data-element_type=\"widget\" data-widget_type=\"text-editor.default\">\n\t\t\t\t<div class=\"elementor-widget-container\">\n\t\t\t\t\t\t\t\t\t<p class=\"MsoNormal\" style=\"text-align: left;\"><span style=\"mso-bidi-font-family: Calibri; mso-bidi-theme-font: minor-latin; color: #0f0f0f;\">Estetik bir dental uygulama olarak di\u015fleri daha beyaz hale getirmeyi ama\u00e7layan bir tedavi y\u00f6ntemidir. Bu i\u015flem genellikle di\u015f hekimleri taraf\u0131ndan ger\u00e7ekle\u015ftirilir ve farkl\u0131 tekniklerle uygulanabilir. Di\u015f beyazlatma i\u015flemi, di\u015flerde olu\u015fan lekeleri, sararmay\u0131 veya renk de\u011fi\u015fikliklerini azaltarak veya ortadan kald\u0131rarak daha parlak ve estetik bir g\u00fcl\u00fc\u015f elde etmeyi ama\u00e7lar.<\/span><\/p>\t\t\t\t\t\t\t\t<\/div>\n\t\t\t\t<\/div>\n\t\t\t\t\t<\/div>\n\t\t<\/div>\n\t\t\t\t\t<\/div>\n\t\t<\/section>\n\t\t\t\t<\/div>\n\t\t","protected":false},"excerpt":{"rendered":"<p>Di\u015f beyazlatma Estetik bir dental uygulama olarak di\u015fleri daha beyaz hale getirmeyi ama\u00e7layan bir tedavi y\u00f6ntemidir. Bu i\u015flem genellikle di\u015f hekimleri taraf\u0131ndan ger\u00e7ekle\u015ftirilir ve farkl\u0131 tekniklerle uygulanabilir. Di\u015f beyazlatma i\u015flemi, di\u015flerde olu\u015fan lekeleri, sararmay\u0131 veya renk de\u011fi\u015fikliklerini azaltarak veya ortadan kald\u0131rarak daha parlak ve estetik bir g\u00fcl\u00fc\u015f elde etmeyi ama\u00e7lar.<\/p>\n","protected":false},"author":1,"featured_media":0,"parent":287,"menu_order":0,"comment_status":"closed","ping_status":"closed","template":"elementor_header_footer","meta":{"footnotes":""},"class_list":["post-401","page","type-page","status-publish","hentry"],"_links":{"self":[{"href":"https:\/\/bilsonhealth.co.uk\/tr\/wp-json\/wp\/v2\/pages\/401","targetHints":{"allow":["GET"]}}],"collection":[{"href":"https:\/\/bilsonhealth.co.uk\/tr\/wp-json\/wp\/v2\/pages"}],"about":[{"href":"https:\/\/bilsonhealth.co.uk\/tr\/wp-json\/wp\/v2\/types\/page"}],"author":[{"embeddable":true,"href":"https:\/\/bilsonhealth.co.uk\/tr\/wp-json\/wp\/v2\/users\/1"}],"replies":[{"embeddable":true,"href":"https:\/\/bilsonhealth.co.uk\/tr\/wp-json\/wp\/v2\/comments?post=401"}],"version-history":[{"count":31,"href":"https:\/\/bilsonhealth.co.uk\/tr\/wp-json\/wp\/v2\/pages\/401\/revisions"}],"predecessor-version":[{"id":2358,"href":"https:\/\/bilsonhealth.co.uk\/tr\/wp-json\/wp\/v2\/pages\/401\/revisions\/2358"}],"up":[{"embeddable":true,"href":"https:\/\/bilsonhealth.co.uk\/tr\/wp-json\/wp\/v2\/pages\/287"}],"wp:attachment":[{"href":"https:\/\/bilsonhealth.co.uk\/tr\/wp-json\/wp\/v2\/media?parent=401"}],"curies":[{"name":"wp","href":"https:\/\/api.w.org\/{rel}","templated":true}]}}