{"id":346,"date":"2022-04-26T15:21:09","date_gmt":"2022-04-26T12:21:09","guid":{"rendered":"http:\/\/bilsonhealthservices.co.uk\/?page_id=346"},"modified":"2023-12-05T12:32:31","modified_gmt":"2023-12-05T09:32:31","slug":"estetik-uygulamalari","status":"publish","type":"page","link":"https:\/\/bilsonhealth.co.uk\/tr\/estetik-uygulamalari\/","title":{"rendered":"Estetik Uygulamalar\u0131"},"content":{"rendered":"\t\t<div data-elementor-type=\"wp-page\" data-elementor-id=\"346\" class=\"elementor elementor-346\" data-elementor-post-type=\"page\">\n\t\t\t\t\t\t<section class=\"elementor-section elementor-top-section elementor-element elementor-element-04474fb elementor-section-height-min-height elementor-section-boxed elementor-section-height-default elementor-section-items-middle\" data-id=\"04474fb\" data-element_type=\"section\" data-settings=\"{&quot;background_background&quot;:&quot;classic&quot;,&quot;shape_divider_bottom&quot;:&quot;curve&quot;,&quot;shape_divider_bottom_negative&quot;:&quot;yes&quot;}\">\n\t\t\t\t\t\t\t<div class=\"elementor-background-overlay\"><\/div>\n\t\t\t\t\t\t<div class=\"elementor-shape elementor-shape-bottom\" data-negative=\"true\">\n\t\t\t<svg xmlns=\"http:\/\/www.w3.org\/2000\/svg\" viewBox=\"0 0 1000 100\" preserveAspectRatio=\"none\">\n\t<path class=\"elementor-shape-fill\" d=\"M500,97C126.7,96.3,0.8,19.8,0,0v100l1000,0V1C1000,19.4,873.3,97.8,500,97z\"\/>\n<\/svg>\t\t<\/div>\n\t\t\t\t\t<div class=\"elementor-container elementor-column-gap-default\">\n\t\t\t\t\t<div class=\"elementor-column elementor-col-100 elementor-top-column elementor-element elementor-element-e207e78\" data-id=\"e207e78\" data-element_type=\"column\">\n\t\t\t<div class=\"elementor-widget-wrap elementor-element-populated\">\n\t\t\t\t\t\t\t<\/div>\n\t\t<\/div>\n\t\t\t\t\t<\/div>\n\t\t<\/section>\n\t\t\t\t<section class=\"elementor-section elementor-top-section elementor-element elementor-element-10146fb elementor-section-boxed elementor-section-height-default elementor-section-height-default\" data-id=\"10146fb\" data-element_type=\"section\" data-settings=\"{&quot;background_background&quot;:&quot;classic&quot;}\">\n\t\t\t\t\t\t<div class=\"elementor-container elementor-column-gap-default\">\n\t\t\t\t\t<div class=\"elementor-column elementor-col-100 elementor-top-column elementor-element elementor-element-64dab34\" data-id=\"64dab34\" data-element_type=\"column\">\n\t\t\t<div class=\"elementor-widget-wrap elementor-element-populated\">\n\t\t\t\t\t\t<section class=\"elementor-section elementor-inner-section elementor-element elementor-element-0552e6b elementor-section-boxed elementor-section-height-default elementor-section-height-default\" data-id=\"0552e6b\" data-element_type=\"section\">\n\t\t\t\t\t\t<div class=\"elementor-container elementor-column-gap-default\">\n\t\t\t\t\t<div class=\"elementor-column elementor-col-50 elementor-inner-column elementor-element elementor-element-1a67442\" data-id=\"1a67442\" data-element_type=\"column\">\n\t\t\t<div class=\"elementor-widget-wrap elementor-element-populated\">\n\t\t\t\t\t\t<div class=\"elementor-element elementor-element-dcbf3d8 elementor-widget elementor-widget-image\" data-id=\"dcbf3d8\" data-element_type=\"widget\" data-widget_type=\"image.default\">\n\t\t\t\t<div class=\"elementor-widget-container\">\n\t\t\t\t\t\t\t\t\t\t\t\t\t\t\t<img fetchpriority=\"high\" decoding=\"async\" width=\"800\" height=\"422\" src=\"https:\/\/bilsonhealth.co.uk\/wp-content\/uploads\/2023\/12\/slayt-23-1024x540.jpg\" class=\"attachment-large size-large wp-image-2311\" alt=\"\" srcset=\"https:\/\/bilsonhealth.co.uk\/wp-content\/uploads\/2023\/12\/slayt-23-1024x540.jpg 1024w, https:\/\/bilsonhealth.co.uk\/wp-content\/uploads\/2023\/12\/slayt-23-300x158.jpg 300w, https:\/\/bilsonhealth.co.uk\/wp-content\/uploads\/2023\/12\/slayt-23-768x405.jpg 768w, https:\/\/bilsonhealth.co.uk\/wp-content\/uploads\/2023\/12\/slayt-23-1536x810.jpg 1536w, https:\/\/bilsonhealth.co.uk\/wp-content\/uploads\/2023\/12\/slayt-23.jpg 1880w\" sizes=\"(max-width: 800px) 100vw, 800px\" \/>\t\t\t\t\t\t\t\t\t\t\t\t\t\t\t<\/div>\n\t\t\t\t<\/div>\n\t\t\t\t\t<\/div>\n\t\t<\/div>\n\t\t\t\t<div class=\"elementor-column elementor-col-50 elementor-inner-column elementor-element elementor-element-4bc3311\" data-id=\"4bc3311\" data-element_type=\"column\">\n\t\t\t<div class=\"elementor-widget-wrap elementor-element-populated\">\n\t\t\t\t\t\t<div class=\"elementor-element elementor-element-9657d60 elementor-widget elementor-widget-button\" data-id=\"9657d60\" data-element_type=\"widget\" data-widget_type=\"button.default\">\n\t\t\t\t<div class=\"elementor-widget-container\">\n\t\t\t\t\t\t\t\t\t<div class=\"elementor-button-wrapper\">\n\t\t\t\t\t<a class=\"elementor-button elementor-button-link elementor-size-md elementor-animation-pop\" href=\"https:\/\/bilsonhealth.co.uk\/estetik-uygulamalari\/dis-tedavileri\/\">\n\t\t\t\t\t\t<span class=\"elementor-button-content-wrapper\">\n\t\t\t\t\t\t<span class=\"elementor-button-icon\">\n\t\t\t\t<i aria-hidden=\"true\" class=\"fas fa-caret-right\"><\/i>\t\t\t<\/span>\n\t\t\t\t\t\t\t\t\t<span class=\"elementor-button-text\">Di\u015f Esteti\u011fi ve Tedavisi<\/span>\n\t\t\t\t\t<\/span>\n\t\t\t\t\t<\/a>\n\t\t\t\t<\/div>\n\t\t\t\t\t\t\t\t<\/div>\n\t\t\t\t<\/div>\n\t\t\t\t<div class=\"elementor-element elementor-element-df35f40 elementor-widget elementor-widget-button\" data-id=\"df35f40\" data-element_type=\"widget\" data-widget_type=\"button.default\">\n\t\t\t\t<div class=\"elementor-widget-container\">\n\t\t\t\t\t\t\t\t\t<div class=\"elementor-button-wrapper\">\n\t\t\t\t\t<a class=\"elementor-button elementor-button-link elementor-size-md elementor-animation-pop\" href=\"https:\/\/bilsonhealth.co.uk\/estetik-uygulamalari\/yuz-estetigi\/\">\n\t\t\t\t\t\t<span class=\"elementor-button-content-wrapper\">\n\t\t\t\t\t\t<span class=\"elementor-button-icon\">\n\t\t\t\t<i aria-hidden=\"true\" class=\"fas fa-caret-right\"><\/i>\t\t\t<\/span>\n\t\t\t\t\t\t\t\t\t<span class=\"elementor-button-text\">Y\u00fcz Esteti\u011fi<\/span>\n\t\t\t\t\t<\/span>\n\t\t\t\t\t<\/a>\n\t\t\t\t<\/div>\n\t\t\t\t\t\t\t\t<\/div>\n\t\t\t\t<\/div>\n\t\t\t\t<div class=\"elementor-element elementor-element-120db4b elementor-widget elementor-widget-button\" data-id=\"120db4b\" data-element_type=\"widget\" data-widget_type=\"button.default\">\n\t\t\t\t<div class=\"elementor-widget-container\">\n\t\t\t\t\t\t\t\t\t<div class=\"elementor-button-wrapper\">\n\t\t\t\t\t<a class=\"elementor-button elementor-button-link elementor-size-md elementor-animation-pop\" href=\"https:\/\/bilsonhealth.co.uk\/estetik-uygulamalari\/vucut-estetigi\/\">\n\t\t\t\t\t\t<span class=\"elementor-button-content-wrapper\">\n\t\t\t\t\t\t<span class=\"elementor-button-icon\">\n\t\t\t\t<i aria-hidden=\"true\" class=\"fas fa-caret-right\"><\/i>\t\t\t<\/span>\n\t\t\t\t\t\t\t\t\t<span class=\"elementor-button-text\">V\u00fccut Esteti\u011fi<\/span>\n\t\t\t\t\t<\/span>\n\t\t\t\t\t<\/a>\n\t\t\t\t<\/div>\n\t\t\t\t\t\t\t\t<\/div>\n\t\t\t\t<\/div>\n\t\t\t\t<div class=\"elementor-element elementor-element-1094d5b elementor-widget elementor-widget-button\" data-id=\"1094d5b\" data-element_type=\"widget\" data-widget_type=\"button.default\">\n\t\t\t\t<div class=\"elementor-widget-container\">\n\t\t\t\t\t\t\t\t\t<div class=\"elementor-button-wrapper\">\n\t\t\t\t\t<a class=\"elementor-button elementor-button-link elementor-size-md elementor-animation-pop\" href=\"https:\/\/bilsonhealth.co.uk\/estetik-uygulamalari\/sac-ekimi\/\">\n\t\t\t\t\t\t<span class=\"elementor-button-content-wrapper\">\n\t\t\t\t\t\t<span class=\"elementor-button-icon\">\n\t\t\t\t<i aria-hidden=\"true\" class=\"fas fa-caret-right\"><\/i>\t\t\t<\/span>\n\t\t\t\t\t\t\t\t\t<span class=\"elementor-button-text\">Sa\u00e7 Ekimi<\/span>\n\t\t\t\t\t<\/span>\n\t\t\t\t\t<\/a>\n\t\t\t\t<\/div>\n\t\t\t\t\t\t\t\t<\/div>\n\t\t\t\t<\/div>\n\t\t\t\t\t<\/div>\n\t\t<\/div>\n\t\t\t\t\t<\/div>\n\t\t<\/section>\n\t\t\t\t\t<\/div>\n\t\t<\/div>\n\t\t\t\t\t<\/div>\n\t\t<\/section>\n\t\t\t\t<section class=\"elementor-section elementor-top-section elementor-element elementor-element-111cbc2b elementor-section-full_width elementor-section-height-default elementor-section-height-default\" data-id=\"111cbc2b\" data-element_type=\"section\">\n\t\t\t\t\t\t<div class=\"elementor-container elementor-column-gap-no\">\n\t\t\t\t\t<div class=\"elementor-column elementor-col-100 elementor-top-column elementor-element elementor-element-544382fe\" data-id=\"544382fe\" data-element_type=\"column\">\n\t\t\t<div class=\"elementor-widget-wrap\">\n\t\t\t\t\t\t\t<\/div>\n\t\t<\/div>\n\t\t\t\t\t<\/div>\n\t\t<\/section>\n\t\t\t\t<\/div>\n\t\t","protected":false},"excerpt":{"rendered":"<p>Di\u015f Esteti\u011fi ve Tedavisi Y\u00fcz Esteti\u011fi V\u00fccut Esteti\u011fi Sa\u00e7 Ekimi<\/p>\n","protected":false},"author":1,"featured_media":0,"parent":0,"menu_order":0,"comment_status":"closed","ping_status":"closed","template":"elementor_header_footer","meta":{"footnotes":""},"class_list":["post-346","page","type-page","status-publish","hentry"],"_links":{"self":[{"href":"https:\/\/bilsonhealth.co.uk\/tr\/wp-json\/wp\/v2\/pages\/346","targetHints":{"allow":["GET"]}}],"collection":[{"href":"https:\/\/bilsonhealth.co.uk\/tr\/wp-json\/wp\/v2\/pages"}],"about":[{"href":"https:\/\/bilsonhealth.co.uk\/tr\/wp-json\/wp\/v2\/types\/page"}],"author":[{"embeddable":true,"href":"https:\/\/bilsonhealth.co.uk\/tr\/wp-json\/wp\/v2\/users\/1"}],"replies":[{"embeddable":true,"href":"https:\/\/bilsonhealth.co.uk\/tr\/wp-json\/wp\/v2\/comments?post=346"}],"version-history":[{"count":28,"href":"https:\/\/bilsonhealth.co.uk\/tr\/wp-json\/wp\/v2\/pages\/346\/revisions"}],"predecessor-version":[{"id":2681,"href":"https:\/\/bilsonhealth.co.uk\/tr\/wp-json\/wp\/v2\/pages\/346\/revisions\/2681"}],"wp:attachment":[{"href":"https:\/\/bilsonhealth.co.uk\/tr\/wp-json\/wp\/v2\/media?parent=346"}],"curies":[{"name":"wp","href":"https:\/\/api.w.org\/{rel}","templated":true}]}}