{"id":287,"date":"2022-04-26T14:29:54","date_gmt":"2022-04-26T11:29:54","guid":{"rendered":"http:\/\/bilsonhealthservices.co.uk\/?page_id=287"},"modified":"2023-12-05T10:33:02","modified_gmt":"2023-12-05T07:33:02","slug":"dis-tedavileri","status":"publish","type":"page","link":"https:\/\/bilsonhealth.co.uk\/tr\/estetik-uygulamalari\/dis-tedavileri\/","title":{"rendered":"Di\u015f Tedavileri"},"content":{"rendered":"\t\t<div data-elementor-type=\"wp-page\" data-elementor-id=\"287\" class=\"elementor elementor-287\" data-elementor-post-type=\"page\">\n\t\t\t\t\t\t<section class=\"elementor-section elementor-top-section elementor-element elementor-element-5b135dd5 elementor-section-height-min-height elementor-section-boxed elementor-section-height-default elementor-section-items-middle\" data-id=\"5b135dd5\" data-element_type=\"section\" data-settings=\"{&quot;background_background&quot;:&quot;classic&quot;,&quot;shape_divider_bottom&quot;:&quot;curve&quot;,&quot;shape_divider_bottom_negative&quot;:&quot;yes&quot;}\">\n\t\t\t\t\t\t\t<div class=\"elementor-background-overlay\"><\/div>\n\t\t\t\t\t\t<div class=\"elementor-shape elementor-shape-bottom\" data-negative=\"true\">\n\t\t\t<svg xmlns=\"http:\/\/www.w3.org\/2000\/svg\" viewBox=\"0 0 1000 100\" preserveAspectRatio=\"none\">\n\t<path class=\"elementor-shape-fill\" d=\"M500,97C126.7,96.3,0.8,19.8,0,0v100l1000,0V1C1000,19.4,873.3,97.8,500,97z\"\/>\n<\/svg>\t\t<\/div>\n\t\t\t\t\t<div class=\"elementor-container elementor-column-gap-default\">\n\t\t\t\t\t<div class=\"elementor-column elementor-col-100 elementor-top-column elementor-element elementor-element-4f6ad229\" data-id=\"4f6ad229\" data-element_type=\"column\">\n\t\t\t<div class=\"elementor-widget-wrap elementor-element-populated\">\n\t\t\t\t\t\t<div class=\"elementor-element elementor-element-5a4c41fd elementor-widget elementor-widget-heading\" data-id=\"5a4c41fd\" data-element_type=\"widget\" data-widget_type=\"heading.default\">\n\t\t\t\t<div class=\"elementor-widget-container\">\n\t\t\t\t\t<h1 class=\"elementor-heading-title elementor-size-default\">Di\u015f Tedavileri <\/h1>\t\t\t\t<\/div>\n\t\t\t\t<\/div>\n\t\t\t\t\t<\/div>\n\t\t<\/div>\n\t\t\t\t\t<\/div>\n\t\t<\/section>\n\t\t\t\t<section class=\"elementor-section elementor-top-section elementor-element elementor-element-6e65ca25 elementor-section-boxed elementor-section-height-default elementor-section-height-default\" data-id=\"6e65ca25\" data-element_type=\"section\">\n\t\t\t\t\t\t<div class=\"elementor-container elementor-column-gap-default\">\n\t\t\t\t\t<div class=\"elementor-column elementor-col-100 elementor-top-column elementor-element elementor-element-2cba5360\" data-id=\"2cba5360\" data-element_type=\"column\">\n\t\t\t<div class=\"elementor-widget-wrap elementor-element-populated\">\n\t\t\t\t\t\t<div class=\"elementor-element elementor-element-a27b236 elementor-widget elementor-widget-text-editor\" data-id=\"a27b236\" data-element_type=\"widget\" data-widget_type=\"text-editor.default\">\n\t\t\t\t<div class=\"elementor-widget-container\">\n\t\t\t\t\t\t\t\t\t<p>Teknolojinin ilerlemesiyle birlikte di\u015f tedavi y\u00f6ntemleri b\u00fcy\u00fck bir ilerleme kaydetmi\u015ftir. H\u0131zl\u0131, a\u011fr\u0131s\u0131z ve ger\u00e7e\u011fe yak\u0131n yap\u0131lan di\u015f tedavileri hastalar\u0131n da hayat\u0131n\u0131 kolayla\u015ft\u0131rmaktad\u0131r. Di\u015f tedavileri ayn\u0131 zamanda hastaya b\u00fcy\u00fck bir \u00f6zg\u00fcven kazand\u0131rmaktad\u0131r. G\u00fcl\u00fcmserken di\u015flerdeki orant\u0131 di\u015f tedavi y\u00f6ntemine ba\u015fvuran herkesi memnun etmektedir.<\/p><p><strong>Di\u015f Tedavi Y\u00f6ntemleri Nelerdir? <\/strong><\/p><ul><li><a href=\"https:\/\/bilsonhealth.co.uk\/estetik-uygulamalari\/dis-tedavileri\/dis-beyazlatma\/\">Di\u015f Beyazlatma<\/a><\/li><li><a href=\"https:\/\/bilsonhealth.co.uk\/estetik-uygulamalari\/dis-tedavileri\/implant-uygulamalari\/\">Implant Uygulamalar\u0131<\/a><\/li><li><a href=\"https:\/\/bilsonhealth.co.uk\/estetik-uygulamalari\/dis-tedavileri\/estetik-porselen-dis-dolgulari\/\">Estetik Porselen Di\u015f Dolgular\u0131<\/a><\/li><li><a href=\"https:\/\/bilsonhealth.co.uk\/estetik-uygulamalari\/dis-tedavileri\/estetik-gulus-tasarimi\/\">Estetik G\u00fcl\u00fc\u015f Tasar\u0131m\u0131<\/a><\/li><li><a href=\"https:\/\/bilsonhealth.co.uk\/estetik-uygulamalari\/dis-tedavileri\/kanal-tedavisi\/\">Kanal Tedavisi<\/a><\/li><li><a href=\"https:\/\/bilsonhealth.co.uk\/estetik-uygulamalari\/dis-tedavileri\/ortodontik-tedavi\/\">Ortodontik Tedavi<\/a><\/li><li><a href=\"https:\/\/bilsonhealth.co.uk\/estetik-uygulamalari\/dis-tedavileri\/dis-sikma-ve-dis-gicirdatma-tedavisi\/\">Di\u015f S\u0131kma ve Di\u015f G\u0131c\u0131rdatma Tedavisi<\/a><\/li><li><a href=\"https:\/\/bilsonhealth.co.uk\/estetik-uygulamalari\/dis-tedavileri\/dis-pirlantasi\/\">Di\u015f P\u0131rlantas\u0131<\/a><\/li><\/ul><p>Bilson Health Services\u2019\u0131n T\u00fcrkiye\u2019deki anla\u015fmal\u0131 hastanelerinde uzman di\u015f hekimlerimizden di\u015f tedavi y\u00f6ntemlerinden kolayca faydalanabilirsiniz.<\/p>\t\t\t\t\t\t\t\t<\/div>\n\t\t\t\t<\/div>\n\t\t\t\t\t<\/div>\n\t\t<\/div>\n\t\t\t\t\t<\/div>\n\t\t<\/section>\n\t\t\t\t<\/div>\n\t\t","protected":false},"excerpt":{"rendered":"<p>Di\u015f Tedavileri Teknolojinin ilerlemesiyle birlikte di\u015f tedavi y\u00f6ntemleri b\u00fcy\u00fck bir ilerleme kaydetmi\u015ftir. H\u0131zl\u0131, a\u011fr\u0131s\u0131z ve ger\u00e7e\u011fe yak\u0131n yap\u0131lan di\u015f tedavileri hastalar\u0131n da hayat\u0131n\u0131 kolayla\u015ft\u0131rmaktad\u0131r. Di\u015f tedavileri ayn\u0131 zamanda hastaya b\u00fcy\u00fck bir \u00f6zg\u00fcven kazand\u0131rmaktad\u0131r. G\u00fcl\u00fcmserken di\u015flerdeki orant\u0131 di\u015f tedavi y\u00f6ntemine ba\u015fvuran herkesi memnun etmektedir. Di\u015f Tedavi Y\u00f6ntemleri Nelerdir? Di\u015f Beyazlatma Implant Uygulamalar\u0131 Estetik Porselen Di\u015f Dolgular\u0131 [&hellip;]<\/p>\n","protected":false},"author":1,"featured_media":0,"parent":346,"menu_order":0,"comment_status":"closed","ping_status":"closed","template":"elementor_header_footer","meta":{"footnotes":""},"class_list":["post-287","page","type-page","status-publish","hentry"],"_links":{"self":[{"href":"https:\/\/bilsonhealth.co.uk\/tr\/wp-json\/wp\/v2\/pages\/287","targetHints":{"allow":["GET"]}}],"collection":[{"href":"https:\/\/bilsonhealth.co.uk\/tr\/wp-json\/wp\/v2\/pages"}],"about":[{"href":"https:\/\/bilsonhealth.co.uk\/tr\/wp-json\/wp\/v2\/types\/page"}],"author":[{"embeddable":true,"href":"https:\/\/bilsonhealth.co.uk\/tr\/wp-json\/wp\/v2\/users\/1"}],"replies":[{"embeddable":true,"href":"https:\/\/bilsonhealth.co.uk\/tr\/wp-json\/wp\/v2\/comments?post=287"}],"version-history":[{"count":20,"href":"https:\/\/bilsonhealth.co.uk\/tr\/wp-json\/wp\/v2\/pages\/287\/revisions"}],"predecessor-version":[{"id":2337,"href":"https:\/\/bilsonhealth.co.uk\/tr\/wp-json\/wp\/v2\/pages\/287\/revisions\/2337"}],"up":[{"embeddable":true,"href":"https:\/\/bilsonhealth.co.uk\/tr\/wp-json\/wp\/v2\/pages\/346"}],"wp:attachment":[{"href":"https:\/\/bilsonhealth.co.uk\/tr\/wp-json\/wp\/v2\/media?parent=287"}],"curies":[{"name":"wp","href":"https:\/\/api.w.org\/{rel}","templated":true}]}}