{"id":284,"date":"2022-04-26T14:28:43","date_gmt":"2022-04-26T11:28:43","guid":{"rendered":"http:\/\/bilsonhealthservices.co.uk\/?page_id=284"},"modified":"2023-12-05T10:33:50","modified_gmt":"2023-12-05T07:33:50","slug":"yuz-estetigi","status":"publish","type":"page","link":"https:\/\/bilsonhealth.co.uk\/tr\/estetik-uygulamalari\/yuz-estetigi\/","title":{"rendered":"Y\u00fcz Esteti\u011fi"},"content":{"rendered":"\t\t<div data-elementor-type=\"wp-page\" data-elementor-id=\"284\" class=\"elementor elementor-284\" data-elementor-post-type=\"page\">\n\t\t\t\t\t\t<section class=\"elementor-section elementor-top-section elementor-element elementor-element-c29d12d elementor-section-height-min-height elementor-section-boxed elementor-section-height-default elementor-section-items-middle\" data-id=\"c29d12d\" data-element_type=\"section\" data-settings=\"{&quot;background_background&quot;:&quot;classic&quot;,&quot;shape_divider_bottom&quot;:&quot;curve&quot;,&quot;shape_divider_bottom_negative&quot;:&quot;yes&quot;}\">\n\t\t\t\t\t\t\t<div class=\"elementor-background-overlay\"><\/div>\n\t\t\t\t\t\t<div class=\"elementor-shape elementor-shape-bottom\" data-negative=\"true\">\n\t\t\t<svg xmlns=\"http:\/\/www.w3.org\/2000\/svg\" viewBox=\"0 0 1000 100\" preserveAspectRatio=\"none\">\n\t<path class=\"elementor-shape-fill\" d=\"M500,97C126.7,96.3,0.8,19.8,0,0v100l1000,0V1C1000,19.4,873.3,97.8,500,97z\"\/>\n<\/svg>\t\t<\/div>\n\t\t\t\t\t<div class=\"elementor-container elementor-column-gap-default\">\n\t\t\t\t\t<div class=\"elementor-column elementor-col-100 elementor-top-column elementor-element elementor-element-5ce2772b\" data-id=\"5ce2772b\" data-element_type=\"column\">\n\t\t\t<div class=\"elementor-widget-wrap elementor-element-populated\">\n\t\t\t\t\t\t<div class=\"elementor-element elementor-element-15b87231 elementor-widget elementor-widget-heading\" data-id=\"15b87231\" data-element_type=\"widget\" data-widget_type=\"heading.default\">\n\t\t\t\t<div class=\"elementor-widget-container\">\n\t\t\t\t\t<h1 class=\"elementor-heading-title elementor-size-default\">Y\u00fcz Esteti\u011fi <\/h1>\t\t\t\t<\/div>\n\t\t\t\t<\/div>\n\t\t\t\t\t<\/div>\n\t\t<\/div>\n\t\t\t\t\t<\/div>\n\t\t<\/section>\n\t\t\t\t<section class=\"elementor-section elementor-top-section elementor-element elementor-element-8edd49b elementor-section-boxed elementor-section-height-default elementor-section-height-default\" data-id=\"8edd49b\" data-element_type=\"section\">\n\t\t\t\t\t\t<div class=\"elementor-container elementor-column-gap-default\">\n\t\t\t\t\t<div class=\"elementor-column elementor-col-100 elementor-top-column elementor-element elementor-element-53fcfa15\" data-id=\"53fcfa15\" data-element_type=\"column\">\n\t\t\t<div class=\"elementor-widget-wrap elementor-element-populated\">\n\t\t\t\t\t\t<div class=\"elementor-element elementor-element-4a8469a2 elementor-widget elementor-widget-text-editor\" data-id=\"4a8469a2\" data-element_type=\"widget\" data-widget_type=\"text-editor.default\">\n\t\t\t\t<div class=\"elementor-widget-container\">\n\t\t\t\t\t\t\t\t\t<p>G\u00fcn\u00fcm\u00fczde \u00f6zellikle kad\u0131nlar\u0131n en \u00e7ok tercih etti\u011fi estetik \u00e7e\u015fitlerinden biri de y\u00fcz esteti\u011fidir. Y\u00fcz esteti\u011fi isteyen herkes kendini ba\u015ftan yaratabilmektedir. \u00d6zellikle T\u00fcrkiye\u2019de yurt d\u0131\u015f\u0131ndan y\u00fcz esteti\u011fi olmak i\u00e7in gelen hasta say\u0131s\u0131 olduk\u00e7a artm\u0131\u015ft\u0131r. Bilson Health Services arac\u0131\u011f\u0131 ile T\u00fcrkiye\u2019de yer alan k\u00f6kl\u00fc hastanelerde, uzman hekimler e\u015fli\u011finde y\u00fcz esteti\u011fi i\u015flemlerinden rahatl\u0131kla faydalanabilirsiniz.<\/p><p><strong>Y\u00fcz Esteti\u011fi Neden Yap\u0131l\u0131r? <\/strong><\/p><p>Ya\u015f ilerlemesine ba\u011fl\u0131 y\u00fczde olu\u015fan k\u0131r\u0131\u015f\u0131klar\u0131 gidermek veya ilerleyen ya\u015fa ba\u011fl\u0131 y\u00fczdeki sarkmalar\u0131 gidermek amac\u0131yla y\u00fcz esteti\u011fi yap\u0131lmaktad\u0131r. Yer \u00e7ekime ba\u011fl\u0131 olarak y\u00fczdeki ya\u011f dokusu zamanla zay\u0131flamaya ba\u015flar, bu zay\u0131flamalar k\u0131r\u0131\u015f\u0131kl\u0131klara ve sarkmaya neden olur. \u00d6zellikle yanak, boyun, \u00e7ene ve g\u00f6z \u00e7evresinde meydana gelen deformasyonlar i\u00e7in y\u00fcz esteti\u011fi yap\u0131l\u0131r. \u00a0<\/p><p><strong>Bilson Health Services Y\u00fcz Esteti\u011fi Olarak Neler Yap\u0131yor? <\/strong><\/p><ul><li><a href=\"https:\/\/bilsonhealth.co.uk\/yuz-estetigi\/ameliyatsiz-dudak-dolgusu\/\">Ameliyats\u0131z Dudak Dolgusu<\/a><\/li><li><a href=\"https:\/\/bilsonhealth.co.uk\/yuz-estetigi\/burun-estetigi\/\">Burun Esteti\u011fi<\/a><\/li><li><a href=\"https:\/\/bilsonhealth.co.uk\/yuz-estetigi\/gidi-inceltme-tedavisi\/\">G\u0131d\u0131 \u0130nceltme Tedavisi<\/a><\/li><li><a href=\"https:\/\/bilsonhealth.co.uk\/yuz-estetigi\/goz-kapagi-estetigi\/\">G\u00f6z Kapa\u011f\u0131 Esteti\u011fi<\/a><\/li><li><a href=\"https:\/\/bilsonhealth.co.uk\/yuz-estetigi\/kas-kaldirma-uygulamasi\/\">Ka\u015f Kald\u0131rma Uygulamas\u0131<\/a><\/li><li><a href=\"https:\/\/bilsonhealth.co.uk\/yuz-estetigi\/kulak-estetigi\/\">Kulak Esteti\u011fi<\/a><\/li><li><a href=\"https:\/\/bilsonhealth.co.uk\/yuz-estetigi\/yanak-estetigi\/\">Yanak Esteti\u011fi<\/a><\/li><li><a href=\"https:\/\/bilsonhealth.co.uk\/yuz-estetigi\/yuz-leke-tedavisi\/\">Y\u00fcz Leke Tedavisi<\/a>\u00a0<\/li><li><a href=\"https:\/\/bilsonhealth.co.uk\/yuz-estetigi\/yuz-lifting\/\">Y\u00fcz Lifting<\/a><\/li><li><a href=\"https:\/\/bilsonhealth.co.uk\/tr\/estetik-uygulamalari\/yuz-estetigi\/spider-web-aesthetics\/\">\u00d6r\u00fcmcek A\u011f\u0131 Esteti\u011fi<\/a><\/li><li><a href=\"https:\/\/bilsonhealth.co.uk\/tr\/estetik-uygulamalari\/yuz-estetigi\/eyebrow-transplantation\/\">Ka\u015f Ekimi<\/a><\/li><li><a href=\"https:\/\/bilsonhealth.co.uk\/tr\/estetik-uygulamalari\/yuz-estetigi\/face-lift\/\">Y\u00fcz Germe<\/a><\/li><li><a href=\"https:\/\/bilsonhealth.co.uk\/tr\/estetik-uygulamalari\/yuz-estetigi\/neck-lift\/\">Boyun Germe<\/a><\/li><li><a href=\"https:\/\/bilsonhealth.co.uk\/tr\/estetik-uygulamalari\/yuz-estetigi\/fat-bank\/\">Ya\u011f Bankas\u0131<\/a><\/li><li><a href=\"https:\/\/bilsonhealth.co.uk\/tr\/estetik-uygulamalari\/yuz-estetigi\/under-eye-dark-circle-treatment\/\">G\u00f6zalt\u0131 Morlu\u011fu Tedavisi<\/a><\/li><li><a href=\"https:\/\/bilsonhealth.co.uk\/tr\/estetik-uygulamalari\/yuz-estetigi\/lip-augmentation\/\">Dudak B\u00fcy\u00fctme<\/a><\/li><li><a href=\"https:\/\/bilsonhealth.co.uk\/tr\/estetik-uygulamalari\/yuz-estetigi\/lip-lift\/\">Dudak Kald\u0131rma- Lip Lift<\/a><\/li><\/ul>\t\t\t\t\t\t\t\t<\/div>\n\t\t\t\t<\/div>\n\t\t\t\t\t<\/div>\n\t\t<\/div>\n\t\t\t\t\t<\/div>\n\t\t<\/section>\n\t\t\t\t<\/div>\n\t\t","protected":false},"excerpt":{"rendered":"<p>Y\u00fcz Esteti\u011fi G\u00fcn\u00fcm\u00fczde \u00f6zellikle kad\u0131nlar\u0131n en \u00e7ok tercih etti\u011fi estetik \u00e7e\u015fitlerinden biri de y\u00fcz esteti\u011fidir. Y\u00fcz esteti\u011fi isteyen herkes kendini ba\u015ftan yaratabilmektedir. \u00d6zellikle T\u00fcrkiye\u2019de yurt d\u0131\u015f\u0131ndan y\u00fcz esteti\u011fi olmak i\u00e7in gelen hasta say\u0131s\u0131 olduk\u00e7a artm\u0131\u015ft\u0131r. Bilson Health Services arac\u0131\u011f\u0131 ile T\u00fcrkiye\u2019de yer alan k\u00f6kl\u00fc hastanelerde, uzman hekimler e\u015fli\u011finde y\u00fcz esteti\u011fi i\u015flemlerinden rahatl\u0131kla faydalanabilirsiniz. Y\u00fcz Esteti\u011fi [&hellip;]<\/p>\n","protected":false},"author":1,"featured_media":0,"parent":346,"menu_order":0,"comment_status":"closed","ping_status":"closed","template":"elementor_header_footer","meta":{"footnotes":""},"class_list":["post-284","page","type-page","status-publish","hentry"],"_links":{"self":[{"href":"https:\/\/bilsonhealth.co.uk\/tr\/wp-json\/wp\/v2\/pages\/284","targetHints":{"allow":["GET"]}}],"collection":[{"href":"https:\/\/bilsonhealth.co.uk\/tr\/wp-json\/wp\/v2\/pages"}],"about":[{"href":"https:\/\/bilsonhealth.co.uk\/tr\/wp-json\/wp\/v2\/types\/page"}],"author":[{"embeddable":true,"href":"https:\/\/bilsonhealth.co.uk\/tr\/wp-json\/wp\/v2\/users\/1"}],"replies":[{"embeddable":true,"href":"https:\/\/bilsonhealth.co.uk\/tr\/wp-json\/wp\/v2\/comments?post=284"}],"version-history":[{"count":22,"href":"https:\/\/bilsonhealth.co.uk\/tr\/wp-json\/wp\/v2\/pages\/284\/revisions"}],"predecessor-version":[{"id":2340,"href":"https:\/\/bilsonhealth.co.uk\/tr\/wp-json\/wp\/v2\/pages\/284\/revisions\/2340"}],"up":[{"embeddable":true,"href":"https:\/\/bilsonhealth.co.uk\/tr\/wp-json\/wp\/v2\/pages\/346"}],"wp:attachment":[{"href":"https:\/\/bilsonhealth.co.uk\/tr\/wp-json\/wp\/v2\/media?parent=284"}],"curies":[{"name":"wp","href":"https:\/\/api.w.org\/{rel}","templated":true}]}}