{"id":272,"date":"2022-04-26T14:25:54","date_gmt":"2022-04-26T11:25:54","guid":{"rendered":"http:\/\/bilsonhealthservices.co.uk\/?page_id=272"},"modified":"2023-12-05T10:34:32","modified_gmt":"2023-12-05T07:34:32","slug":"vucut-estetigi","status":"publish","type":"page","link":"https:\/\/bilsonhealth.co.uk\/tr\/estetik-uygulamalari\/vucut-estetigi\/","title":{"rendered":"V\u00fccut Esteti\u011fi \u00a0"},"content":{"rendered":"\t\t<div data-elementor-type=\"wp-page\" data-elementor-id=\"272\" class=\"elementor elementor-272\" data-elementor-post-type=\"page\">\n\t\t\t\t\t\t<section class=\"elementor-section elementor-top-section elementor-element elementor-element-1b23a92e elementor-section-height-min-height elementor-section-boxed elementor-section-height-default elementor-section-items-middle\" data-id=\"1b23a92e\" data-element_type=\"section\" data-settings=\"{&quot;background_background&quot;:&quot;classic&quot;,&quot;shape_divider_bottom&quot;:&quot;curve&quot;,&quot;shape_divider_bottom_negative&quot;:&quot;yes&quot;}\">\n\t\t\t\t\t\t\t<div class=\"elementor-background-overlay\"><\/div>\n\t\t\t\t\t\t<div class=\"elementor-shape elementor-shape-bottom\" data-negative=\"true\">\n\t\t\t<svg xmlns=\"http:\/\/www.w3.org\/2000\/svg\" viewBox=\"0 0 1000 100\" preserveAspectRatio=\"none\">\n\t<path class=\"elementor-shape-fill\" d=\"M500,97C126.7,96.3,0.8,19.8,0,0v100l1000,0V1C1000,19.4,873.3,97.8,500,97z\"\/>\n<\/svg>\t\t<\/div>\n\t\t\t\t\t<div class=\"elementor-container elementor-column-gap-default\">\n\t\t\t\t\t<div class=\"elementor-column elementor-col-100 elementor-top-column elementor-element elementor-element-485efaba\" data-id=\"485efaba\" data-element_type=\"column\">\n\t\t\t<div class=\"elementor-widget-wrap elementor-element-populated\">\n\t\t\t\t\t\t<div class=\"elementor-element elementor-element-2e89c9df elementor-widget elementor-widget-heading\" data-id=\"2e89c9df\" data-element_type=\"widget\" data-widget_type=\"heading.default\">\n\t\t\t\t<div class=\"elementor-widget-container\">\n\t\t\t\t\t<h1 class=\"elementor-heading-title elementor-size-default\">V\u00fccut Esteti\u011fi  <\/h1>\t\t\t\t<\/div>\n\t\t\t\t<\/div>\n\t\t\t\t\t<\/div>\n\t\t<\/div>\n\t\t\t\t\t<\/div>\n\t\t<\/section>\n\t\t\t\t<section class=\"elementor-section elementor-top-section elementor-element elementor-element-5e2d735c elementor-section-boxed elementor-section-height-default elementor-section-height-default\" data-id=\"5e2d735c\" data-element_type=\"section\">\n\t\t\t\t\t\t<div class=\"elementor-container elementor-column-gap-default\">\n\t\t\t\t\t<div class=\"elementor-column elementor-col-100 elementor-top-column elementor-element elementor-element-2a5647dd\" data-id=\"2a5647dd\" data-element_type=\"column\">\n\t\t\t<div class=\"elementor-widget-wrap elementor-element-populated\">\n\t\t\t\t\t\t<div class=\"elementor-element elementor-element-39ee86d0 elementor-widget elementor-widget-text-editor\" data-id=\"39ee86d0\" data-element_type=\"widget\" data-widget_type=\"text-editor.default\">\n\t\t\t\t<div class=\"elementor-widget-container\">\n\t\t\t\t\t\t\t\t\t<p>A\u015f\u0131r\u0131 kilo kay\u0131plar\u0131 sonras\u0131 yap\u0131lan t\u00fcm\u00a0v\u00fccut\u00a0\u015fekillendirme ameliyatlar\u0131na\u00a0v\u00fccut esteti\u011fi\u00a0denilmektedir. \u00d6zellikle v\u00fccuttaki deformasyonlar\u0131n giderilmesi, kont\u00fcr ve ge\u00e7i\u015flerinin d\u00fczeltilmesi ve\u00a0v\u00fccudun\u00a0ideal oranlar\u0131n\u0131n sa\u011flanmas\u0131 i\u00e7in yap\u0131lan cerrahi i\u015flemlerdir.<\/p><ul><li><a href=\"https:\/\/bilsonhealth.co.uk\/estetik-uygulamalari\/vucut-estetigi\/carpik-bacak-duzeltme%ef%bf%bc\/\"><strong>\u00c7arp\u0131k Bacak D\u00fczeltme<\/strong><\/a><\/li><li><a href=\"https:\/\/bilsonhealth.co.uk\/estetik-uygulamalari\/vucut-estetigi\/karin-germe\/\"><strong>Kar\u0131n Germe <\/strong><\/a><\/li><li><a href=\"https:\/\/bilsonhealth.co.uk\/estetik-uygulamalari\/vucut-estetigi\/popo-estetigi\/\"><strong>Popo Esteti\u011fi <\/strong><\/a><\/li><li style=\"line-height: 18pt;\"><a href=\"https:\/\/bilsonhealth.co.uk\/estetik-uygulamalari\/vucut-estetigi\/vajina-estetigi\/\"><strong><span style=\"font-size: 14.0pt;\">Vajina Esteti\u011fi<\/span><\/strong><\/a><\/li><li><a href=\"https:\/\/bilsonhealth.co.uk\/estetik-uygulamalari\/vucut-estetigi\/kol-germe\/\"><strong>Kol Germe <\/strong><\/a><\/li><li><a href=\"https:\/\/bilsonhealth.co.uk\/estetik-uygulamalari\/vucut-estetigi\/liposuction\/\"><strong>Liposuction <\/strong><\/a><\/li><li><a href=\"https:\/\/bilsonhealth.co.uk\/estetik-uygulamalari\/vucut-estetigi\/el-estetigi-%ef%bf%bc\/\"><strong>El Esteti\u011fi <\/strong><\/a><\/li><li><a href=\"https:\/\/bilsonhealth.co.uk\/estetik-uygulamalari\/vucut-estetigi\/meme-estetigi\/\"><strong>Meme Esteti\u011fi <\/strong><\/a><\/li><\/ul>\t\t\t\t\t\t\t\t<\/div>\n\t\t\t\t<\/div>\n\t\t\t\t\t<\/div>\n\t\t<\/div>\n\t\t\t\t\t<\/div>\n\t\t<\/section>\n\t\t\t\t<\/div>\n\t\t","protected":false},"excerpt":{"rendered":"<p>V\u00fccut Esteti\u011fi A\u015f\u0131r\u0131 kilo kay\u0131plar\u0131 sonras\u0131 yap\u0131lan t\u00fcm\u00a0v\u00fccut\u00a0\u015fekillendirme ameliyatlar\u0131na\u00a0v\u00fccut esteti\u011fi\u00a0denilmektedir. \u00d6zellikle v\u00fccuttaki deformasyonlar\u0131n giderilmesi, kont\u00fcr ve ge\u00e7i\u015flerinin d\u00fczeltilmesi ve\u00a0v\u00fccudun\u00a0ideal oranlar\u0131n\u0131n sa\u011flanmas\u0131 i\u00e7in yap\u0131lan cerrahi i\u015flemlerdir. \u00c7arp\u0131k Bacak D\u00fczeltme Kar\u0131n Germe Popo Esteti\u011fi Vajina Esteti\u011fi Kol Germe Liposuction El Esteti\u011fi Meme Esteti\u011fi<\/p>\n","protected":false},"author":1,"featured_media":0,"parent":346,"menu_order":0,"comment_status":"closed","ping_status":"closed","template":"elementor_header_footer","meta":{"footnotes":""},"class_list":["post-272","page","type-page","status-publish","hentry"],"_links":{"self":[{"href":"https:\/\/bilsonhealth.co.uk\/tr\/wp-json\/wp\/v2\/pages\/272","targetHints":{"allow":["GET"]}}],"collection":[{"href":"https:\/\/bilsonhealth.co.uk\/tr\/wp-json\/wp\/v2\/pages"}],"about":[{"href":"https:\/\/bilsonhealth.co.uk\/tr\/wp-json\/wp\/v2\/types\/page"}],"author":[{"embeddable":true,"href":"https:\/\/bilsonhealth.co.uk\/tr\/wp-json\/wp\/v2\/users\/1"}],"replies":[{"embeddable":true,"href":"https:\/\/bilsonhealth.co.uk\/tr\/wp-json\/wp\/v2\/comments?post=272"}],"version-history":[{"count":23,"href":"https:\/\/bilsonhealth.co.uk\/tr\/wp-json\/wp\/v2\/pages\/272\/revisions"}],"predecessor-version":[{"id":2343,"href":"https:\/\/bilsonhealth.co.uk\/tr\/wp-json\/wp\/v2\/pages\/272\/revisions\/2343"}],"up":[{"embeddable":true,"href":"https:\/\/bilsonhealth.co.uk\/tr\/wp-json\/wp\/v2\/pages\/346"}],"wp:attachment":[{"href":"https:\/\/bilsonhealth.co.uk\/tr\/wp-json\/wp\/v2\/media?parent=272"}],"curies":[{"name":"wp","href":"https:\/\/api.w.org\/{rel}","templated":true}]}}