{"id":2193,"date":"2023-12-01T09:52:35","date_gmt":"2023-12-01T06:52:35","guid":{"rendered":"https:\/\/bilsonhealthservices.co.uk\/estetik-uygulamalari\/yuz-estetigi\/lip-augmentation\/"},"modified":"2023-12-05T10:57:38","modified_gmt":"2023-12-05T07:57:38","slug":"lip-augmentation","status":"publish","type":"page","link":"https:\/\/bilsonhealth.co.uk\/tr\/estetik-uygulamalari\/yuz-estetigi\/lip-augmentation\/","title":{"rendered":"Dudak B\u00fcy\u00fctme"},"content":{"rendered":"\t\t<div data-elementor-type=\"wp-page\" data-elementor-id=\"2193\" class=\"elementor elementor-2193\" data-elementor-post-type=\"page\">\n\t\t\t\t\t\t<section class=\"elementor-section elementor-top-section elementor-element elementor-element-47d7fd4f elementor-section-boxed elementor-section-height-default elementor-section-height-default\" data-id=\"47d7fd4f\" data-element_type=\"section\" data-settings=\"{&quot;background_background&quot;:&quot;classic&quot;}\">\n\t\t\t\t\t\t\t<div class=\"elementor-background-overlay\"><\/div>\n\t\t\t\t\t\t\t<div class=\"elementor-container elementor-column-gap-default\">\n\t\t\t\t\t<div class=\"elementor-column elementor-col-100 elementor-top-column elementor-element elementor-element-f0f87f1\" data-id=\"f0f87f1\" data-element_type=\"column\" data-settings=\"{&quot;background_background&quot;:&quot;classic&quot;}\">\n\t\t\t<div class=\"elementor-widget-wrap elementor-element-populated\">\n\t\t\t\t\t\t<div class=\"elementor-element elementor-element-2c7b1c2a elementor-widget elementor-widget-text-editor\" data-id=\"2c7b1c2a\" data-element_type=\"widget\" data-widget_type=\"text-editor.default\">\n\t\t\t\t<div class=\"elementor-widget-container\">\n\t\t\t\t\t\t\t\t\t<h3>Dudak B\u00fcy\u00fctme<\/h3>\t\t\t\t\t\t\t\t<\/div>\n\t\t\t\t<\/div>\n\t\t\t\t\t<\/div>\n\t\t<\/div>\n\t\t\t\t\t<\/div>\n\t\t<\/section>\n\t\t\t\t<section class=\"elementor-section elementor-top-section elementor-element elementor-element-f3a2529 elementor-section-boxed elementor-section-height-default elementor-section-height-default\" data-id=\"f3a2529\" data-element_type=\"section\">\n\t\t\t\t\t\t\t<div class=\"elementor-background-overlay\"><\/div>\n\t\t\t\t\t\t\t<div class=\"elementor-container elementor-column-gap-default\">\n\t\t\t\t\t<div class=\"elementor-column elementor-col-100 elementor-top-column elementor-element elementor-element-f88ec23\" data-id=\"f88ec23\" data-element_type=\"column\">\n\t\t\t<div class=\"elementor-widget-wrap elementor-element-populated\">\n\t\t\t\t\t\t<section class=\"elementor-section elementor-inner-section elementor-element elementor-element-33740bbf elementor-section-boxed elementor-section-height-default elementor-section-height-default\" data-id=\"33740bbf\" data-element_type=\"section\">\n\t\t\t\t\t\t<div class=\"elementor-container elementor-column-gap-default\">\n\t\t\t\t\t<div class=\"elementor-column elementor-col-100 elementor-inner-column elementor-element elementor-element-301a4a15 animated-slow elementor-invisible\" data-id=\"301a4a15\" data-element_type=\"column\" data-settings=\"{&quot;animation&quot;:&quot;fadeIn&quot;,&quot;animation_delay&quot;:200}\">\n\t\t\t<div class=\"elementor-widget-wrap elementor-element-populated\">\n\t\t\t\t\t\t<div class=\"elementor-element elementor-element-eaa29db elementor-widget elementor-widget-text-editor\" data-id=\"eaa29db\" data-element_type=\"widget\" data-widget_type=\"text-editor.default\">\n\t\t\t\t<div class=\"elementor-widget-container\">\n\t\t\t\t\t\t\t\t\t<p>Dudak b\u00fcy\u00fctme, genellikle daha dolgun ve \u00e7ekici dudaklar elde etmek amac\u0131yla uygulanan kozmetik prosed\u00fcrlerin genel ad\u0131d\u0131r. Bu i\u015flemler, \u00e7e\u015fitli teknikler ve \u00fcr\u00fcnler kullan\u0131larak ger\u00e7ekle\u015ftirilebilir.<\/p>\n<p><strong>\u0130\u015fte dudak b\u00fcy\u00fctme i\u00e7in yayg\u0131n olarak kullan\u0131lan y\u00f6ntemler:<\/strong><\/p>\n<p><strong>Dermal Dolgular:<\/strong> Hyaluronik asit veya kalsiyum hidroksiapatit i\u00e7eren dermal dolgular, dudaklara hacim eklemek ve \u015fekillerini d\u00fczeltmek i\u00e7in en s\u0131k tercih edilen y\u00f6ntemlerden biridir. Bu dolgular, genellikle cerrahi olmayan bir i\u015flem olarak uygulan\u0131r ve etkiler birka\u00e7 aydan bir y\u0131la kadar s\u00fcrebilir.<\/p>\n<p><strong>Ya\u011f Transferi (Lipofilling):<\/strong> Bu i\u015flemde, hastan\u0131n kendi v\u00fccudundan al\u0131nan ya\u011f h\u00fccreleri dudaklara enjekte edilir. Bu y\u00f6ntem, kal\u0131c\u0131 sonu\u00e7lar elde etmek isteyenler i\u00e7in bir se\u00e7enek olabilir.<\/p>\n<p><strong>Dudak \u0130mplantlar\u0131:<\/strong> Cerrahi bir i\u015flemle dudak i\u00e7erisine yerle\u015ftirilen dudak implantlar\u0131, kal\u0131c\u0131 bir dolgunluk sa\u011flamak amac\u0131yla kullan\u0131l\u0131r. Ancak, cerrahi olmas\u0131 ve kal\u0131c\u0131 olmas\u0131 nedeniyle tercih edilen bir y\u00f6ntem de\u011fildir.<\/p>\n<p><strong>Dudak Pompalar\u0131:<\/strong> Bu cihazlar, ge\u00e7ici bir s\u00fcre i\u00e7in dudaklara kan ak\u0131\u015f\u0131n\u0131 art\u0131rarak \u015fi\u015flik ve dolgunluk sa\u011flamay\u0131 ama\u00e7lar. Ancak, etkiler ge\u00e7icidir ve uzun vadeli sonu\u00e7lar sa\u011flamaz.<\/p>\n<p><strong>Botulinum Toxin (Botoks):<\/strong> Dudak \u00e7evresindeki k\u0131r\u0131\u015f\u0131kl\u0131klar\u0131 azaltmak ve dudak kont\u00fcr\u00fcn\u00fc belirginle\u015ftirmek amac\u0131yla botulinum toksini enjeksiyonlar\u0131 da kullan\u0131labilir.<\/p>\n<p>Dudak b\u00fcy\u00fctme i\u015flemleri genellikle uzman bir estetik cerrah veya dermatolog taraf\u0131ndan yap\u0131lmal\u0131d\u0131r. Ki\u015fisel hedeflere ve tercihlere ba\u011fl\u0131 olarak, farkl\u0131 y\u00f6ntemler ve \u00fcr\u00fcnler \u00f6nerilebilir. Ayr\u0131ca, herhangi bir dudak b\u00fcy\u00fctme i\u015flemi \u00f6ncesinde dikkatlice dan\u0131\u015f\u0131lm\u0131\u015f bir plan\u0131n belirlenmesi ve risksiz bir \u015fekilde ger\u00e7ekle\u015ftirilmesi \u00f6nemlidir.<\/p>\n\t\t\t\t\t\t\t\t<\/div>\n\t\t\t\t<\/div>\n\t\t\t\t\t<\/div>\n\t\t<\/div>\n\t\t\t\t\t<\/div>\n\t\t<\/section>\n\t\t\t\t\t<\/div>\n\t\t<\/div>\n\t\t\t\t\t<\/div>\n\t\t<\/section>\n\t\t\t\t<section class=\"elementor-section elementor-top-section elementor-element elementor-element-58c4e875 elementor-section-full_width elementor-section-height-default elementor-section-height-default\" data-id=\"58c4e875\" data-element_type=\"section\">\n\t\t\t\t\t\t<div class=\"elementor-container elementor-column-gap-no\">\n\t\t\t\t\t<div class=\"elementor-column elementor-col-100 elementor-top-column elementor-element elementor-element-1aa2d61\" data-id=\"1aa2d61\" data-element_type=\"column\">\n\t\t\t<div class=\"elementor-widget-wrap\">\n\t\t\t\t\t\t\t<\/div>\n\t\t<\/div>\n\t\t\t\t\t<\/div>\n\t\t<\/section>\n\t\t\t\t<\/div>\n\t\t","protected":false},"excerpt":{"rendered":"<p>Dudak B\u00fcy\u00fctme Dudak b\u00fcy\u00fctme, genellikle daha dolgun ve \u00e7ekici dudaklar elde etmek amac\u0131yla uygulanan kozmetik prosed\u00fcrlerin genel ad\u0131d\u0131r. Bu i\u015flemler, \u00e7e\u015fitli teknikler ve \u00fcr\u00fcnler kullan\u0131larak ger\u00e7ekle\u015ftirilebilir. \u0130\u015fte dudak b\u00fcy\u00fctme i\u00e7in yayg\u0131n olarak kullan\u0131lan y\u00f6ntemler: Dermal Dolgular: Hyaluronik asit veya kalsiyum hidroksiapatit i\u00e7eren dermal dolgular, dudaklara hacim eklemek ve \u015fekillerini d\u00fczeltmek i\u00e7in en s\u0131k tercih edilen [&hellip;]<\/p>\n","protected":false},"author":1,"featured_media":0,"parent":284,"menu_order":0,"comment_status":"closed","ping_status":"closed","template":"elementor_header_footer","meta":{"footnotes":""},"class_list":["post-2193","page","type-page","status-publish","hentry"],"_links":{"self":[{"href":"https:\/\/bilsonhealth.co.uk\/tr\/wp-json\/wp\/v2\/pages\/2193","targetHints":{"allow":["GET"]}}],"collection":[{"href":"https:\/\/bilsonhealth.co.uk\/tr\/wp-json\/wp\/v2\/pages"}],"about":[{"href":"https:\/\/bilsonhealth.co.uk\/tr\/wp-json\/wp\/v2\/types\/page"}],"author":[{"embeddable":true,"href":"https:\/\/bilsonhealth.co.uk\/tr\/wp-json\/wp\/v2\/users\/1"}],"replies":[{"embeddable":true,"href":"https:\/\/bilsonhealth.co.uk\/tr\/wp-json\/wp\/v2\/comments?post=2193"}],"version-history":[{"count":5,"href":"https:\/\/bilsonhealth.co.uk\/tr\/wp-json\/wp\/v2\/pages\/2193\/revisions"}],"predecessor-version":[{"id":2452,"href":"https:\/\/bilsonhealth.co.uk\/tr\/wp-json\/wp\/v2\/pages\/2193\/revisions\/2452"}],"up":[{"embeddable":true,"href":"https:\/\/bilsonhealth.co.uk\/tr\/wp-json\/wp\/v2\/pages\/284"}],"wp:attachment":[{"href":"https:\/\/bilsonhealth.co.uk\/tr\/wp-json\/wp\/v2\/media?parent=2193"}],"curies":[{"name":"wp","href":"https:\/\/api.w.org\/{rel}","templated":true}]}}