{"id":2183,"date":"2023-12-01T09:47:44","date_gmt":"2023-12-01T06:47:44","guid":{"rendered":"https:\/\/bilsonhealthservices.co.uk\/estetik-uygulamalari\/yuz-estetigi\/under-eye-dark-circle-treatment\/"},"modified":"2023-12-05T10:57:29","modified_gmt":"2023-12-05T07:57:29","slug":"under-eye-dark-circle-treatment","status":"publish","type":"page","link":"https:\/\/bilsonhealth.co.uk\/tr\/estetik-uygulamalari\/yuz-estetigi\/under-eye-dark-circle-treatment\/","title":{"rendered":"G\u00f6zalt\u0131 Morlu\u011fu Tedavisi"},"content":{"rendered":"\t\t<div data-elementor-type=\"wp-page\" data-elementor-id=\"2183\" class=\"elementor elementor-2183\" data-elementor-post-type=\"page\">\n\t\t\t\t\t\t<section class=\"elementor-section elementor-top-section elementor-element elementor-element-6ebca28f elementor-section-boxed elementor-section-height-default elementor-section-height-default\" data-id=\"6ebca28f\" data-element_type=\"section\" data-settings=\"{&quot;background_background&quot;:&quot;classic&quot;}\">\n\t\t\t\t\t\t\t<div class=\"elementor-background-overlay\"><\/div>\n\t\t\t\t\t\t\t<div class=\"elementor-container elementor-column-gap-default\">\n\t\t\t\t\t<div class=\"elementor-column elementor-col-100 elementor-top-column elementor-element elementor-element-2b5dcad5\" data-id=\"2b5dcad5\" data-element_type=\"column\" data-settings=\"{&quot;background_background&quot;:&quot;classic&quot;}\">\n\t\t\t<div class=\"elementor-widget-wrap elementor-element-populated\">\n\t\t\t\t\t\t<div class=\"elementor-element elementor-element-75ed70c7 elementor-widget elementor-widget-text-editor\" data-id=\"75ed70c7\" data-element_type=\"widget\" data-widget_type=\"text-editor.default\">\n\t\t\t\t<div class=\"elementor-widget-container\">\n\t\t\t\t\t\t\t\t\t<h3>G\u00f6zalt\u0131 Morlu\u011fu Tedavisi<\/h3>\t\t\t\t\t\t\t\t<\/div>\n\t\t\t\t<\/div>\n\t\t\t\t\t<\/div>\n\t\t<\/div>\n\t\t\t\t\t<\/div>\n\t\t<\/section>\n\t\t\t\t<section class=\"elementor-section elementor-top-section elementor-element elementor-element-10a599f0 elementor-section-boxed elementor-section-height-default elementor-section-height-default\" data-id=\"10a599f0\" data-element_type=\"section\">\n\t\t\t\t\t\t\t<div class=\"elementor-background-overlay\"><\/div>\n\t\t\t\t\t\t\t<div class=\"elementor-container elementor-column-gap-default\">\n\t\t\t\t\t<div class=\"elementor-column elementor-col-100 elementor-top-column elementor-element elementor-element-71f7332f\" data-id=\"71f7332f\" data-element_type=\"column\">\n\t\t\t<div class=\"elementor-widget-wrap elementor-element-populated\">\n\t\t\t\t\t\t<section class=\"elementor-section elementor-inner-section elementor-element elementor-element-eaf26da elementor-section-boxed elementor-section-height-default elementor-section-height-default\" data-id=\"eaf26da\" data-element_type=\"section\">\n\t\t\t\t\t\t<div class=\"elementor-container elementor-column-gap-default\">\n\t\t\t\t\t<div class=\"elementor-column elementor-col-100 elementor-inner-column elementor-element elementor-element-4cf24de4 animated-slow elementor-invisible\" data-id=\"4cf24de4\" data-element_type=\"column\" data-settings=\"{&quot;animation&quot;:&quot;fadeIn&quot;,&quot;animation_delay&quot;:200}\">\n\t\t\t<div class=\"elementor-widget-wrap elementor-element-populated\">\n\t\t\t\t\t\t<div class=\"elementor-element elementor-element-15ddbef0 elementor-widget elementor-widget-text-editor\" data-id=\"15ddbef0\" data-element_type=\"widget\" data-widget_type=\"text-editor.default\">\n\t\t\t\t<div class=\"elementor-widget-container\">\n\t\t\t\t\t\t\t\t\t<p>G\u00f6zalt\u0131 morlu\u011fu tedavisi, genellikle g\u00f6zalt\u0131ndaki morluklar\u0131, \u015fi\u015flikleri veya koyu halkalar\u0131 azaltmay\u0131 ama\u00e7layan \u00e7e\u015fitli y\u00f6ntemleri i\u00e7eren bir dizi tedavi se\u00e7ene\u011fini ifade eder. G\u00f6zalt\u0131 morluklar\u0131 genellikle genetik fakt\u00f6rlere, ya\u015flanmaya, yorgunlu\u011fa, uyku eksikli\u011fine, beslenme al\u0131\u015fkanl\u0131klar\u0131na veya alerjilere ba\u011fl\u0131 olarak ortaya \u00e7\u0131kabilir.<\/p>\n<p><strong>\u0130\u015fte g\u00f6zalt\u0131 morlu\u011fu tedavisinde kullan\u0131lan baz\u0131 yayg\u0131n y\u00f6ntemler:<\/strong><\/p>\n<p><strong>Topikal Kremler ve Serumlar:<\/strong> G\u00f6zalt\u0131ndaki koyu halkalar\u0131 hafifletmek ve cildi canland\u0131rmak i\u00e7in kullan\u0131lan \u00f6zel i\u00e7erikli kremler ve serumlar.<\/p>\n<p><strong>Hyaluronik Asit Dolgular\u0131:<\/strong> G\u00f6zalt\u0131ndaki derin \u00e7ukurlar\u0131 doldurmak ve cildin gen\u00e7 ve taze bir g\u00f6r\u00fcn\u00fcm kazanmas\u0131na yard\u0131mc\u0131 olmak i\u00e7in hyaluronik asit bazl\u0131 dolgular\u0131n enjekte edilmesi.<\/p>\n<p><strong>Lazer Tedavileri:<\/strong> Cildin tonunu d\u00fczelten ve kollajen \u00fcretimini art\u0131ran lazer tedavileri.<\/p>\n<p><strong>Kimyasal Peeling:<\/strong> \u00d6l\u00fc cilt h\u00fccrelerini temizlemek ve cildin yeniden canlanmas\u0131n\u0131 te\u015fvik etmek amac\u0131yla kullan\u0131lan kimyasal peeling uygulamalar\u0131.<\/p>\n<p><strong>G\u00f6zalt\u0131 Fillerlar\u0131:<\/strong> G\u00f6zalt\u0131ndaki bo\u015fluklar\u0131 doldurmak i\u00e7in \u00f6zel olarak form\u00fcle edilmi\u015f dolgu maddelerinin kullan\u0131lmas\u0131.<\/p>\n<p><strong>Cilt Bak\u0131m\u0131:<\/strong> Uygun cilt bak\u0131m\u0131 rutini, nemlendirici kullan\u0131m\u0131 ve g\u00fcne\u015f korumas\u0131 gibi \u00f6nlemler, g\u00f6zalt\u0131 morluklar\u0131n\u0131n \u00f6nlenmesine ve azalt\u0131lmas\u0131na yard\u0131mc\u0131 olabilir.<\/p>\n<p>Tedavi se\u00e7enekleri, bireyin g\u00f6zalt\u0131 morlu\u011funun nedenine ve cilt tipine ba\u011fl\u0131 olarak de\u011fi\u015fiklik g\u00f6sterebilir. Uygulanacak tedavi, genellikle bir dermatolog veya estetik cerrah taraf\u0131ndan belirlenir.<\/p>\n\t\t\t\t\t\t\t\t<\/div>\n\t\t\t\t<\/div>\n\t\t\t\t\t<\/div>\n\t\t<\/div>\n\t\t\t\t\t<\/div>\n\t\t<\/section>\n\t\t\t\t\t<\/div>\n\t\t<\/div>\n\t\t\t\t\t<\/div>\n\t\t<\/section>\n\t\t\t\t<section class=\"elementor-section elementor-top-section elementor-element elementor-element-7af5dd19 elementor-section-full_width elementor-section-height-default elementor-section-height-default\" data-id=\"7af5dd19\" data-element_type=\"section\">\n\t\t\t\t\t\t<div class=\"elementor-container elementor-column-gap-no\">\n\t\t\t\t\t<div class=\"elementor-column elementor-col-100 elementor-top-column elementor-element elementor-element-52be2f51\" data-id=\"52be2f51\" data-element_type=\"column\">\n\t\t\t<div class=\"elementor-widget-wrap\">\n\t\t\t\t\t\t\t<\/div>\n\t\t<\/div>\n\t\t\t\t\t<\/div>\n\t\t<\/section>\n\t\t\t\t<\/div>\n\t\t","protected":false},"excerpt":{"rendered":"<p>G\u00f6zalt\u0131 Morlu\u011fu Tedavisi G\u00f6zalt\u0131 morlu\u011fu tedavisi, genellikle g\u00f6zalt\u0131ndaki morluklar\u0131, \u015fi\u015flikleri veya koyu halkalar\u0131 azaltmay\u0131 ama\u00e7layan \u00e7e\u015fitli y\u00f6ntemleri i\u00e7eren bir dizi tedavi se\u00e7ene\u011fini ifade eder. G\u00f6zalt\u0131 morluklar\u0131 genellikle genetik fakt\u00f6rlere, ya\u015flanmaya, yorgunlu\u011fa, uyku eksikli\u011fine, beslenme al\u0131\u015fkanl\u0131klar\u0131na veya alerjilere ba\u011fl\u0131 olarak ortaya \u00e7\u0131kabilir. \u0130\u015fte g\u00f6zalt\u0131 morlu\u011fu tedavisinde kullan\u0131lan baz\u0131 yayg\u0131n y\u00f6ntemler: Topikal Kremler ve Serumlar: G\u00f6zalt\u0131ndaki koyu [&hellip;]<\/p>\n","protected":false},"author":1,"featured_media":0,"parent":284,"menu_order":0,"comment_status":"closed","ping_status":"closed","template":"elementor_header_footer","meta":{"footnotes":""},"class_list":["post-2183","page","type-page","status-publish","hentry"],"_links":{"self":[{"href":"https:\/\/bilsonhealth.co.uk\/tr\/wp-json\/wp\/v2\/pages\/2183","targetHints":{"allow":["GET"]}}],"collection":[{"href":"https:\/\/bilsonhealth.co.uk\/tr\/wp-json\/wp\/v2\/pages"}],"about":[{"href":"https:\/\/bilsonhealth.co.uk\/tr\/wp-json\/wp\/v2\/types\/page"}],"author":[{"embeddable":true,"href":"https:\/\/bilsonhealth.co.uk\/tr\/wp-json\/wp\/v2\/users\/1"}],"replies":[{"embeddable":true,"href":"https:\/\/bilsonhealth.co.uk\/tr\/wp-json\/wp\/v2\/comments?post=2183"}],"version-history":[{"count":5,"href":"https:\/\/bilsonhealth.co.uk\/tr\/wp-json\/wp\/v2\/pages\/2183\/revisions"}],"predecessor-version":[{"id":2449,"href":"https:\/\/bilsonhealth.co.uk\/tr\/wp-json\/wp\/v2\/pages\/2183\/revisions\/2449"}],"up":[{"embeddable":true,"href":"https:\/\/bilsonhealth.co.uk\/tr\/wp-json\/wp\/v2\/pages\/284"}],"wp:attachment":[{"href":"https:\/\/bilsonhealth.co.uk\/tr\/wp-json\/wp\/v2\/media?parent=2183"}],"curies":[{"name":"wp","href":"https:\/\/api.w.org\/{rel}","templated":true}]}}