{"id":2175,"date":"2023-12-01T09:46:30","date_gmt":"2023-12-01T06:46:30","guid":{"rendered":"https:\/\/bilsonhealthservices.co.uk\/estetik-uygulamalari\/yuz-estetigi\/fat-bank\/"},"modified":"2023-12-05T10:57:16","modified_gmt":"2023-12-05T07:57:16","slug":"fat-bank","status":"publish","type":"page","link":"https:\/\/bilsonhealth.co.uk\/tr\/estetik-uygulamalari\/yuz-estetigi\/fat-bank\/","title":{"rendered":"Ya\u011f Bankas\u0131"},"content":{"rendered":"\t\t<div data-elementor-type=\"wp-page\" data-elementor-id=\"2175\" class=\"elementor elementor-2175\" data-elementor-post-type=\"page\">\n\t\t\t\t\t\t<section class=\"elementor-section elementor-top-section elementor-element elementor-element-76ddfca4 elementor-section-boxed elementor-section-height-default elementor-section-height-default\" data-id=\"76ddfca4\" data-element_type=\"section\" data-settings=\"{&quot;background_background&quot;:&quot;classic&quot;}\">\n\t\t\t\t\t\t\t<div class=\"elementor-background-overlay\"><\/div>\n\t\t\t\t\t\t\t<div class=\"elementor-container elementor-column-gap-default\">\n\t\t\t\t\t<div class=\"elementor-column elementor-col-100 elementor-top-column elementor-element elementor-element-79dac96c\" data-id=\"79dac96c\" data-element_type=\"column\" data-settings=\"{&quot;background_background&quot;:&quot;classic&quot;}\">\n\t\t\t<div class=\"elementor-widget-wrap elementor-element-populated\">\n\t\t\t\t\t\t<div class=\"elementor-element elementor-element-56f46c80 elementor-widget elementor-widget-text-editor\" data-id=\"56f46c80\" data-element_type=\"widget\" data-widget_type=\"text-editor.default\">\n\t\t\t\t<div class=\"elementor-widget-container\">\n\t\t\t\t\t\t\t\t\t<h3>Ya\u011f Bankas\u0131<\/h3>\t\t\t\t\t\t\t\t<\/div>\n\t\t\t\t<\/div>\n\t\t\t\t\t<\/div>\n\t\t<\/div>\n\t\t\t\t\t<\/div>\n\t\t<\/section>\n\t\t\t\t<section class=\"elementor-section elementor-top-section elementor-element elementor-element-19b92f28 elementor-section-boxed elementor-section-height-default elementor-section-height-default\" data-id=\"19b92f28\" data-element_type=\"section\">\n\t\t\t\t\t\t\t<div class=\"elementor-background-overlay\"><\/div>\n\t\t\t\t\t\t\t<div class=\"elementor-container elementor-column-gap-default\">\n\t\t\t\t\t<div class=\"elementor-column elementor-col-100 elementor-top-column elementor-element elementor-element-1c124248\" data-id=\"1c124248\" data-element_type=\"column\">\n\t\t\t<div class=\"elementor-widget-wrap elementor-element-populated\">\n\t\t\t\t\t\t<section class=\"elementor-section elementor-inner-section elementor-element elementor-element-2c400035 elementor-section-boxed elementor-section-height-default elementor-section-height-default\" data-id=\"2c400035\" data-element_type=\"section\">\n\t\t\t\t\t\t<div class=\"elementor-container elementor-column-gap-default\">\n\t\t\t\t\t<div class=\"elementor-column elementor-col-100 elementor-inner-column elementor-element elementor-element-4aa4a44f animated-slow elementor-invisible\" data-id=\"4aa4a44f\" data-element_type=\"column\" data-settings=\"{&quot;animation&quot;:&quot;fadeIn&quot;,&quot;animation_delay&quot;:200}\">\n\t\t\t<div class=\"elementor-widget-wrap elementor-element-populated\">\n\t\t\t\t\t\t<div class=\"elementor-element elementor-element-774a6ec8 elementor-widget elementor-widget-text-editor\" data-id=\"774a6ec8\" data-element_type=\"widget\" data-widget_type=\"text-editor.default\">\n\t\t\t\t<div class=\"elementor-widget-container\">\n\t\t\t\t\t\t\t\t\t<p>Estetik m\u00fcdahalelerde, dermal dolgular veya silikon implantlar yerine ki\u015finin kendi ya\u011f dokusunun (otolog ya\u011f transferi) kullan\u0131lmas\u0131, giderek daha fazla tercih edilen bir se\u00e7enek haline gelmi\u015ftir. Bu y\u00f6ntem, dudaklar, y\u00fcz, g\u00f6\u011f\u00fcsler, kal\u00e7alar, eller ve di\u011fer v\u00fccut b\u00f6lgelerinde dolgun bir g\u00f6r\u00fcn\u00fcm elde etmek ve ya\u015flanma belirtilerini azaltmak amac\u0131yla kullan\u0131l\u0131r. Ki\u015finin kendi genetik yap\u0131s\u0131na ait olan bu ya\u011f dokusu, alerjik reaksiyon veya ba\u011f\u0131\u015f\u0131kl\u0131kla ilgili riskler ta\u015f\u0131mad\u0131\u011f\u0131 i\u00e7in avantajl\u0131d\u0131r. Ya\u011f transferi i\u015flemi her zaman ba\u015far\u0131l\u0131 olmayabilir, ancak ba\u015far\u0131s\u0131z olmas\u0131 durumunda nakledilen h\u00fccreler sorun yaratmadan do\u011fal olarak emilir. Di\u011fer yandan, implantlar ve dermal dolgular, dokuda yaralanmaya neden olabilir veya d\u00fczeltilmesi zor tepkilere yol a\u00e7abilir.<\/p>\n\t\t\t\t\t\t\t\t<\/div>\n\t\t\t\t<\/div>\n\t\t\t\t\t<\/div>\n\t\t<\/div>\n\t\t\t\t\t<\/div>\n\t\t<\/section>\n\t\t\t\t\t<\/div>\n\t\t<\/div>\n\t\t\t\t\t<\/div>\n\t\t<\/section>\n\t\t\t\t<section class=\"elementor-section elementor-top-section elementor-element elementor-element-1c02a0c5 elementor-section-full_width elementor-section-height-default elementor-section-height-default\" data-id=\"1c02a0c5\" data-element_type=\"section\">\n\t\t\t\t\t\t<div class=\"elementor-container elementor-column-gap-no\">\n\t\t\t\t\t<div class=\"elementor-column elementor-col-100 elementor-top-column elementor-element elementor-element-414038de\" data-id=\"414038de\" data-element_type=\"column\">\n\t\t\t<div class=\"elementor-widget-wrap\">\n\t\t\t\t\t\t\t<\/div>\n\t\t<\/div>\n\t\t\t\t\t<\/div>\n\t\t<\/section>\n\t\t\t\t<\/div>\n\t\t","protected":false},"excerpt":{"rendered":"<p>Ya\u011f Bankas\u0131 Estetik m\u00fcdahalelerde, dermal dolgular veya silikon implantlar yerine ki\u015finin kendi ya\u011f dokusunun (otolog ya\u011f transferi) kullan\u0131lmas\u0131, giderek daha fazla tercih edilen bir se\u00e7enek haline gelmi\u015ftir. Bu y\u00f6ntem, dudaklar, y\u00fcz, g\u00f6\u011f\u00fcsler, kal\u00e7alar, eller ve di\u011fer v\u00fccut b\u00f6lgelerinde dolgun bir g\u00f6r\u00fcn\u00fcm elde etmek ve ya\u015flanma belirtilerini azaltmak amac\u0131yla kullan\u0131l\u0131r. Ki\u015finin kendi genetik yap\u0131s\u0131na ait olan [&hellip;]<\/p>\n","protected":false},"author":1,"featured_media":0,"parent":284,"menu_order":0,"comment_status":"closed","ping_status":"closed","template":"elementor_header_footer","meta":{"footnotes":""},"class_list":["post-2175","page","type-page","status-publish","hentry"],"_links":{"self":[{"href":"https:\/\/bilsonhealth.co.uk\/tr\/wp-json\/wp\/v2\/pages\/2175","targetHints":{"allow":["GET"]}}],"collection":[{"href":"https:\/\/bilsonhealth.co.uk\/tr\/wp-json\/wp\/v2\/pages"}],"about":[{"href":"https:\/\/bilsonhealth.co.uk\/tr\/wp-json\/wp\/v2\/types\/page"}],"author":[{"embeddable":true,"href":"https:\/\/bilsonhealth.co.uk\/tr\/wp-json\/wp\/v2\/users\/1"}],"replies":[{"embeddable":true,"href":"https:\/\/bilsonhealth.co.uk\/tr\/wp-json\/wp\/v2\/comments?post=2175"}],"version-history":[{"count":8,"href":"https:\/\/bilsonhealth.co.uk\/tr\/wp-json\/wp\/v2\/pages\/2175\/revisions"}],"predecessor-version":[{"id":2446,"href":"https:\/\/bilsonhealth.co.uk\/tr\/wp-json\/wp\/v2\/pages\/2175\/revisions\/2446"}],"up":[{"embeddable":true,"href":"https:\/\/bilsonhealth.co.uk\/tr\/wp-json\/wp\/v2\/pages\/284"}],"wp:attachment":[{"href":"https:\/\/bilsonhealth.co.uk\/tr\/wp-json\/wp\/v2\/media?parent=2175"}],"curies":[{"name":"wp","href":"https:\/\/api.w.org\/{rel}","templated":true}]}}