{"id":2144,"date":"2023-12-01T09:36:50","date_gmt":"2023-12-01T06:36:50","guid":{"rendered":"https:\/\/bilsonhealthservices.co.uk\/estetik-uygulamalari\/yuz-estetigi\/eyebrow-transplantation\/"},"modified":"2023-12-05T10:56:04","modified_gmt":"2023-12-05T07:56:04","slug":"eyebrow-transplantation","status":"publish","type":"page","link":"https:\/\/bilsonhealth.co.uk\/tr\/estetik-uygulamalari\/yuz-estetigi\/eyebrow-transplantation\/","title":{"rendered":"Ka\u015f Ekimi"},"content":{"rendered":"\t\t<div data-elementor-type=\"wp-page\" data-elementor-id=\"2144\" class=\"elementor elementor-2144\" data-elementor-post-type=\"page\">\n\t\t\t\t\t\t<section class=\"elementor-section elementor-top-section elementor-element elementor-element-147206c8 elementor-section-boxed elementor-section-height-default elementor-section-height-default\" data-id=\"147206c8\" data-element_type=\"section\" data-settings=\"{&quot;background_background&quot;:&quot;classic&quot;}\">\n\t\t\t\t\t\t\t<div class=\"elementor-background-overlay\"><\/div>\n\t\t\t\t\t\t\t<div class=\"elementor-container elementor-column-gap-default\">\n\t\t\t\t\t<div class=\"elementor-column elementor-col-100 elementor-top-column elementor-element elementor-element-75e15aa\" data-id=\"75e15aa\" data-element_type=\"column\" data-settings=\"{&quot;background_background&quot;:&quot;classic&quot;}\">\n\t\t\t<div class=\"elementor-widget-wrap elementor-element-populated\">\n\t\t\t\t\t\t<div class=\"elementor-element elementor-element-2aacbe54 elementor-widget elementor-widget-text-editor\" data-id=\"2aacbe54\" data-element_type=\"widget\" data-widget_type=\"text-editor.default\">\n\t\t\t\t<div class=\"elementor-widget-container\">\n\t\t\t\t\t\t\t\t\t<h3>Ka\u015f Ekimi<\/h3>\t\t\t\t\t\t\t\t<\/div>\n\t\t\t\t<\/div>\n\t\t\t\t\t<\/div>\n\t\t<\/div>\n\t\t\t\t\t<\/div>\n\t\t<\/section>\n\t\t\t\t<section class=\"elementor-section elementor-top-section elementor-element elementor-element-4df45216 elementor-section-boxed elementor-section-height-default elementor-section-height-default\" data-id=\"4df45216\" data-element_type=\"section\">\n\t\t\t\t\t\t\t<div class=\"elementor-background-overlay\"><\/div>\n\t\t\t\t\t\t\t<div class=\"elementor-container elementor-column-gap-default\">\n\t\t\t\t\t<div class=\"elementor-column elementor-col-100 elementor-top-column elementor-element elementor-element-2533fa75\" data-id=\"2533fa75\" data-element_type=\"column\">\n\t\t\t<div class=\"elementor-widget-wrap elementor-element-populated\">\n\t\t\t\t\t\t<section class=\"elementor-section elementor-inner-section elementor-element elementor-element-36f63915 elementor-section-boxed elementor-section-height-default elementor-section-height-default\" data-id=\"36f63915\" data-element_type=\"section\">\n\t\t\t\t\t\t<div class=\"elementor-container elementor-column-gap-default\">\n\t\t\t\t\t<div class=\"elementor-column elementor-col-100 elementor-inner-column elementor-element elementor-element-206f14c animated-slow elementor-invisible\" data-id=\"206f14c\" data-element_type=\"column\" data-settings=\"{&quot;animation&quot;:&quot;fadeIn&quot;,&quot;animation_delay&quot;:200}\">\n\t\t\t<div class=\"elementor-widget-wrap elementor-element-populated\">\n\t\t\t\t\t\t<div class=\"elementor-element elementor-element-704dca87 elementor-widget elementor-widget-text-editor\" data-id=\"704dca87\" data-element_type=\"widget\" data-widget_type=\"text-editor.default\">\n\t\t\t\t<div class=\"elementor-widget-container\">\n\t\t\t\t\t\t\t\t\t<p>Ka\u015f Ekimi do\u011fal ka\u015f \u00e7izgisini koruyarak, ka\u015flar\u0131 daha dolgun, belirgin ve \u00e7ekici hale getirmek i\u00e7in kullan\u0131lan bir estetik y\u00f6ntemdir. Genellikle seyrek ka\u015flar\u0131 d\u00fczeltmek, ka\u015f kayb\u0131n\u0131 telafi etmek veya ka\u015f \u00e7izgisini yeniden olu\u015fturmak amac\u0131yla tercih edilir. Ka\u015f ekimi, genellikle sa\u00e7 ekiminde kullan\u0131lan FUE (Follicular Unit Extraction) y\u00f6ntemi ile yap\u0131l\u0131r. Bu, ki\u015finin kendi sa\u00e7 folik\u00fcllerinin, \u00f6zellikle ense b\u00f6lgesinden al\u0131narak ka\u015f b\u00f6lgesine ekilmesini i\u00e7erir. Bu y\u00f6ntem, do\u011fal bir g\u00f6r\u00fcn\u00fcm ve minimal iyile\u015fme s\u00fcresi sa\u011flar.<\/p>\n\t\t\t\t\t\t\t\t<\/div>\n\t\t\t\t<\/div>\n\t\t\t\t\t<\/div>\n\t\t<\/div>\n\t\t\t\t\t<\/div>\n\t\t<\/section>\n\t\t\t\t\t<\/div>\n\t\t<\/div>\n\t\t\t\t\t<\/div>\n\t\t<\/section>\n\t\t\t\t<section class=\"elementor-section elementor-top-section elementor-element elementor-element-93c3b21 elementor-section-full_width elementor-section-height-default elementor-section-height-default\" data-id=\"93c3b21\" data-element_type=\"section\">\n\t\t\t\t\t\t<div class=\"elementor-container elementor-column-gap-no\">\n\t\t\t\t\t<div class=\"elementor-column elementor-col-100 elementor-top-column elementor-element elementor-element-451bb13\" data-id=\"451bb13\" data-element_type=\"column\">\n\t\t\t<div class=\"elementor-widget-wrap\">\n\t\t\t\t\t\t\t<\/div>\n\t\t<\/div>\n\t\t\t\t\t<\/div>\n\t\t<\/section>\n\t\t\t\t<\/div>\n\t\t","protected":false},"excerpt":{"rendered":"<p>Ka\u015f Ekimi Ka\u015f Ekimi do\u011fal ka\u015f \u00e7izgisini koruyarak, ka\u015flar\u0131 daha dolgun, belirgin ve \u00e7ekici hale getirmek i\u00e7in kullan\u0131lan bir estetik y\u00f6ntemdir. Genellikle seyrek ka\u015flar\u0131 d\u00fczeltmek, ka\u015f kayb\u0131n\u0131 telafi etmek veya ka\u015f \u00e7izgisini yeniden olu\u015fturmak amac\u0131yla tercih edilir. Ka\u015f ekimi, genellikle sa\u00e7 ekiminde kullan\u0131lan FUE (Follicular Unit Extraction) y\u00f6ntemi ile yap\u0131l\u0131r. Bu, ki\u015finin kendi sa\u00e7 folik\u00fcllerinin, [&hellip;]<\/p>\n","protected":false},"author":1,"featured_media":0,"parent":284,"menu_order":0,"comment_status":"closed","ping_status":"closed","template":"elementor_header_footer","meta":{"footnotes":""},"class_list":["post-2144","page","type-page","status-publish","hentry"],"_links":{"self":[{"href":"https:\/\/bilsonhealth.co.uk\/tr\/wp-json\/wp\/v2\/pages\/2144","targetHints":{"allow":["GET"]}}],"collection":[{"href":"https:\/\/bilsonhealth.co.uk\/tr\/wp-json\/wp\/v2\/pages"}],"about":[{"href":"https:\/\/bilsonhealth.co.uk\/tr\/wp-json\/wp\/v2\/types\/page"}],"author":[{"embeddable":true,"href":"https:\/\/bilsonhealth.co.uk\/tr\/wp-json\/wp\/v2\/users\/1"}],"replies":[{"embeddable":true,"href":"https:\/\/bilsonhealth.co.uk\/tr\/wp-json\/wp\/v2\/comments?post=2144"}],"version-history":[{"count":6,"href":"https:\/\/bilsonhealth.co.uk\/tr\/wp-json\/wp\/v2\/pages\/2144\/revisions"}],"predecessor-version":[{"id":2434,"href":"https:\/\/bilsonhealth.co.uk\/tr\/wp-json\/wp\/v2\/pages\/2144\/revisions\/2434"}],"up":[{"embeddable":true,"href":"https:\/\/bilsonhealth.co.uk\/tr\/wp-json\/wp\/v2\/pages\/284"}],"wp:attachment":[{"href":"https:\/\/bilsonhealth.co.uk\/tr\/wp-json\/wp\/v2\/media?parent=2144"}],"curies":[{"name":"wp","href":"https:\/\/api.w.org\/{rel}","templated":true}]}}