{"id":2135,"date":"2023-12-01T09:31:45","date_gmt":"2023-12-01T06:31:45","guid":{"rendered":"https:\/\/bilsonhealthservices.co.uk\/estetik-uygulamalari\/yuz-estetigi\/spider-web-aesthetics\/"},"modified":"2023-12-05T10:55:55","modified_gmt":"2023-12-05T07:55:55","slug":"spider-web-aesthetics","status":"publish","type":"page","link":"https:\/\/bilsonhealth.co.uk\/tr\/estetik-uygulamalari\/yuz-estetigi\/spider-web-aesthetics\/","title":{"rendered":"\u00d6r\u00fcmcek A\u011f\u0131 Esteti\u011fi"},"content":{"rendered":"\t\t<div data-elementor-type=\"wp-page\" data-elementor-id=\"2135\" class=\"elementor elementor-2135\" data-elementor-post-type=\"page\">\n\t\t\t\t\t\t<section class=\"elementor-section elementor-top-section elementor-element elementor-element-4b51445a elementor-section-boxed elementor-section-height-default elementor-section-height-default\" data-id=\"4b51445a\" data-element_type=\"section\" data-settings=\"{&quot;background_background&quot;:&quot;classic&quot;}\">\n\t\t\t\t\t\t\t<div class=\"elementor-background-overlay\"><\/div>\n\t\t\t\t\t\t\t<div class=\"elementor-container elementor-column-gap-default\">\n\t\t\t\t\t<div class=\"elementor-column elementor-col-100 elementor-top-column elementor-element elementor-element-72eaab96\" data-id=\"72eaab96\" data-element_type=\"column\" data-settings=\"{&quot;background_background&quot;:&quot;classic&quot;}\">\n\t\t\t<div class=\"elementor-widget-wrap elementor-element-populated\">\n\t\t\t\t\t\t<div class=\"elementor-element elementor-element-7919c295 elementor-widget elementor-widget-text-editor\" data-id=\"7919c295\" data-element_type=\"widget\" data-widget_type=\"text-editor.default\">\n\t\t\t\t<div class=\"elementor-widget-container\">\n\t\t\t\t\t\t\t\t\t<h3>\u00d6r\u00fcmcek A\u011f\u0131 Esteti\u011fi<\/h3>\t\t\t\t\t\t\t\t<\/div>\n\t\t\t\t<\/div>\n\t\t\t\t\t<\/div>\n\t\t<\/div>\n\t\t\t\t\t<\/div>\n\t\t<\/section>\n\t\t\t\t<section class=\"elementor-section elementor-top-section elementor-element elementor-element-2411b9b3 elementor-section-boxed elementor-section-height-default elementor-section-height-default\" data-id=\"2411b9b3\" data-element_type=\"section\">\n\t\t\t\t\t\t\t<div class=\"elementor-background-overlay\"><\/div>\n\t\t\t\t\t\t\t<div class=\"elementor-container elementor-column-gap-default\">\n\t\t\t\t\t<div class=\"elementor-column elementor-col-100 elementor-top-column elementor-element elementor-element-20891cfb\" data-id=\"20891cfb\" data-element_type=\"column\">\n\t\t\t<div class=\"elementor-widget-wrap elementor-element-populated\">\n\t\t\t\t\t\t<section class=\"elementor-section elementor-inner-section elementor-element elementor-element-1f14b997 elementor-section-boxed elementor-section-height-default elementor-section-height-default\" data-id=\"1f14b997\" data-element_type=\"section\">\n\t\t\t\t\t\t<div class=\"elementor-container elementor-column-gap-default\">\n\t\t\t\t\t<div class=\"elementor-column elementor-col-100 elementor-inner-column elementor-element elementor-element-324ca9eb animated-slow elementor-invisible\" data-id=\"324ca9eb\" data-element_type=\"column\" data-settings=\"{&quot;animation&quot;:&quot;fadeIn&quot;,&quot;animation_delay&quot;:200}\">\n\t\t\t<div class=\"elementor-widget-wrap elementor-element-populated\">\n\t\t\t\t\t\t<div class=\"elementor-element elementor-element-72057489 elementor-widget elementor-widget-text-editor\" data-id=\"72057489\" data-element_type=\"widget\" data-widget_type=\"text-editor.default\">\n\t\t\t\t<div class=\"elementor-widget-container\">\n\t\t\t\t\t\t\t\t\t<p>\u00d6r\u00fcmcek A\u011f\u0131 Esteti\u011fi, ameliyats\u0131z y\u00fcz germe y\u00f6ntemidir ve d\u00fcz veya k\u0131l\u00e7\u0131kl\u0131 ameliyat ipleri kullan\u0131r. Do\u011fadaki \u00f6r\u00fcmcek a\u011f\u0131 yap\u0131s\u0131ndan esinlenilen bu teknik, ya\u015fla birlikte ortaya \u00e7\u0131kan k\u0131r\u0131\u015f\u0131kl\u0131k, sarkma ve \u00e7izgilenme sorunlar\u0131na \u00e7\u00f6z\u00fcm sunar. Ad\u0131n\u0131, uygulaman\u0131n \u00f6r\u00fcmcek a\u011f\u0131ndaki do\u011fal estetikten ald\u0131\u011f\u0131 i\u00e7in ta\u015f\u0131r.<\/p>\n\t\t\t\t\t\t\t\t<\/div>\n\t\t\t\t<\/div>\n\t\t\t\t\t<\/div>\n\t\t<\/div>\n\t\t\t\t\t<\/div>\n\t\t<\/section>\n\t\t\t\t\t<\/div>\n\t\t<\/div>\n\t\t\t\t\t<\/div>\n\t\t<\/section>\n\t\t\t\t<section class=\"elementor-section elementor-top-section elementor-element elementor-element-728a90f2 elementor-section-full_width elementor-section-height-default elementor-section-height-default\" data-id=\"728a90f2\" data-element_type=\"section\">\n\t\t\t\t\t\t<div class=\"elementor-container elementor-column-gap-no\">\n\t\t\t\t\t<div class=\"elementor-column elementor-col-100 elementor-top-column elementor-element elementor-element-6fddfb2f\" data-id=\"6fddfb2f\" data-element_type=\"column\">\n\t\t\t<div class=\"elementor-widget-wrap\">\n\t\t\t\t\t\t\t<\/div>\n\t\t<\/div>\n\t\t\t\t\t<\/div>\n\t\t<\/section>\n\t\t\t\t<\/div>\n\t\t","protected":false},"excerpt":{"rendered":"<p>\u00d6r\u00fcmcek A\u011f\u0131 Esteti\u011fi \u00d6r\u00fcmcek A\u011f\u0131 Esteti\u011fi, ameliyats\u0131z y\u00fcz germe y\u00f6ntemidir ve d\u00fcz veya k\u0131l\u00e7\u0131kl\u0131 ameliyat ipleri kullan\u0131r. Do\u011fadaki \u00f6r\u00fcmcek a\u011f\u0131 yap\u0131s\u0131ndan esinlenilen bu teknik, ya\u015fla birlikte ortaya \u00e7\u0131kan k\u0131r\u0131\u015f\u0131kl\u0131k, sarkma ve \u00e7izgilenme sorunlar\u0131na \u00e7\u00f6z\u00fcm sunar. Ad\u0131n\u0131, uygulaman\u0131n \u00f6r\u00fcmcek a\u011f\u0131ndaki do\u011fal estetikten ald\u0131\u011f\u0131 i\u00e7in ta\u015f\u0131r.<\/p>\n","protected":false},"author":1,"featured_media":0,"parent":284,"menu_order":0,"comment_status":"closed","ping_status":"closed","template":"elementor_header_footer","meta":{"footnotes":""},"class_list":["post-2135","page","type-page","status-publish","hentry"],"_links":{"self":[{"href":"https:\/\/bilsonhealth.co.uk\/tr\/wp-json\/wp\/v2\/pages\/2135","targetHints":{"allow":["GET"]}}],"collection":[{"href":"https:\/\/bilsonhealth.co.uk\/tr\/wp-json\/wp\/v2\/pages"}],"about":[{"href":"https:\/\/bilsonhealth.co.uk\/tr\/wp-json\/wp\/v2\/types\/page"}],"author":[{"embeddable":true,"href":"https:\/\/bilsonhealth.co.uk\/tr\/wp-json\/wp\/v2\/users\/1"}],"replies":[{"embeddable":true,"href":"https:\/\/bilsonhealth.co.uk\/tr\/wp-json\/wp\/v2\/comments?post=2135"}],"version-history":[{"count":5,"href":"https:\/\/bilsonhealth.co.uk\/tr\/wp-json\/wp\/v2\/pages\/2135\/revisions"}],"predecessor-version":[{"id":2431,"href":"https:\/\/bilsonhealth.co.uk\/tr\/wp-json\/wp\/v2\/pages\/2135\/revisions\/2431"}],"up":[{"embeddable":true,"href":"https:\/\/bilsonhealth.co.uk\/tr\/wp-json\/wp\/v2\/pages\/284"}],"wp:attachment":[{"href":"https:\/\/bilsonhealth.co.uk\/tr\/wp-json\/wp\/v2\/media?parent=2135"}],"curies":[{"name":"wp","href":"https:\/\/api.w.org\/{rel}","templated":true}]}}