{"id":2,"date":"2022-04-13T12:44:40","date_gmt":"2022-04-13T09:44:40","guid":{"rendered":"http:\/\/bilsonhealthservices.co.uk\/?page_id=2"},"modified":"2025-11-28T11:36:25","modified_gmt":"2025-11-28T08:36:25","slug":"ana-sayfa","status":"publish","type":"page","link":"https:\/\/bilsonhealth.co.uk\/tr\/","title":{"rendered":"Ana Sayfa"},"content":{"rendered":"\t\t<div data-elementor-type=\"wp-page\" data-elementor-id=\"2\" class=\"elementor elementor-2\" data-elementor-post-type=\"page\">\n\t\t\t\t\t\t<section class=\"elementor-section elementor-top-section elementor-element elementor-element-ba296c6 elementor-section-height-min-height elementor-section-boxed elementor-section-height-default elementor-section-items-middle\" data-id=\"ba296c6\" data-element_type=\"section\" data-settings=\"{&quot;background_background&quot;:&quot;classic&quot;}\">\n\t\t\t\t\t\t\t<div class=\"elementor-background-overlay\"><\/div>\n\t\t\t\t\t\t\t<div class=\"elementor-container elementor-column-gap-default\">\n\t\t\t\t\t<div class=\"elementor-column elementor-col-100 elementor-top-column elementor-element elementor-element-4be837d\" data-id=\"4be837d\" data-element_type=\"column\" data-settings=\"{&quot;background_background&quot;:&quot;slideshow&quot;,&quot;background_slideshow_gallery&quot;:[{&quot;id&quot;:2310,&quot;url&quot;:&quot;https:\\\/\\\/bilsonhealth.co.uk\\\/wp-content\\\/uploads\\\/2023\\\/12\\\/slayt-23.jpg&quot;},{&quot;id&quot;:1494,&quot;url&quot;:&quot;https:\\\/\\\/bilsonhealth.co.uk\\\/wp-content\\\/uploads\\\/2022\\\/05\\\/slayt-21.jpg&quot;},{&quot;id&quot;:2306,&quot;url&quot;:&quot;https:\\\/\\\/bilsonhealth.co.uk\\\/wp-content\\\/uploads\\\/2023\\\/12\\\/slayt-13.jpg&quot;}],&quot;background_slideshow_ken_burns&quot;:&quot;yes&quot;,&quot;background_slideshow_loop&quot;:&quot;yes&quot;,&quot;background_slideshow_slide_duration&quot;:5000,&quot;background_slideshow_slide_transition&quot;:&quot;fade&quot;,&quot;background_slideshow_transition_duration&quot;:500,&quot;background_slideshow_ken_burns_zoom_direction&quot;:&quot;in&quot;}\">\n\t\t\t<div class=\"elementor-widget-wrap elementor-element-populated\">\n\t\t\t\t\t\t<section class=\"elementor-section elementor-inner-section elementor-element elementor-element-51bf434 elementor-section-height-min-height elementor-section-boxed elementor-section-height-default\" data-id=\"51bf434\" data-element_type=\"section\">\n\t\t\t\t\t\t\t<div class=\"elementor-background-overlay\"><\/div>\n\t\t\t\t\t\t\t<div class=\"elementor-container elementor-column-gap-default\">\n\t\t\t\t\t<div class=\"elementor-column elementor-col-50 elementor-inner-column elementor-element elementor-element-3503fff\" data-id=\"3503fff\" data-element_type=\"column\">\n\t\t\t<div class=\"elementor-widget-wrap elementor-element-populated\">\n\t\t\t\t\t\t<div class=\"elementor-element elementor-element-6993f8f elementor-widget__width-initial elementor-widget-mobile__width-auto elementor-widget elementor-widget-heading\" data-id=\"6993f8f\" data-element_type=\"widget\" data-widget_type=\"heading.default\">\n\t\t\t\t<div class=\"elementor-widget-container\">\n\t\t\t\t\t<h2 class=\"elementor-heading-title elementor-size-default\"><a href=\"https:\/\/bilsonhealth.co.uk\/aesthetic-applications\/dental-treatments\/\">Estetik Uygulamalar\u0131m\u0131z<\/a><\/h2>\t\t\t\t<\/div>\n\t\t\t\t<\/div>\n\t\t\t\t<div class=\"elementor-element elementor-element-9351d59 elementor-widget-divider--view-line elementor-widget elementor-widget-divider\" data-id=\"9351d59\" data-element_type=\"widget\" data-widget_type=\"divider.default\">\n\t\t\t\t<div class=\"elementor-widget-container\">\n\t\t\t\t\t\t\t<div class=\"elementor-divider\">\n\t\t\t<span class=\"elementor-divider-separator\">\n\t\t\t\t\t\t<\/span>\n\t\t<\/div>\n\t\t\t\t\t\t<\/div>\n\t\t\t\t<\/div>\n\t\t\t\t<div class=\"elementor-element elementor-element-a85f4aa elementor-widget__width-auto elementor-view-default elementor-widget elementor-widget-icon\" data-id=\"a85f4aa\" data-element_type=\"widget\" data-widget_type=\"icon.default\">\n\t\t\t\t<div class=\"elementor-widget-container\">\n\t\t\t\t\t\t\t<div class=\"elementor-icon-wrapper\">\n\t\t\t<div class=\"elementor-icon\">\n\t\t\t<i aria-hidden=\"true\" class=\"fas fa-user-md\"><\/i>\t\t\t<\/div>\n\t\t<\/div>\n\t\t\t\t\t\t<\/div>\n\t\t\t\t<\/div>\n\t\t\t\t<div class=\"elementor-element elementor-element-0673e87 elementor-widget__width-auto elementor-widget elementor-widget-heading\" data-id=\"0673e87\" data-element_type=\"widget\" data-widget_type=\"heading.default\">\n\t\t\t\t<div class=\"elementor-widget-container\">\n\t\t\t\t\t<h3 class=\"elementor-heading-title elementor-size-default\"><a href=\"https:\/\/bilsonhealth.co.uk\/tr\/estetik-uygulamalari\/dis-tedavileri\/\">Di\u015f Tedavileri<\/a><\/h3>\t\t\t\t<\/div>\n\t\t\t\t<\/div>\n\t\t\t\t<div class=\"elementor-element elementor-element-fc24caa elementor-widget-divider--view-line elementor-widget elementor-widget-divider\" data-id=\"fc24caa\" data-element_type=\"widget\" data-widget_type=\"divider.default\">\n\t\t\t\t<div class=\"elementor-widget-container\">\n\t\t\t\t\t\t\t<div class=\"elementor-divider\">\n\t\t\t<span class=\"elementor-divider-separator\">\n\t\t\t\t\t\t<\/span>\n\t\t<\/div>\n\t\t\t\t\t\t<\/div>\n\t\t\t\t<\/div>\n\t\t\t\t<div class=\"elementor-element elementor-element-3c2e618 elementor-widget__width-auto elementor-view-default elementor-widget elementor-widget-icon\" data-id=\"3c2e618\" data-element_type=\"widget\" data-widget_type=\"icon.default\">\n\t\t\t\t<div class=\"elementor-widget-container\">\n\t\t\t\t\t\t\t<div class=\"elementor-icon-wrapper\">\n\t\t\t<div class=\"elementor-icon\">\n\t\t\t<i aria-hidden=\"true\" class=\"fas fa-jedi\"><\/i>\t\t\t<\/div>\n\t\t<\/div>\n\t\t\t\t\t\t<\/div>\n\t\t\t\t<\/div>\n\t\t\t\t<div class=\"elementor-element elementor-element-8d46ce9 elementor-widget__width-auto elementor-widget elementor-widget-heading\" data-id=\"8d46ce9\" data-element_type=\"widget\" data-widget_type=\"heading.default\">\n\t\t\t\t<div class=\"elementor-widget-container\">\n\t\t\t\t\t<h3 class=\"elementor-heading-title elementor-size-default\"><a href=\"https:\/\/bilsonhealth.co.uk\/tr\/estetik-uygulamalari\/yuz-estetigi\/\">Y\u00fcz Esteti\u011fi<\/a><\/h3>\t\t\t\t<\/div>\n\t\t\t\t<\/div>\n\t\t\t\t<div class=\"elementor-element elementor-element-4f34f5f elementor-widget-divider--view-line elementor-widget elementor-widget-divider\" data-id=\"4f34f5f\" data-element_type=\"widget\" data-widget_type=\"divider.default\">\n\t\t\t\t<div class=\"elementor-widget-container\">\n\t\t\t\t\t\t\t<div class=\"elementor-divider\">\n\t\t\t<span class=\"elementor-divider-separator\">\n\t\t\t\t\t\t<\/span>\n\t\t<\/div>\n\t\t\t\t\t\t<\/div>\n\t\t\t\t<\/div>\n\t\t\t\t<div class=\"elementor-element elementor-element-c12d500 elementor-widget__width-auto elementor-view-default elementor-widget elementor-widget-icon\" data-id=\"c12d500\" data-element_type=\"widget\" data-widget_type=\"icon.default\">\n\t\t\t\t<div class=\"elementor-widget-container\">\n\t\t\t\t\t\t\t<div class=\"elementor-icon-wrapper\">\n\t\t\t<div class=\"elementor-icon\">\n\t\t\t<i aria-hidden=\"true\" class=\"fas fa-female\"><\/i>\t\t\t<\/div>\n\t\t<\/div>\n\t\t\t\t\t\t<\/div>\n\t\t\t\t<\/div>\n\t\t\t\t<div class=\"elementor-element elementor-element-216bf15 elementor-widget__width-auto elementor-widget elementor-widget-heading\" data-id=\"216bf15\" data-element_type=\"widget\" data-widget_type=\"heading.default\">\n\t\t\t\t<div class=\"elementor-widget-container\">\n\t\t\t\t\t<h3 class=\"elementor-heading-title elementor-size-default\"><a href=\"https:\/\/bilsonhealth.co.uk\/tr\/estetik-uygulamalari\/vucut-estetigi\/\">V\u00fccut Esteti\u011fi<\/a><\/h3>\t\t\t\t<\/div>\n\t\t\t\t<\/div>\n\t\t\t\t<div class=\"elementor-element elementor-element-c8016a5 elementor-widget-divider--view-line elementor-widget elementor-widget-divider\" data-id=\"c8016a5\" data-element_type=\"widget\" data-widget_type=\"divider.default\">\n\t\t\t\t<div class=\"elementor-widget-container\">\n\t\t\t\t\t\t\t<div class=\"elementor-divider\">\n\t\t\t<span class=\"elementor-divider-separator\">\n\t\t\t\t\t\t<\/span>\n\t\t<\/div>\n\t\t\t\t\t\t<\/div>\n\t\t\t\t<\/div>\n\t\t\t\t<div class=\"elementor-element elementor-element-f6aa083 elementor-widget__width-auto elementor-view-default elementor-widget elementor-widget-icon\" data-id=\"f6aa083\" data-element_type=\"widget\" data-widget_type=\"icon.default\">\n\t\t\t\t<div class=\"elementor-widget-container\">\n\t\t\t\t\t\t\t<div class=\"elementor-icon-wrapper\">\n\t\t\t<div class=\"elementor-icon\">\n\t\t\t<i aria-hidden=\"true\" class=\"fas fa-user-ninja\"><\/i>\t\t\t<\/div>\n\t\t<\/div>\n\t\t\t\t\t\t<\/div>\n\t\t\t\t<\/div>\n\t\t\t\t<div class=\"elementor-element elementor-element-9734215 elementor-widget__width-auto elementor-widget elementor-widget-heading\" data-id=\"9734215\" data-element_type=\"widget\" data-widget_type=\"heading.default\">\n\t\t\t\t<div class=\"elementor-widget-container\">\n\t\t\t\t\t<h3 class=\"elementor-heading-title elementor-size-default\"><a href=\"https:\/\/bilsonhealth.co.uk\/tr\/estetik-uygulamalari\/sac-ekimi\/\">Sa\u00e7 Ekimi<\/a><\/h3>\t\t\t\t<\/div>\n\t\t\t\t<\/div>\n\t\t\t\t\t<\/div>\n\t\t<\/div>\n\t\t\t\t<div class=\"elementor-column elementor-col-50 elementor-inner-column elementor-element elementor-element-891987d\" data-id=\"891987d\" data-element_type=\"column\">\n\t\t\t<div class=\"elementor-widget-wrap elementor-element-populated\">\n\t\t\t\t\t\t<div class=\"elementor-element elementor-element-6da1f6e elementor-widget elementor-widget-heading\" data-id=\"6da1f6e\" data-element_type=\"widget\" data-widget_type=\"heading.default\">\n\t\t\t\t<div class=\"elementor-widget-container\">\n\t\t\t\t\t<h2 class=\"elementor-heading-title elementor-size-default\">Sa\u011fl\u0131kla \u0130lgili T\u00fcm \u0130htiya\u00e7lar\u0131n\u0131z\u0131n  <\/br><strong>Her A\u015famas\u0131nda Yan\u0131n\u0131zday\u0131z<\/strong><\/h2>\t\t\t\t<\/div>\n\t\t\t\t<\/div>\n\t\t\t\t<div class=\"elementor-element elementor-element-9edb60f elementor-widget elementor-widget-text-editor\" data-id=\"9edb60f\" data-element_type=\"widget\" data-widget_type=\"text-editor.default\">\n\t\t\t\t<div class=\"elementor-widget-container\">\n\t\t\t\t\t\t\t\t\t<p><strong>Sa\u011fl\u0131kla \u0130lgili T\u00fcm \u0130htiya\u00e7lar\u0131n\u0131z\u0131n Her A\u015famas\u0131nda Yan\u0131n\u0131zday\u0131z:<\/strong><br \/>K\u00f6kl\u00fc ge\u00e7mi\u015fimiz ve engin tecr\u00fcbemizle yurtd\u0131\u015f\u0131nda ya\u015fayan hastalar\u0131m\u0131za kapsaml\u0131 sa\u011fl\u0131k turizmi hizmetleri sunuyoruz. T\u00fcrkiye&#8217;nin \u00f6nde gelen sa\u011fl\u0131k kurumlar\u0131 ve uzman sa\u011fl\u0131k profesyonelleriyle i\u015f birli\u011fi yap\u0131yor, hastalar\u0131m\u0131za en uygun tedavi s\u00fcre\u00e7lerini sa\u011flayarak her a\u015famada yanlar\u0131nda\u00a0oluyoruz.<\/p>\t\t\t\t\t\t\t\t<\/div>\n\t\t\t\t<\/div>\n\t\t\t\t\t<\/div>\n\t\t<\/div>\n\t\t\t\t\t<\/div>\n\t\t<\/section>\n\t\t\t\t\t<\/div>\n\t\t<\/div>\n\t\t\t\t\t<\/div>\n\t\t<\/section>\n\t\t\t\t<section class=\"elementor-section elementor-top-section elementor-element elementor-element-606285e elementor-hidden-desktop elementor-hidden-tablet elementor-hidden-mobile elementor-section-boxed elementor-section-height-default elementor-section-height-default\" data-id=\"606285e\" data-element_type=\"section\" data-settings=\"{&quot;background_background&quot;:&quot;slideshow&quot;,&quot;background_slideshow_gallery&quot;:[{&quot;id&quot;:2306,&quot;url&quot;:&quot;https:\\\/\\\/bilsonhealth.co.uk\\\/wp-content\\\/uploads\\\/2023\\\/12\\\/slayt-13.jpg&quot;},{&quot;id&quot;:2308,&quot;url&quot;:&quot;https:\\\/\\\/bilsonhealth.co.uk\\\/wp-content\\\/uploads\\\/2023\\\/12\\\/slayt-21.jpg&quot;},{&quot;id&quot;:2310,&quot;url&quot;:&quot;https:\\\/\\\/bilsonhealth.co.uk\\\/wp-content\\\/uploads\\\/2023\\\/12\\\/slayt-23.jpg&quot;}],&quot;background_slideshow_slide_duration&quot;:3000,&quot;background_slideshow_transition_duration&quot;:1500,&quot;background_slideshow_ken_burns&quot;:&quot;yes&quot;,&quot;background_slideshow_loop&quot;:&quot;yes&quot;,&quot;background_slideshow_slide_transition&quot;:&quot;fade&quot;,&quot;background_slideshow_ken_burns_zoom_direction&quot;:&quot;in&quot;}\">\n\t\t\t\t\t\t\t<div class=\"elementor-background-overlay\"><\/div>\n\t\t\t\t\t\t\t<div class=\"elementor-container elementor-column-gap-default\">\n\t\t\t\t\t<div class=\"elementor-column elementor-col-100 elementor-top-column elementor-element elementor-element-f9edc86\" data-id=\"f9edc86\" data-element_type=\"column\">\n\t\t\t<div class=\"elementor-widget-wrap elementor-element-populated\">\n\t\t\t\t\t\t<section class=\"elementor-section elementor-inner-section elementor-element elementor-element-751577d elementor-section-boxed elementor-section-height-default elementor-section-height-default\" data-id=\"751577d\" data-element_type=\"section\">\n\t\t\t\t\t\t<div class=\"elementor-container elementor-column-gap-default\">\n\t\t\t\t\t<div class=\"elementor-column elementor-col-50 elementor-inner-column elementor-element elementor-element-bebc8e6\" data-id=\"bebc8e6\" data-element_type=\"column\">\n\t\t\t<div class=\"elementor-widget-wrap elementor-element-populated\">\n\t\t\t\t\t\t<div class=\"elementor-element elementor-element-5d8cdd2 elementor-widget__width-initial elementor-widget-mobile__width-auto elementor-widget elementor-widget-heading\" data-id=\"5d8cdd2\" data-element_type=\"widget\" data-widget_type=\"heading.default\">\n\t\t\t\t<div class=\"elementor-widget-container\">\n\t\t\t\t\t<h2 class=\"elementor-heading-title elementor-size-default\"><a href=\"https:\/\/bilsonhealth.co.uk\/aesthetic-applications\/dental-treatments\/\">Estetik Uygulamalar\u0131m\u0131z<\/a><\/h2>\t\t\t\t<\/div>\n\t\t\t\t<\/div>\n\t\t\t\t<div class=\"elementor-element elementor-element-c8083e5 elementor-widget-divider--view-line elementor-widget elementor-widget-divider\" data-id=\"c8083e5\" data-element_type=\"widget\" data-widget_type=\"divider.default\">\n\t\t\t\t<div class=\"elementor-widget-container\">\n\t\t\t\t\t\t\t<div class=\"elementor-divider\">\n\t\t\t<span class=\"elementor-divider-separator\">\n\t\t\t\t\t\t<\/span>\n\t\t<\/div>\n\t\t\t\t\t\t<\/div>\n\t\t\t\t<\/div>\n\t\t\t\t<div class=\"elementor-element elementor-element-05f0512 elementor-widget__width-auto elementor-view-default elementor-widget elementor-widget-icon\" data-id=\"05f0512\" data-element_type=\"widget\" data-widget_type=\"icon.default\">\n\t\t\t\t<div class=\"elementor-widget-container\">\n\t\t\t\t\t\t\t<div class=\"elementor-icon-wrapper\">\n\t\t\t<div class=\"elementor-icon\">\n\t\t\t<i aria-hidden=\"true\" class=\"fas fa-user-md\"><\/i>\t\t\t<\/div>\n\t\t<\/div>\n\t\t\t\t\t\t<\/div>\n\t\t\t\t<\/div>\n\t\t\t\t<div class=\"elementor-element elementor-element-7b87c56 elementor-widget__width-auto elementor-widget elementor-widget-heading\" data-id=\"7b87c56\" data-element_type=\"widget\" data-widget_type=\"heading.default\">\n\t\t\t\t<div class=\"elementor-widget-container\">\n\t\t\t\t\t<h3 class=\"elementor-heading-title elementor-size-default\"><a href=\"https:\/\/bilsonhealth.co.uk\/tr\/estetik-uygulamalari\/dis-tedavileri\/\">Di\u015f Tedavileri<\/a><\/h3>\t\t\t\t<\/div>\n\t\t\t\t<\/div>\n\t\t\t\t<div class=\"elementor-element elementor-element-9ea17dc elementor-widget-divider--view-line elementor-widget elementor-widget-divider\" data-id=\"9ea17dc\" data-element_type=\"widget\" data-widget_type=\"divider.default\">\n\t\t\t\t<div class=\"elementor-widget-container\">\n\t\t\t\t\t\t\t<div class=\"elementor-divider\">\n\t\t\t<span class=\"elementor-divider-separator\">\n\t\t\t\t\t\t<\/span>\n\t\t<\/div>\n\t\t\t\t\t\t<\/div>\n\t\t\t\t<\/div>\n\t\t\t\t<div class=\"elementor-element elementor-element-21d7f98 elementor-widget__width-auto elementor-view-default elementor-widget elementor-widget-icon\" data-id=\"21d7f98\" data-element_type=\"widget\" data-widget_type=\"icon.default\">\n\t\t\t\t<div class=\"elementor-widget-container\">\n\t\t\t\t\t\t\t<div class=\"elementor-icon-wrapper\">\n\t\t\t<div class=\"elementor-icon\">\n\t\t\t<i aria-hidden=\"true\" class=\"fas fa-jedi\"><\/i>\t\t\t<\/div>\n\t\t<\/div>\n\t\t\t\t\t\t<\/div>\n\t\t\t\t<\/div>\n\t\t\t\t<div class=\"elementor-element elementor-element-2cc37f2 elementor-widget__width-auto elementor-widget elementor-widget-heading\" data-id=\"2cc37f2\" data-element_type=\"widget\" data-widget_type=\"heading.default\">\n\t\t\t\t<div class=\"elementor-widget-container\">\n\t\t\t\t\t<h3 class=\"elementor-heading-title elementor-size-default\"><a href=\"https:\/\/bilsonhealth.co.uk\/tr\/estetik-uygulamalari\/yuz-estetigi\/\">Y\u00fcz Esteti\u011fi<\/a><\/h3>\t\t\t\t<\/div>\n\t\t\t\t<\/div>\n\t\t\t\t<div class=\"elementor-element elementor-element-b182f37 elementor-widget-divider--view-line elementor-widget elementor-widget-divider\" data-id=\"b182f37\" data-element_type=\"widget\" data-widget_type=\"divider.default\">\n\t\t\t\t<div class=\"elementor-widget-container\">\n\t\t\t\t\t\t\t<div class=\"elementor-divider\">\n\t\t\t<span class=\"elementor-divider-separator\">\n\t\t\t\t\t\t<\/span>\n\t\t<\/div>\n\t\t\t\t\t\t<\/div>\n\t\t\t\t<\/div>\n\t\t\t\t<div class=\"elementor-element elementor-element-5e0bbf8 elementor-widget__width-auto elementor-view-default elementor-widget elementor-widget-icon\" data-id=\"5e0bbf8\" data-element_type=\"widget\" data-widget_type=\"icon.default\">\n\t\t\t\t<div class=\"elementor-widget-container\">\n\t\t\t\t\t\t\t<div class=\"elementor-icon-wrapper\">\n\t\t\t<div class=\"elementor-icon\">\n\t\t\t<i aria-hidden=\"true\" class=\"fas fa-female\"><\/i>\t\t\t<\/div>\n\t\t<\/div>\n\t\t\t\t\t\t<\/div>\n\t\t\t\t<\/div>\n\t\t\t\t<div class=\"elementor-element elementor-element-141c89f elementor-widget__width-auto elementor-widget elementor-widget-heading\" data-id=\"141c89f\" data-element_type=\"widget\" data-widget_type=\"heading.default\">\n\t\t\t\t<div class=\"elementor-widget-container\">\n\t\t\t\t\t<h3 class=\"elementor-heading-title elementor-size-default\"><a href=\"https:\/\/bilsonhealth.co.uk\/tr\/estetik-uygulamalari\/vucut-estetigi\/\">V\u00fccut Esteti\u011fi<\/a><\/h3>\t\t\t\t<\/div>\n\t\t\t\t<\/div>\n\t\t\t\t<div class=\"elementor-element elementor-element-4b32120 elementor-widget-divider--view-line elementor-widget elementor-widget-divider\" data-id=\"4b32120\" data-element_type=\"widget\" data-widget_type=\"divider.default\">\n\t\t\t\t<div class=\"elementor-widget-container\">\n\t\t\t\t\t\t\t<div class=\"elementor-divider\">\n\t\t\t<span class=\"elementor-divider-separator\">\n\t\t\t\t\t\t<\/span>\n\t\t<\/div>\n\t\t\t\t\t\t<\/div>\n\t\t\t\t<\/div>\n\t\t\t\t<div class=\"elementor-element elementor-element-8af119a elementor-widget__width-auto elementor-view-default elementor-widget elementor-widget-icon\" data-id=\"8af119a\" data-element_type=\"widget\" data-widget_type=\"icon.default\">\n\t\t\t\t<div class=\"elementor-widget-container\">\n\t\t\t\t\t\t\t<div class=\"elementor-icon-wrapper\">\n\t\t\t<div class=\"elementor-icon\">\n\t\t\t<i aria-hidden=\"true\" class=\"fas fa-user-ninja\"><\/i>\t\t\t<\/div>\n\t\t<\/div>\n\t\t\t\t\t\t<\/div>\n\t\t\t\t<\/div>\n\t\t\t\t<div class=\"elementor-element elementor-element-e28a7e4 elementor-widget__width-auto elementor-widget elementor-widget-heading\" data-id=\"e28a7e4\" data-element_type=\"widget\" data-widget_type=\"heading.default\">\n\t\t\t\t<div class=\"elementor-widget-container\">\n\t\t\t\t\t<h3 class=\"elementor-heading-title elementor-size-default\"><a href=\"https:\/\/bilsonhealth.co.uk\/tr\/estetik-uygulamalari\/sac-ekimi\/\">Sa\u00e7 Ekimi<\/a><\/h3>\t\t\t\t<\/div>\n\t\t\t\t<\/div>\n\t\t\t\t\t<\/div>\n\t\t<\/div>\n\t\t\t\t<div class=\"elementor-column elementor-col-50 elementor-inner-column elementor-element elementor-element-07511ed\" data-id=\"07511ed\" data-element_type=\"column\">\n\t\t\t<div class=\"elementor-widget-wrap elementor-element-populated\">\n\t\t\t\t\t\t<div class=\"elementor-element elementor-element-ac04349 elementor-widget elementor-widget-heading\" data-id=\"ac04349\" data-element_type=\"widget\" data-widget_type=\"heading.default\">\n\t\t\t\t<div class=\"elementor-widget-container\">\n\t\t\t\t\t<h2 class=\"elementor-heading-title elementor-size-default\">Sa\u011fl\u0131kla \u0130lgili T\u00fcm \u0130htiya\u00e7lar\u0131n\u0131z\u0131n  <\/br><strong>Her A\u015famas\u0131nda Yan\u0131n\u0131zday\u0131z<\/strong><\/h2>\t\t\t\t<\/div>\n\t\t\t\t<\/div>\n\t\t\t\t<div class=\"elementor-element elementor-element-6668a19 elementor-widget elementor-widget-text-editor\" data-id=\"6668a19\" data-element_type=\"widget\" data-widget_type=\"text-editor.default\">\n\t\t\t\t<div class=\"elementor-widget-container\">\n\t\t\t\t\t\t\t\t\t<p><strong>Sa\u011fl\u0131kla \u0130lgili T\u00fcm \u0130htiya\u00e7lar\u0131n\u0131z\u0131n Her A\u015famas\u0131nda Yan\u0131n\u0131zday\u0131z:<\/strong><br \/>K\u00f6kl\u00fc ge\u00e7mi\u015fimiz ve engin tecr\u00fcbemizle yurtd\u0131\u015f\u0131nda ya\u015fayan hastalar\u0131m\u0131za kapsaml\u0131 sa\u011fl\u0131k turizmi hizmetleri sunuyoruz. T\u00fcrkiye&#8217;nin \u00f6nde gelen sa\u011fl\u0131k kurumlar\u0131 ve uzman sa\u011fl\u0131k profesyonelleriyle i\u015f birli\u011fi yap\u0131yor, hastalar\u0131m\u0131za en uygun tedavi s\u00fcre\u00e7lerini sa\u011flayarak her a\u015famada yanlar\u0131nda\u00a0oluyoruz.<\/p>\t\t\t\t\t\t\t\t<\/div>\n\t\t\t\t<\/div>\n\t\t\t\t\t<\/div>\n\t\t<\/div>\n\t\t\t\t\t<\/div>\n\t\t<\/section>\n\t\t\t\t\t<\/div>\n\t\t<\/div>\n\t\t\t\t\t<\/div>\n\t\t<\/section>\n\t\t\t\t<\/div>\n\t\t","protected":false},"excerpt":{"rendered":"<p>Estetik Uygulamalar\u0131m\u0131z Di\u015f Tedavileri Y\u00fcz Esteti\u011fi V\u00fccut Esteti\u011fi Sa\u00e7 Ekimi Sa\u011fl\u0131kla \u0130lgili T\u00fcm \u0130htiya\u00e7lar\u0131n\u0131z\u0131n Her A\u015famas\u0131nda Yan\u0131n\u0131zday\u0131z Sa\u011fl\u0131kla \u0130lgili T\u00fcm \u0130htiya\u00e7lar\u0131n\u0131z\u0131n Her A\u015famas\u0131nda Yan\u0131n\u0131zday\u0131z:K\u00f6kl\u00fc ge\u00e7mi\u015fimiz ve engin tecr\u00fcbemizle yurtd\u0131\u015f\u0131nda ya\u015fayan hastalar\u0131m\u0131za kapsaml\u0131 sa\u011fl\u0131k turizmi hizmetleri sunuyoruz. T\u00fcrkiye&#8217;nin \u00f6nde gelen sa\u011fl\u0131k kurumlar\u0131 ve uzman sa\u011fl\u0131k profesyonelleriyle i\u015f birli\u011fi yap\u0131yor, hastalar\u0131m\u0131za en uygun tedavi s\u00fcre\u00e7lerini sa\u011flayarak her [&hellip;]<\/p>\n","protected":false},"author":1,"featured_media":0,"parent":0,"menu_order":0,"comment_status":"closed","ping_status":"open","template":"elementor_header_footer","meta":{"footnotes":""},"class_list":["post-2","page","type-page","status-publish","hentry"],"_links":{"self":[{"href":"https:\/\/bilsonhealth.co.uk\/tr\/wp-json\/wp\/v2\/pages\/2","targetHints":{"allow":["GET"]}}],"collection":[{"href":"https:\/\/bilsonhealth.co.uk\/tr\/wp-json\/wp\/v2\/pages"}],"about":[{"href":"https:\/\/bilsonhealth.co.uk\/tr\/wp-json\/wp\/v2\/types\/page"}],"author":[{"embeddable":true,"href":"https:\/\/bilsonhealth.co.uk\/tr\/wp-json\/wp\/v2\/users\/1"}],"replies":[{"embeddable":true,"href":"https:\/\/bilsonhealth.co.uk\/tr\/wp-json\/wp\/v2\/comments?post=2"}],"version-history":[{"count":244,"href":"https:\/\/bilsonhealth.co.uk\/tr\/wp-json\/wp\/v2\/pages\/2\/revisions"}],"predecessor-version":[{"id":3181,"href":"https:\/\/bilsonhealth.co.uk\/tr\/wp-json\/wp\/v2\/pages\/2\/revisions\/3181"}],"wp:attachment":[{"href":"https:\/\/bilsonhealth.co.uk\/tr\/wp-json\/wp\/v2\/media?parent=2"}],"curies":[{"name":"wp","href":"https:\/\/api.w.org\/{rel}","templated":true}]}}