{"id":117,"date":"2022-04-26T07:59:05","date_gmt":"2022-04-26T04:59:05","guid":{"rendered":"http:\/\/bilsonhealthservices.co.uk\/?page_id=117"},"modified":"2025-03-10T14:20:20","modified_gmt":"2025-03-10T11:20:20","slug":"hakkimizda","status":"publish","type":"page","link":"https:\/\/bilsonhealth.co.uk\/tr\/hakkimizda\/","title":{"rendered":"Hakk\u0131m\u0131zda"},"content":{"rendered":"\t\t<div data-elementor-type=\"wp-page\" data-elementor-id=\"117\" class=\"elementor elementor-117\" data-elementor-post-type=\"page\">\n\t\t\t\t\t\t<section class=\"elementor-section elementor-top-section elementor-element elementor-element-39d8f53e elementor-section-boxed elementor-section-height-default elementor-section-height-default\" data-id=\"39d8f53e\" data-element_type=\"section\">\n\t\t\t\t\t\t\t<div class=\"elementor-background-overlay\"><\/div>\n\t\t\t\t\t\t\t<div class=\"elementor-container elementor-column-gap-default\">\n\t\t\t\t\t<div class=\"elementor-column elementor-col-100 elementor-top-column elementor-element elementor-element-ce5252c\" data-id=\"ce5252c\" data-element_type=\"column\">\n\t\t\t<div class=\"elementor-widget-wrap elementor-element-populated\">\n\t\t\t\t\t\t<section class=\"elementor-section elementor-inner-section elementor-element elementor-element-1bff97dd elementor-section-boxed elementor-section-height-default elementor-section-height-default\" data-id=\"1bff97dd\" data-element_type=\"section\">\n\t\t\t\t\t\t<div class=\"elementor-container elementor-column-gap-default\">\n\t\t\t\t\t<div class=\"elementor-column elementor-col-100 elementor-inner-column elementor-element elementor-element-2d5df544 animated-slow elementor-invisible\" data-id=\"2d5df544\" data-element_type=\"column\" data-settings=\"{&quot;animation&quot;:&quot;fadeIn&quot;,&quot;animation_delay&quot;:200}\">\n\t\t\t<div class=\"elementor-widget-wrap elementor-element-populated\">\n\t\t\t\t\t\t<div class=\"elementor-element elementor-element-6ce38df elementor-widget elementor-widget-text-editor\" data-id=\"6ce38df\" data-element_type=\"widget\" data-widget_type=\"text-editor.default\">\n\t\t\t\t<div class=\"elementor-widget-container\">\n\t\t\t\t\t\t\t\t\t<h3><span style=\"color: #999999;\">Hakk\u0131m\u0131zda<\/span><\/h3>\t\t\t\t\t\t\t\t<\/div>\n\t\t\t\t<\/div>\n\t\t\t\t<div class=\"elementor-element elementor-element-58d5956f elementor-widget elementor-widget-text-editor\" data-id=\"58d5956f\" data-element_type=\"widget\" data-widget_type=\"text-editor.default\">\n\t\t\t\t<div class=\"elementor-widget-container\">\n\t\t\t\t\t\t\t\t\t<p><strong>31 Y\u0131ld\u0131r K\u00f6kl\u00fc Bir Sistem<\/strong><\/p><p>Bilson, Dr. H. Fehmi Yavuzer ve Dr. \u0130smail \u015eeker taraf\u0131ndan 1991 y\u0131l\u0131nda kuruldu. Bursa Setba\u015f\u0131\u2019nda; mamografi, \u00fc\u00e7 konvansiyonel r\u00f6ntgen cihaz\u0131, floroskopi \u00fcnitesi ve iki renkli Doppler ultrasonografi cihaz\u0131 ile hastalar\u0131n\u0131 a\u011f\u0131rlamaya ba\u015flam\u0131\u015ft\u0131r. Uzman doktor kadrosu ve profesyonel g\u00f6r\u00fcnt\u00fcleme cihazlar\u0131yla k\u0131sa s\u00fcrede marka de\u011ferini y\u00fckselterek daima g\u00fcvenilen ve tercih edilen bir sa\u011fl\u0131k merkezi olmu\u015ftur.<\/p><p>Y\u0131llar i\u00e7erisinde t\u0131p alan\u0131nda ya\u015fanan yenilikler, hastalar\u0131n modern d\u00fcnyadaki geli\u015fmeler do\u011frultusundaki istekleri Bilson\u2019u bamba\u015fka bir noktaya getirmi\u015ftir.<\/p><p><strong>Sa\u011fl\u0131k Turizmi \u0130le G\u00fcven Peki\u015ftiriyoruz <\/strong><\/p><p>Bilson Health Services, ge\u00e7mi\u015ften ald\u0131\u011f\u0131 k\u00f6klerle sa\u011fl\u0131k turizmi alan\u0131nda hizmet veren bir sa\u011fl\u0131k acentesidir. T\u00fcrkiye\u2019nin en yetkin sa\u011fl\u0131k kurumlar\u0131 ve deneyimli profesyonelleriyle i\u015f birli\u011fi yaparak, yurt d\u0131\u015f\u0131nda ya\u015fayan hastalar\u0131na ki\u015fiye \u00f6zel sa\u011fl\u0131k hizmetleri sunmaktad\u0131r. Bilson Health Services, hastalar\u0131n\u0131 do\u011fru doktorlar ve hastanelerle bulu\u015fturur, b\u00f6ylece her birinin ihtiya\u00e7lar\u0131na en uygun tedaviye y\u00f6nlendirilmesini sa\u011flar. VIP hizmet anlay\u0131\u015f\u0131yla, her ad\u0131mda m\u00fckemmel bir deneyim sunmay\u0131\u00a0ama\u00e7lar.<\/p><p><strong>\u00d6nde Gelen Bir Sa\u011fl\u0131k Kurulu\u015fu Olmaktan Gururluyuz!<\/strong><\/p><p>Bilson Health Services, T\u00fcrkiye\u2019de yer alan, profesyonel hekimleri ve sa\u011fl\u0131k \u00e7al\u0131\u015fanlar\u0131 ile koordinasyonlu \u00e7al\u0131\u015farak, yurt d\u0131\u015f\u0131nda sa\u011fl\u0131k turizmi i\u00e7in \u00fclkemizi tercih eden hastalar\u0131n havaliman\u0131 ve otel tranferinin de dahil oldu\u011fu sa\u011fl\u0131k hizmetinin her\u00a0 s\u00fcrecinde yan\u0131nda yer almaktad\u0131r.<\/p>\t\t\t\t\t\t\t\t<\/div>\n\t\t\t\t<\/div>\n\t\t\t\t\t<\/div>\n\t\t<\/div>\n\t\t\t\t\t<\/div>\n\t\t<\/section>\n\t\t\t\t\t<\/div>\n\t\t<\/div>\n\t\t\t\t\t<\/div>\n\t\t<\/section>\n\t\t\t\t<section class=\"elementor-section elementor-top-section elementor-element elementor-element-1663f31 elementor-section-boxed elementor-section-height-default elementor-section-height-default\" data-id=\"1663f31\" data-element_type=\"section\" id=\"nedenbilson\">\n\t\t\t\t\t\t\t<div class=\"elementor-background-overlay\"><\/div>\n\t\t\t\t\t\t\t<div class=\"elementor-container elementor-column-gap-default\">\n\t\t\t\t\t<div class=\"elementor-column elementor-col-100 elementor-top-column elementor-element elementor-element-c86ab6e\" data-id=\"c86ab6e\" data-element_type=\"column\">\n\t\t\t<div class=\"elementor-widget-wrap elementor-element-populated\">\n\t\t\t\t\t\t<section class=\"elementor-section elementor-inner-section elementor-element elementor-element-1fd5778 elementor-section-boxed elementor-section-height-default elementor-section-height-default\" data-id=\"1fd5778\" data-element_type=\"section\">\n\t\t\t\t\t\t<div class=\"elementor-container elementor-column-gap-default\">\n\t\t\t\t\t<div class=\"elementor-column elementor-col-100 elementor-inner-column elementor-element elementor-element-4ddf973\" data-id=\"4ddf973\" data-element_type=\"column\">\n\t\t\t<div class=\"elementor-widget-wrap elementor-element-populated\">\n\t\t\t\t\t\t<div class=\"elementor-element elementor-element-b807f3d elementor-widget elementor-widget-heading\" data-id=\"b807f3d\" data-element_type=\"widget\" data-widget_type=\"heading.default\">\n\t\t\t\t<div class=\"elementor-widget-container\">\n\t\t\t\t\t<h3 class=\"elementor-heading-title elementor-size-default\">Neden Bilson Health Services?<\/h3>\t\t\t\t<\/div>\n\t\t\t\t<\/div>\n\t\t\t\t\t<\/div>\n\t\t<\/div>\n\t\t\t\t\t<\/div>\n\t\t<\/section>\n\t\t\t\t<section class=\"elementor-section elementor-inner-section elementor-element elementor-element-63d99b4 elementor-section-boxed elementor-section-height-default elementor-section-height-default\" data-id=\"63d99b4\" data-element_type=\"section\">\n\t\t\t\t\t\t<div class=\"elementor-container elementor-column-gap-default\">\n\t\t\t\t\t<div class=\"elementor-column elementor-col-50 elementor-inner-column elementor-element elementor-element-ed21a3e elementor-invisible\" data-id=\"ed21a3e\" data-element_type=\"column\" data-settings=\"{&quot;animation&quot;:&quot;fadeIn&quot;}\">\n\t\t\t<div class=\"elementor-widget-wrap elementor-element-populated\">\n\t\t\t\t\t\t<div class=\"elementor-element elementor-element-50e620f elementor-widget elementor-widget-image\" data-id=\"50e620f\" data-element_type=\"widget\" data-widget_type=\"image.default\">\n\t\t\t\t<div class=\"elementor-widget-container\">\n\t\t\t\t\t\t\t\t\t\t\t\t\t\t\t<img fetchpriority=\"high\" decoding=\"async\" width=\"740\" height=\"251\" src=\"https:\/\/bilsonhealth.co.uk\/wp-content\/uploads\/2022\/04\/BILSON-LOGO.png\" class=\"attachment-large size-large wp-image-878\" alt=\"BILSON-LOGO\" srcset=\"https:\/\/bilsonhealth.co.uk\/wp-content\/uploads\/2022\/04\/BILSON-LOGO.png 740w, https:\/\/bilsonhealth.co.uk\/wp-content\/uploads\/2022\/04\/BILSON-LOGO-300x102.png 300w\" sizes=\"(max-width: 740px) 100vw, 740px\" \/>\t\t\t\t\t\t\t\t\t\t\t\t\t\t\t<\/div>\n\t\t\t\t<\/div>\n\t\t\t\t\t<\/div>\n\t\t<\/div>\n\t\t\t\t<div class=\"elementor-column elementor-col-50 elementor-inner-column elementor-element elementor-element-ecee035 elementor-invisible\" data-id=\"ecee035\" data-element_type=\"column\" data-settings=\"{&quot;animation&quot;:&quot;fadeIn&quot;,&quot;animation_delay&quot;:100}\">\n\t\t\t<div class=\"elementor-widget-wrap elementor-element-populated\">\n\t\t\t\t\t\t<div class=\"elementor-element elementor-element-9ac2a47 elementor-icon-list--layout-traditional elementor-list-item-link-full_width elementor-widget elementor-widget-icon-list\" data-id=\"9ac2a47\" data-element_type=\"widget\" data-widget_type=\"icon-list.default\">\n\t\t\t\t<div class=\"elementor-widget-container\">\n\t\t\t\t\t\t\t<ul class=\"elementor-icon-list-items\">\n\t\t\t\t\t\t\t<li class=\"elementor-icon-list-item\">\n\t\t\t\t\t\t\t\t\t\t\t<span class=\"elementor-icon-list-icon\">\n\t\t\t\t\t\t\t<i aria-hidden=\"true\" class=\"fas fa-check\"><\/i>\t\t\t\t\t\t<\/span>\n\t\t\t\t\t\t\t\t\t\t<span class=\"elementor-icon-list-text\">Odak noktam\u0131z\u0131n uluslararas\u0131 hastalar\u0131m\u0131za uygun fiyat, y\u00fcksek kaliteli sa\u011fl\u0131k prosed\u00fcr\u00fc sa\u011flamak oldu\u011fu i\u00e7in<\/span>\n\t\t\t\t\t\t\t\t\t<\/li>\n\t\t\t\t\t\t\t\t<li class=\"elementor-icon-list-item\">\n\t\t\t\t\t\t\t\t\t\t\t<span class=\"elementor-icon-list-icon\">\n\t\t\t\t\t\t\t<i aria-hidden=\"true\" class=\"fas fa-check\"><\/i>\t\t\t\t\t\t<\/span>\n\t\t\t\t\t\t\t\t\t\t<span class=\"elementor-icon-list-text\">T\u0131p alan\u0131nda son teknoloji medikal aletleri bulunan sa\u011fl\u0131k kurumlar\u0131 ile \u00e7al\u0131\u015ft\u0131\u011f\u0131m\u0131z i\u00e7in\u2026<\/span>\n\t\t\t\t\t\t\t\t\t<\/li>\n\t\t\t\t\t\t\t\t<li class=\"elementor-icon-list-item\">\n\t\t\t\t\t\t\t\t\t\t\t<span class=\"elementor-icon-list-icon\">\n\t\t\t\t\t\t\t<i aria-hidden=\"true\" class=\"fas fa-check\"><\/i>\t\t\t\t\t\t<\/span>\n\t\t\t\t\t\t\t\t\t\t<span class=\"elementor-icon-list-text\">Hastalar\u0131m\u0131za y\u00fcksek kaliteli tedavileri profesyonel sa\u011fl\u0131k ekibiyle birlikte daha uygun bir maliyetle sundu\u011fumuz i\u00e7in\u2026 <\/span>\n\t\t\t\t\t\t\t\t\t<\/li>\n\t\t\t\t\t\t\t\t<li class=\"elementor-icon-list-item\">\n\t\t\t\t\t\t\t\t\t\t\t<span class=\"elementor-icon-list-icon\">\n\t\t\t\t\t\t\t<i aria-hidden=\"true\" class=\"fas fa-check\"><\/i>\t\t\t\t\t\t<\/span>\n\t\t\t\t\t\t\t\t\t\t<span class=\"elementor-icon-list-text\">D\u00fcnyan\u0131n her b\u00f6lgesinde yer alan  hastalara \u00f6zel VIP sa\u011fl\u0131k hizmeti sundu\u011fumuz i\u00e7in\u2026 <\/span>\n\t\t\t\t\t\t\t\t\t<\/li>\n\t\t\t\t\t\t\t\t<li class=\"elementor-icon-list-item\">\n\t\t\t\t\t\t\t\t\t\t\t<span class=\"elementor-icon-list-icon\">\n\t\t\t\t\t\t\t<i aria-hidden=\"true\" class=\"fas fa-check\"><\/i>\t\t\t\t\t\t<\/span>\n\t\t\t\t\t\t\t\t\t\t<span class=\"elementor-icon-list-text\">T\u00fcrkiye\u2019nin en k\u00f6kl\u00fc sa\u011fl\u0131k kurumunun profesyonel bir kolu oldu\u011fumuz i\u00e7in\u2026<\/span>\n\t\t\t\t\t\t\t\t\t<\/li>\n\t\t\t\t\t\t\t\t<li class=\"elementor-icon-list-item\">\n\t\t\t\t\t\t\t\t\t\t\t<span class=\"elementor-icon-list-icon\">\n\t\t\t\t\t\t\t<i aria-hidden=\"true\" class=\"fas fa-check\"><\/i>\t\t\t\t\t\t<\/span>\n\t\t\t\t\t\t\t\t\t\t<span class=\"elementor-icon-list-text\">Uzman hasta dan\u0131\u015fmanlar\u0131m\u0131z ile VIP bir hizmet anlay\u0131\u015f\u0131 sundu\u011fumuz i\u00e7in\u2026 <\/span>\n\t\t\t\t\t\t\t\t\t<\/li>\n\t\t\t\t\t\t\t\t<li class=\"elementor-icon-list-item\">\n\t\t\t\t\t\t\t\t\t\t\t<span class=\"elementor-icon-list-icon\">\n\t\t\t\t\t\t\t<i aria-hidden=\"true\" class=\"fas fa-check\"><\/i>\t\t\t\t\t\t<\/span>\n\t\t\t\t\t\t\t\t\t\t<span class=\"elementor-icon-list-text\">\u0130\u015flem \u00f6ncesinde, s\u0131ras\u0131nda ve sonras\u0131nda hastalar\u0131m\u0131zla aktif bir \u015fekilde ilgilendi\u011fimiz i\u00e7in\u2026 <\/span>\n\t\t\t\t\t\t\t\t\t<\/li>\n\t\t\t\t\t\t\t\t<li class=\"elementor-icon-list-item\">\n\t\t\t\t\t\t\t\t\t\t\t<span class=\"elementor-icon-list-icon\">\n\t\t\t\t\t\t\t<i aria-hidden=\"true\" class=\"fas fa-check\"><\/i>\t\t\t\t\t\t<\/span>\n\t\t\t\t\t\t\t\t\t\t<span class=\"elementor-icon-list-text\">T\u00fcm sa\u011fl\u0131k kurumlar\u0131m\u0131z T\u00fcrkiye Sa\u011fl\u0131k Bakanl\u0131\u011f\u0131 taraf\u0131ndan tam lisansl\u0131 oldu\u011fu i\u00e7in\u2026 <\/span>\n\t\t\t\t\t\t\t\t\t<\/li>\n\t\t\t\t\t\t<\/ul>\n\t\t\t\t\t\t<\/div>\n\t\t\t\t<\/div>\n\t\t\t\t\t<\/div>\n\t\t<\/div>\n\t\t\t\t\t<\/div>\n\t\t<\/section>\n\t\t\t\t\t<\/div>\n\t\t<\/div>\n\t\t\t\t\t<\/div>\n\t\t<\/section>\n\t\t\t\t<section class=\"elementor-section elementor-top-section elementor-element elementor-element-2995e69 elementor-section-boxed elementor-section-height-default elementor-section-height-default\" data-id=\"2995e69\" data-element_type=\"section\" data-settings=\"{&quot;background_background&quot;:&quot;classic&quot;}\">\n\t\t\t\t\t\t\t<div class=\"elementor-background-overlay\"><\/div>\n\t\t\t\t\t\t\t<div class=\"elementor-container elementor-column-gap-default\">\n\t\t\t\t\t<div class=\"elementor-column elementor-col-100 elementor-top-column elementor-element elementor-element-4a375edd\" data-id=\"4a375edd\" data-element_type=\"column\">\n\t\t\t<div class=\"elementor-widget-wrap elementor-element-populated\">\n\t\t\t\t\t\t<section class=\"elementor-section elementor-inner-section elementor-element elementor-element-53a9c55b elementor-section-boxed elementor-section-height-default elementor-section-height-default\" data-id=\"53a9c55b\" data-element_type=\"section\">\n\t\t\t\t\t\t<div class=\"elementor-container elementor-column-gap-default\">\n\t\t\t\t\t<div class=\"elementor-column elementor-col-33 elementor-inner-column elementor-element elementor-element-120387fc\" data-id=\"120387fc\" data-element_type=\"column\">\n\t\t\t<div class=\"elementor-widget-wrap elementor-element-populated\">\n\t\t\t\t\t\t<div class=\"elementor-element elementor-element-3336fd41 elementor-view-stacked elementor-shape-circle elementor-widget elementor-widget-icon\" data-id=\"3336fd41\" data-element_type=\"widget\" data-widget_type=\"icon.default\">\n\t\t\t\t<div class=\"elementor-widget-container\">\n\t\t\t\t\t\t\t<div class=\"elementor-icon-wrapper\">\n\t\t\t<div class=\"elementor-icon\">\n\t\t\t<i aria-hidden=\"true\" class=\"fas fa-user-md\"><\/i>\t\t\t<\/div>\n\t\t<\/div>\n\t\t\t\t\t\t<\/div>\n\t\t\t\t<\/div>\n\t\t\t\t<div class=\"elementor-element elementor-element-e6953f5 elementor-widget elementor-widget-heading\" data-id=\"e6953f5\" data-element_type=\"widget\" data-widget_type=\"heading.default\">\n\t\t\t\t<div class=\"elementor-widget-container\">\n\t\t\t\t\t<h5 class=\"elementor-heading-title elementor-size-default\">100+<\/h5>\t\t\t\t<\/div>\n\t\t\t\t<\/div>\n\t\t\t\t<div class=\"elementor-element elementor-element-656f8cf9 elementor-widget elementor-widget-heading\" data-id=\"656f8cf9\" data-element_type=\"widget\" data-widget_type=\"heading.default\">\n\t\t\t\t<div class=\"elementor-widget-container\">\n\t\t\t\t\t<h6 class=\"elementor-heading-title elementor-size-default\">Uluslararas\u0131 Akredite Doktorlar<\/h6>\t\t\t\t<\/div>\n\t\t\t\t<\/div>\n\t\t\t\t\t<\/div>\n\t\t<\/div>\n\t\t\t\t<div class=\"elementor-column elementor-col-33 elementor-inner-column elementor-element elementor-element-63878b45\" data-id=\"63878b45\" data-element_type=\"column\">\n\t\t\t<div class=\"elementor-widget-wrap elementor-element-populated\">\n\t\t\t\t\t\t<div class=\"elementor-element elementor-element-268a8cda elementor-view-stacked elementor-shape-circle elementor-widget elementor-widget-icon\" data-id=\"268a8cda\" data-element_type=\"widget\" data-widget_type=\"icon.default\">\n\t\t\t\t<div class=\"elementor-widget-container\">\n\t\t\t\t\t\t\t<div class=\"elementor-icon-wrapper\">\n\t\t\t<div class=\"elementor-icon\">\n\t\t\t<i aria-hidden=\"true\" class=\"fas fa-thumbs-up\"><\/i>\t\t\t<\/div>\n\t\t<\/div>\n\t\t\t\t\t\t<\/div>\n\t\t\t\t<\/div>\n\t\t\t\t<div class=\"elementor-element elementor-element-69648ac elementor-widget elementor-widget-heading\" data-id=\"69648ac\" data-element_type=\"widget\" data-widget_type=\"heading.default\">\n\t\t\t\t<div class=\"elementor-widget-container\">\n\t\t\t\t\t<h5 class=\"elementor-heading-title elementor-size-default\">99%<\/h5>\t\t\t\t<\/div>\n\t\t\t\t<\/div>\n\t\t\t\t<div class=\"elementor-element elementor-element-7d9fd682 elementor-widget elementor-widget-heading\" data-id=\"7d9fd682\" data-element_type=\"widget\" data-widget_type=\"heading.default\">\n\t\t\t\t<div class=\"elementor-widget-container\">\n\t\t\t\t\t<h6 class=\"elementor-heading-title elementor-size-default\">M\u00fc\u015fteri Memnuniyeti<\/h6>\t\t\t\t<\/div>\n\t\t\t\t<\/div>\n\t\t\t\t\t<\/div>\n\t\t<\/div>\n\t\t\t\t<div class=\"elementor-column elementor-col-33 elementor-inner-column elementor-element elementor-element-11cfa91b\" data-id=\"11cfa91b\" data-element_type=\"column\">\n\t\t\t<div class=\"elementor-widget-wrap elementor-element-populated\">\n\t\t\t\t\t\t<div class=\"elementor-element elementor-element-7975f892 elementor-view-stacked elementor-shape-circle elementor-widget elementor-widget-icon\" data-id=\"7975f892\" data-element_type=\"widget\" data-widget_type=\"icon.default\">\n\t\t\t\t<div class=\"elementor-widget-container\">\n\t\t\t\t\t\t\t<div class=\"elementor-icon-wrapper\">\n\t\t\t<div class=\"elementor-icon\">\n\t\t\t<i aria-hidden=\"true\" class=\"fas fa-award\"><\/i>\t\t\t<\/div>\n\t\t<\/div>\n\t\t\t\t\t\t<\/div>\n\t\t\t\t<\/div>\n\t\t\t\t<div class=\"elementor-element elementor-element-55724c60 elementor-widget elementor-widget-heading\" data-id=\"55724c60\" data-element_type=\"widget\" data-widget_type=\"heading.default\">\n\t\t\t\t<div class=\"elementor-widget-container\">\n\t\t\t\t\t<h5 class=\"elementor-heading-title elementor-size-default\">80+<\/h5>\t\t\t\t<\/div>\n\t\t\t\t<\/div>\n\t\t\t\t<div class=\"elementor-element elementor-element-695eead8 elementor-widget elementor-widget-heading\" data-id=\"695eead8\" data-element_type=\"widget\" data-widget_type=\"heading.default\">\n\t\t\t\t<div class=\"elementor-widget-container\">\n\t\t\t\t\t<h6 class=\"elementor-heading-title elementor-size-default\">\u00d6d\u00fcl - Sertifika<\/h6>\t\t\t\t<\/div>\n\t\t\t\t<\/div>\n\t\t\t\t\t<\/div>\n\t\t<\/div>\n\t\t\t\t\t<\/div>\n\t\t<\/section>\n\t\t\t\t\t<\/div>\n\t\t<\/div>\n\t\t\t\t\t<\/div>\n\t\t<\/section>\n\t\t\t\t<section class=\"elementor-section elementor-top-section elementor-element elementor-element-267c17d5 elementor-section-full_width elementor-section-height-default elementor-section-height-default\" data-id=\"267c17d5\" data-element_type=\"section\">\n\t\t\t\t\t\t<div class=\"elementor-container elementor-column-gap-no\">\n\t\t\t\t\t<div class=\"elementor-column elementor-col-100 elementor-top-column elementor-element elementor-element-675cb5db\" data-id=\"675cb5db\" data-element_type=\"column\">\n\t\t\t<div class=\"elementor-widget-wrap\">\n\t\t\t\t\t\t\t<\/div>\n\t\t<\/div>\n\t\t\t\t\t<\/div>\n\t\t<\/section>\n\t\t\t\t<\/div>\n\t\t","protected":false},"excerpt":{"rendered":"<p>Hakk\u0131m\u0131zda 31 Y\u0131ld\u0131r K\u00f6kl\u00fc Bir Sistem Bilson, Dr. H. Fehmi Yavuzer ve Dr. \u0130smail \u015eeker taraf\u0131ndan 1991 y\u0131l\u0131nda kuruldu. Bursa Setba\u015f\u0131\u2019nda; mamografi, \u00fc\u00e7 konvansiyonel r\u00f6ntgen cihaz\u0131, floroskopi \u00fcnitesi ve iki renkli Doppler ultrasonografi cihaz\u0131 ile hastalar\u0131n\u0131 a\u011f\u0131rlamaya ba\u015flam\u0131\u015ft\u0131r. Uzman doktor kadrosu ve profesyonel g\u00f6r\u00fcnt\u00fcleme cihazlar\u0131yla k\u0131sa s\u00fcrede marka de\u011ferini y\u00fckselterek daima g\u00fcvenilen ve tercih edilen [&hellip;]<\/p>\n","protected":false},"author":1,"featured_media":0,"parent":0,"menu_order":0,"comment_status":"closed","ping_status":"closed","template":"elementor_header_footer","meta":{"footnotes":""},"class_list":["post-117","page","type-page","status-publish","hentry"],"_links":{"self":[{"href":"https:\/\/bilsonhealth.co.uk\/tr\/wp-json\/wp\/v2\/pages\/117","targetHints":{"allow":["GET"]}}],"collection":[{"href":"https:\/\/bilsonhealth.co.uk\/tr\/wp-json\/wp\/v2\/pages"}],"about":[{"href":"https:\/\/bilsonhealth.co.uk\/tr\/wp-json\/wp\/v2\/types\/page"}],"author":[{"embeddable":true,"href":"https:\/\/bilsonhealth.co.uk\/tr\/wp-json\/wp\/v2\/users\/1"}],"replies":[{"embeddable":true,"href":"https:\/\/bilsonhealth.co.uk\/tr\/wp-json\/wp\/v2\/comments?post=117"}],"version-history":[{"count":124,"href":"https:\/\/bilsonhealth.co.uk\/tr\/wp-json\/wp\/v2\/pages\/117\/revisions"}],"predecessor-version":[{"id":2774,"href":"https:\/\/bilsonhealth.co.uk\/tr\/wp-json\/wp\/v2\/pages\/117\/revisions\/2774"}],"wp:attachment":[{"href":"https:\/\/bilsonhealth.co.uk\/tr\/wp-json\/wp\/v2\/media?parent=117"}],"curies":[{"name":"wp","href":"https:\/\/api.w.org\/{rel}","templated":true}]}}